{"id":21789,"date":"2025-07-29T11:25:39","date_gmt":"2025-07-29T11:25:39","guid":{"rendered":"https:\/\/seecon.de\/?page_id=21789"},"modified":"2025-10-01T06:53:11","modified_gmt":"2025-10-01T06:53:11","slug":"siera-alliance","status":"publish","type":"page","link":"https:\/\/seecon.de\/en\/siera-alliance\/","title":{"rendered":"SIERA Allianz"},"content":{"rendered":"<div data-elementor-type=\"wp-page\" data-elementor-id=\"21789\" class=\"elementor elementor-21789\" data-elementor-post-type=\"page\">\n\t\t\t\t<div class=\"elementor-element elementor-element-5d753243 e-con-full e-flex e-con e-parent\" data-id=\"5d753243\" data-element_type=\"container\">\n\t\t<div class=\"elementor-element elementor-element-279a82c1 e-con-full e-flex e-con e-child\" data-id=\"279a82c1\" data-element_type=\"container\">\n\t\t\t\t<div class=\"elementor-element elementor-element-43036b29 section-title elementor-invisible elementor-widget elementor-widget-wd_text_block\" data-id=\"43036b29\" data-element_type=\"widget\" data-settings=\"{&quot;_animation&quot;:&quot;fadeInUp&quot;}\" data-widget_type=\"wd_text_block.default\">\n\t\t\t\t<div class=\"elementor-widget-container\">\n\t\t\t\t\t\t\t<div class=\"wd-text-block reset-last-child text-left\">\n\t\t\t\n\t\t\t<h2 style=\"color: #38344d; text-align: center;\"><span class=\"#boxfirst #boxnormal\">About<\/span> SIERA <span class=\"color-primary\">Allianz<\/span><\/h2>\n\t\t\t\t\t<\/div>\n\t\t\t\t\t\t<\/div>\n\t\t\t\t<\/div>\n\t\t\t\t<div class=\"elementor-element elementor-element-3f526c77 color-scheme-inherit text-left elementor-widget elementor-widget-text-editor\" data-id=\"3f526c77\" data-element_type=\"widget\" data-widget_type=\"text-editor.default\">\n\t\t\t\t<div class=\"elementor-widget-container\">\n\t\t\t\t\t\t\t\t\t<p><strong>SIERA Allianz<\/strong> is an association of leading companies specialising in environmental engineering. Together, we are committed to tackling global challenges with sustainable solutions, innovative technology and impact-orientated projects.<br \/>Our experts design, realise and manage projects that create long-term positive change. Our range of services addresses three key global challenges: climate change, ecological destruction and social inequality.<\/p><p>Our environmental engineers identify challenges, recognise opportunities and deliver sustainable solutions. It's not just about finding solutions - it's about fixing the mistakes of the past: repairing what's broken, restoring what's lost and bringing ecosystems back into natural balance.<\/p><p>Through innovative engineering, advanced technologies and impactful projects, we help our customers create a better, more sustainable future.<\/p>\t\t\t\t\t\t\t\t<\/div>\n\t\t\t\t<\/div>\n\t\t\t\t<div class=\"elementor-element elementor-element-2109056d elementor-widget elementor-widget-button\" data-id=\"2109056d\" data-element_type=\"widget\" data-widget_type=\"button.default\">\n\t\t\t\t<div class=\"elementor-widget-container\">\n\t\t\t\t\t\t\t\t\t<div class=\"elementor-button-wrapper\">\n\t\t\t\t\t<a class=\"elementor-button elementor-button-link elementor-size-sm\" href=\"https:\/\/siera-alliance.com\/\">\n\t\t\t\t\t\t<span class=\"elementor-button-content-wrapper\">\n\t\t\t\t\t\t<span class=\"elementor-button-icon\">\n\t\t\t\t<i aria-hidden=\"true\" class=\"fas fa-external-link-alt\"><\/i>\t\t\t<\/span>\n\t\t\t\t\t\t\t\t\t<span class=\"elementor-button-text\">Learn more<\/span>\n\t\t\t\t\t<\/span>\n\t\t\t\t\t<\/a>\n\t\t\t\t<\/div>\n\t\t\t\t\t\t\t\t<\/div>\n\t\t\t\t<\/div>\n\t\t\t\t<\/div>\n\t\t<div class=\"elementor-element elementor-element-fa5b3a2 e-con-full e-flex e-con e-child\" data-id=\"fa5b3a2\" data-element_type=\"container\">\n\t\t\t\t<div class=\"elementor-element elementor-element-6c755ed4 elementor-widget__width-initial elementor-widget elementor-widget-image\" data-id=\"6c755ed4\" data-element_type=\"widget\" data-widget_type=\"image.default\">\n\t\t\t\t<div class=\"elementor-widget-container\">\n\t\t\t\t\t\t\t\t\t\t\t\t\t\t\t<img fetchpriority=\"high\" decoding=\"async\" width=\"1024\" height=\"492\" src=\"https:\/\/seecon.de\/wp-content\/uploads\/2025\/07\/Corporate-Sustainability-Blog-Posts-1-1024x492.webp\" class=\"attachment-large size-large wp-image-21792\" alt=\"\" srcset=\"https:\/\/seecon.de\/wp-content\/uploads\/2025\/07\/Corporate-Sustainability-Blog-Posts-1-1024x492.webp 1024w, https:\/\/seecon.de\/wp-content\/uploads\/2025\/07\/Corporate-Sustainability-Blog-Posts-1-300x144.webp 300w, https:\/\/seecon.de\/wp-content\/uploads\/2025\/07\/Corporate-Sustainability-Blog-Posts-1-768x369.webp 768w, https:\/\/seecon.de\/wp-content\/uploads\/2025\/07\/Corporate-Sustainability-Blog-Posts-1-18x9.webp 18w, https:\/\/seecon.de\/wp-content\/uploads\/2025\/07\/Corporate-Sustainability-Blog-Posts-1-600x288.webp 600w, https:\/\/seecon.de\/wp-content\/uploads\/2025\/07\/Corporate-Sustainability-Blog-Posts-1-150x72.webp 150w, https:\/\/seecon.de\/wp-content\/uploads\/2025\/07\/Corporate-Sustainability-Blog-Posts-1.webp 1250w\" sizes=\"(max-width: 1024px) 100vw, 1024px\" \/>\t\t\t\t\t\t\t\t\t\t\t\t\t\t\t<\/div>\n\t\t\t\t<\/div>\n\t\t\t\t<div class=\"elementor-element elementor-element-585f7dc4 elementor-widget__width-initial elementor-absolute elementor-widget elementor-widget-image\" data-id=\"585f7dc4\" data-element_type=\"widget\" data-settings=\"{&quot;_position&quot;:&quot;absolute&quot;}\" data-widget_type=\"image.default\">\n\t\t\t\t<div class=\"elementor-widget-container\">\n\t\t\t\t\t\t\t\t\t\t\t\t\t\t\t<img decoding=\"async\" width=\"1024\" height=\"683\" src=\"https:\/\/seecon.de\/wp-content\/uploads\/2025\/07\/realistic-water-drop-with-ecosystem-scaled-1-1024x683.jpg\" class=\"attachment-large size-large wp-image-21793\" alt=\"\" srcset=\"https:\/\/seecon.de\/wp-content\/uploads\/2025\/07\/realistic-water-drop-with-ecosystem-scaled-1-1024x683.jpg 1024w, https:\/\/seecon.de\/wp-content\/uploads\/2025\/07\/realistic-water-drop-with-ecosystem-scaled-1-300x200.jpg 300w, https:\/\/seecon.de\/wp-content\/uploads\/2025\/07\/realistic-water-drop-with-ecosystem-scaled-1-768x512.jpg 768w, https:\/\/seecon.de\/wp-content\/uploads\/2025\/07\/realistic-water-drop-with-ecosystem-scaled-1-18x12.jpg 18w, https:\/\/seecon.de\/wp-content\/uploads\/2025\/07\/realistic-water-drop-with-ecosystem-scaled-1-600x400.jpg 600w, https:\/\/seecon.de\/wp-content\/uploads\/2025\/07\/realistic-water-drop-with-ecosystem-scaled-1-150x100.jpg 150w, https:\/\/seecon.de\/wp-content\/uploads\/2025\/07\/realistic-water-drop-with-ecosystem-scaled-1.jpg 1350w\" sizes=\"(max-width: 1024px) 100vw, 1024px\" \/>\t\t\t\t\t\t\t\t\t\t\t\t\t\t\t<\/div>\n\t\t\t\t<\/div>\n\t\t\t\t<\/div>\n\t\t\t\t<\/div>\n\t\t<div class=\"elementor-element elementor-element-569e7fde e-con-full e-flex e-con e-parent\" data-id=\"569e7fde\" data-element_type=\"container\">\n\t\t\t\t<div class=\"elementor-element elementor-element-4b2565c7 elementor-widget elementor-widget-heading\" data-id=\"4b2565c7\" data-element_type=\"widget\" data-widget_type=\"heading.default\">\n\t\t\t\t<div class=\"elementor-widget-container\">\n\t\t\t\t\t<h3 class=\"elementor-heading-title elementor-size-default\">SIERA Allianz \u2013 Engineering for a Better Tomorrow<\/h3>\t\t\t\t<\/div>\n\t\t\t\t<\/div>\n\t\t\t\t<\/div>\n\t\t<div class=\"elementor-element elementor-element-6ab9a7b8 e-con-full e-flex e-con e-parent\" data-id=\"6ab9a7b8\" data-element_type=\"container\">\n\t\t\t\t<div class=\"elementor-element elementor-element-1a793cd section-title elementor-invisible elementor-widget elementor-widget-wd_text_block\" data-id=\"1a793cd\" data-element_type=\"widget\" data-settings=\"{&quot;_animation&quot;:&quot;fadeInUp&quot;}\" data-widget_type=\"wd_text_block.default\">\n\t\t\t\t<div class=\"elementor-widget-container\">\n\t\t\t\t\t\t\t<div class=\"wd-text-block reset-last-child text-left\">\n\t\t\t\n\t\t\t<h2 style=\"color: #38344d; text-align: center;\"><span class=\"#boxfirst #boxnormal\">O<\/span>ur <span class=\"color-primary\">Values<\/span><\/h2>\n\t\t\t\t\t<\/div>\n\t\t\t\t\t\t<\/div>\n\t\t\t\t<\/div>\n\t\t<div class=\"elementor-element elementor-element-4bc74dee e-con-full e-flex e-con e-child\" data-id=\"4bc74dee\" data-element_type=\"container\">\n\t\t\t\t<div class=\"elementor-element elementor-element-694c9737 elementor-widget__width-initial elementor-widget elementor-widget-icon-box\" data-id=\"694c9737\" data-element_type=\"widget\" data-widget_type=\"icon-box.default\">\n\t\t\t\t<div class=\"elementor-widget-container\">\n\t\t\t\t\t\t\t<div class=\"elementor-icon-box-wrapper\">\n\n\t\t\t\n\t\t\t\t\t\t<div class=\"elementor-icon-box-content\">\n\n\t\t\t\t\t\t\t\t\t<h3 class=\"elementor-icon-box-title\">\n\t\t\t\t\t\t<span>\n\t\t\t\t\t\t\tIntegrity \t\t\t\t\t\t<\/span>\n\t\t\t\t\t<\/h3>\n\t\t\t\t\n\t\t\t\t\t\t\t\t\t<p class=\"elementor-icon-box-description\">\n\t\t\t\t\t\tEthical, honest and responsible behaviour in everything we do.\t\t\t\t\t<\/p>\n\t\t\t\t\n\t\t\t<\/div>\n\t\t\t\n\t\t<\/div>\n\t\t\t\t\t\t<\/div>\n\t\t\t\t<\/div>\n\t\t\t\t<div class=\"elementor-element elementor-element-24d24729 elementor-widget__width-initial elementor-widget elementor-widget-icon-box\" data-id=\"24d24729\" data-element_type=\"widget\" data-widget_type=\"icon-box.default\">\n\t\t\t\t<div class=\"elementor-widget-container\">\n\t\t\t\t\t\t\t<div class=\"elementor-icon-box-wrapper\">\n\n\t\t\t\n\t\t\t\t\t\t<div class=\"elementor-icon-box-content\">\n\n\t\t\t\t\t\t\t\t\t<h3 class=\"elementor-icon-box-title\">\n\t\t\t\t\t\t<span>\n\t\t\t\t\t\t\tDiversity\t\t\t\t\t\t<\/span>\n\t\t\t\t\t<\/h3>\n\t\t\t\t\n\t\t\t\t\t\t\t\t\t<p class=\"elementor-icon-box-description\">\n\t\t\t\t\t\tPromoting an inclusive and fair working environment.\t\t\t\t\t<\/p>\n\t\t\t\t\n\t\t\t<\/div>\n\t\t\t\n\t\t<\/div>\n\t\t\t\t\t\t<\/div>\n\t\t\t\t<\/div>\n\t\t\t\t<div class=\"elementor-element elementor-element-366db9f0 elementor-widget__width-initial elementor-widget elementor-widget-icon-box\" data-id=\"366db9f0\" data-element_type=\"widget\" data-widget_type=\"icon-box.default\">\n\t\t\t\t<div class=\"elementor-widget-container\">\n\t\t\t\t\t\t\t<div class=\"elementor-icon-box-wrapper\">\n\n\t\t\t\n\t\t\t\t\t\t<div class=\"elementor-icon-box-content\">\n\n\t\t\t\t\t\t\t\t\t<h3 class=\"elementor-icon-box-title\">\n\t\t\t\t\t\t<span>\n\t\t\t\t\t\t\tCooperation\t\t\t\t\t\t<\/span>\n\t\t\t\t\t<\/h3>\n\t\t\t\t\n\t\t\t\t\t\t\t\t\t<p class=\"elementor-icon-box-description\">\n\t\t\t\t\t\tSeamless working across teams, companies and partners.\t\t\t\t\t<\/p>\n\t\t\t\t\n\t\t\t<\/div>\n\t\t\t\n\t\t<\/div>\n\t\t\t\t\t\t<\/div>\n\t\t\t\t<\/div>\n\t\t\t\t<div class=\"elementor-element elementor-element-72e0f821 elementor-widget__width-initial elementor-widget elementor-widget-icon-box\" data-id=\"72e0f821\" data-element_type=\"widget\" data-widget_type=\"icon-box.default\">\n\t\t\t\t<div class=\"elementor-widget-container\">\n\t\t\t\t\t\t\t<div class=\"elementor-icon-box-wrapper\">\n\n\t\t\t\n\t\t\t\t\t\t<div class=\"elementor-icon-box-content\">\n\n\t\t\t\t\t\t\t\t\t<h3 class=\"elementor-icon-box-title\">\n\t\t\t\t\t\t<span>\n\t\t\t\t\t\t\tRealisation power\t\t\t\t\t\t<\/span>\n\t\t\t\t\t<\/h3>\n\t\t\t\t\n\t\t\t\t\t\t\t\t\t<p class=\"elementor-icon-box-description\">\n\t\t\t\t\t\tPersonal responsibility and results-orientation strengthen our teams.\t\t\t\t\t<\/p>\n\t\t\t\t\n\t\t\t<\/div>\n\t\t\t\n\t\t<\/div>\n\t\t\t\t\t\t<\/div>\n\t\t\t\t<\/div>\n\t\t\t\t<div class=\"elementor-element elementor-element-675e2db7 elementor-widget__width-initial elementor-widget elementor-widget-icon-box\" data-id=\"675e2db7\" data-element_type=\"widget\" data-widget_type=\"icon-box.default\">\n\t\t\t\t<div class=\"elementor-widget-container\">\n\t\t\t\t\t\t\t<div class=\"elementor-icon-box-wrapper\">\n\n\t\t\t\n\t\t\t\t\t\t<div class=\"elementor-icon-box-content\">\n\n\t\t\t\t\t\t\t\t\t<h3 class=\"elementor-icon-box-title\">\n\t\t\t\t\t\t<span>\n\t\t\t\t\t\t\tPerformance orientation\t\t\t\t\t\t<\/span>\n\t\t\t\t\t<\/h3>\n\t\t\t\t\n\t\t\t\t\t\t\t\t\t<p class=\"elementor-icon-box-description\">\n\t\t\t\t\t\tRecognition of successes and continuous development.\t\t\t\t\t<\/p>\n\t\t\t\t\n\t\t\t<\/div>\n\t\t\t\n\t\t<\/div>\n\t\t\t\t\t\t<\/div>\n\t\t\t\t<\/div>\n\t\t\t\t<div class=\"elementor-element elementor-element-1d41a0c3 elementor-widget__width-initial elementor-widget elementor-widget-icon-box\" data-id=\"1d41a0c3\" data-element_type=\"widget\" data-widget_type=\"icon-box.default\">\n\t\t\t\t<div class=\"elementor-widget-container\">\n\t\t\t\t\t\t\t<div class=\"elementor-icon-box-wrapper\">\n\n\t\t\t\n\t\t\t\t\t\t<div class=\"elementor-icon-box-content\">\n\n\t\t\t\t\t\t\t\t\t<h3 class=\"elementor-icon-box-title\">\n\t\t\t\t\t\t<span>\n\t\t\t\t\t\t\tRespect\t\t\t\t\t\t<\/span>\n\t\t\t\t\t<\/h3>\n\t\t\t\t\n\t\t\t\t\t\t\t\t\t<p class=\"elementor-icon-box-description\">\n\t\t\t\t\t\tAppreciation of people, nature and society.\t\t\t\t\t<\/p>\n\t\t\t\t\n\t\t\t<\/div>\n\t\t\t\n\t\t<\/div>\n\t\t\t\t\t\t<\/div>\n\t\t\t\t<\/div>\n\t\t\t\t<div class=\"elementor-element elementor-element-74bad3d1 elementor-widget__width-initial elementor-widget elementor-widget-icon-box\" data-id=\"74bad3d1\" data-element_type=\"widget\" data-widget_type=\"icon-box.default\">\n\t\t\t\t<div class=\"elementor-widget-container\">\n\t\t\t\t\t\t\t<div class=\"elementor-icon-box-wrapper\">\n\n\t\t\t\n\t\t\t\t\t\t<div class=\"elementor-icon-box-content\">\n\n\t\t\t\t\t\t\t\t\t<h3 class=\"elementor-icon-box-title\">\n\t\t\t\t\t\t<span>\n\t\t\t\t\t\t\tAgility\t\t\t\t\t\t<\/span>\n\t\t\t\t\t<\/h3>\n\t\t\t\t\n\t\t\t\t\t\t\t\t\t<p class=\"elementor-icon-box-description\">\n\t\t\t\t\t\tRapid adaptability with customer-centred, efficient processes.\t\t\t\t\t<\/p>\n\t\t\t\t\n\t\t\t<\/div>\n\t\t\t\n\t\t<\/div>\n\t\t\t\t\t\t<\/div>\n\t\t\t\t<\/div>\n\t\t\t\t<div class=\"elementor-element elementor-element-3aff6738 elementor-widget__width-initial elementor-widget elementor-widget-icon-box\" data-id=\"3aff6738\" data-element_type=\"widget\" data-widget_type=\"icon-box.default\">\n\t\t\t\t<div class=\"elementor-widget-container\">\n\t\t\t\t\t\t\t<div class=\"elementor-icon-box-wrapper\">\n\n\t\t\t\n\t\t\t\t\t\t<div class=\"elementor-icon-box-content\">\n\n\t\t\t\t\t\t\t\t\t<h3 class=\"elementor-icon-box-title\">\n\t\t\t\t\t\t<span>\n\t\t\t\t\t\t\tInnovation\t\t\t\t\t\t<\/span>\n\t\t\t\t\t<\/h3>\n\t\t\t\t\n\t\t\t\t\t\t\t\t\t<p class=\"elementor-icon-box-description\">\n\t\t\t\t\t\tPioneering work in engineering methods, technologies and services.\t\t\t\t\t<\/p>\n\t\t\t\t\n\t\t\t<\/div>\n\t\t\t\n\t\t<\/div>\n\t\t\t\t\t\t<\/div>\n\t\t\t\t<\/div>\n\t\t\t\t<\/div>\n\t\t\t\t<\/div>\n\t\t<div class=\"elementor-element elementor-element-53e5b498 e-con-full e-flex e-con e-parent\" data-id=\"53e5b498\" data-element_type=\"container\">\n\t\t<div class=\"elementor-element elementor-element-5869baed e-con-full e-flex e-con e-child\" data-id=\"5869baed\" data-element_type=\"container\" data-settings=\"{&quot;background_background&quot;:&quot;classic&quot;}\">\n\t\t\t\t<div class=\"elementor-element elementor-element-4a65890e elementor-widget elementor-widget-heading\" data-id=\"4a65890e\" data-element_type=\"widget\" data-widget_type=\"heading.default\">\n\t\t\t\t<div class=\"elementor-widget-container\">\n\t\t\t\t\t<h3 class=\"elementor-heading-title elementor-size-default\">Vision<\/h3>\t\t\t\t<\/div>\n\t\t\t\t<\/div>\n\t\t\t\t<div class=\"elementor-element elementor-element-7794c46f color-scheme-inherit text-left elementor-widget elementor-widget-text-editor\" data-id=\"7794c46f\" data-element_type=\"widget\" data-widget_type=\"text-editor.default\">\n\t\t\t\t<div class=\"elementor-widget-container\">\n\t\t\t\t\t\t\t\t\t<p>Die SIERA Allianz stellt sich eine Zukunft vor, in der nachhaltige L\u00f6sungen von Innovation, Verantwortung und Zusammenarbeit getragen werden. Gemeinsam gehen wir globale Herausforderungen an und schaffen dauerhafte positive Ver\u00e4nderungen durch eine gemeinsame Vision \u2013 die Wiederherstellung des Gleichgewichts zwischen Natur, Gesellschaft und Technologie f\u00fcr eine widerstandsf\u00e4hige und nachhaltige Zukunft, immer getreu dem Motto \u201eEngineering for a Better Tomorrow\u201c.<\/p>\t\t\t\t\t\t\t\t<\/div>\n\t\t\t\t<\/div>\n\t\t\t\t<\/div>\n\t\t<div class=\"elementor-element elementor-element-32ca0a42 e-con-full e-flex e-con e-child\" data-id=\"32ca0a42\" data-element_type=\"container\" data-settings=\"{&quot;background_background&quot;:&quot;classic&quot;}\">\n\t\t\t\t<div class=\"elementor-element elementor-element-7601b24d elementor-widget elementor-widget-heading\" data-id=\"7601b24d\" data-element_type=\"widget\" data-widget_type=\"heading.default\">\n\t\t\t\t<div class=\"elementor-widget-container\">\n\t\t\t\t\t<h3 class=\"elementor-heading-title elementor-size-default\">Order<\/h3>\t\t\t\t<\/div>\n\t\t\t\t<\/div>\n\t\t\t\t<div class=\"elementor-element elementor-element-77d1a80c color-scheme-inherit text-left elementor-widget elementor-widget-text-editor\" data-id=\"77d1a80c\" data-element_type=\"widget\" data-widget_type=\"text-editor.default\">\n\t\t\t\t<div class=\"elementor-widget-container\">\n\t\t\t\t\t\t\t\t\t<p>Die SIERA Allianz ist ein Zusammenschluss zukunftsorientierter Umwelttechnikunternehmen, die sich f\u00fcr transformative Umweltl\u00f6sungen zur Bek\u00e4mpfung des Klimawandels, der Umweltzerst\u00f6rung und der sozio\u00f6konomischen Ungleichheit einsetzen. Mit unserem gemeinsamen Engagement f\u00fcr Innovation und Nachhaltigkeit arbeiten wir zusammen, um Unternehmen und Gemeinschaften zu st\u00e4rken und eine bessere, nachhaltigere Zukunft f\u00fcr alle zu f\u00f6rdern, immer getreu dem Motto \u201eEngineering for a Better Tomorrow\u201c.<\/p>\t\t\t\t\t\t\t\t<\/div>\n\t\t\t\t<\/div>\n\t\t\t\t<\/div>\n\t\t\t\t<\/div>\n\t\t\t\t<\/div>","protected":false},"excerpt":{"rendered":"<p>\u00dcber SIERA Allianz SIERA Allianz ist ein Zusammenschluss f\u00fchrender Unternehmen, die auf Umweltingenieurwesen spezialisiert sind. Gemeinsam setzen wir uns daf\u00fcr<\/p>","protected":false},"author":27,"featured_media":0,"parent":0,"menu_order":0,"comment_status":"closed","ping_status":"closed","template":"elementor_header_footer","meta":{"_acf_changed":false,"footnotes":""},"class_list":["post-21789","page","type-page","status-publish","hentry"],"acf":[],"aioseo_notices":[],"_links":{"self":[{"href":"https:\/\/seecon.de\/en\/wp-json\/wp\/v2\/pages\/21789","targetHints":{"allow":["GET"]}}],"collection":[{"href":"https:\/\/seecon.de\/en\/wp-json\/wp\/v2\/pages"}],"about":[{"href":"https:\/\/seecon.de\/en\/wp-json\/wp\/v2\/types\/page"}],"author":[{"embeddable":true,"href":"https:\/\/seecon.de\/en\/wp-json\/wp\/v2\/users\/27"}],"replies":[{"embeddable":true,"href":"https:\/\/seecon.de\/en\/wp-json\/wp\/v2\/comments?post=21789"}],"version-history":[{"count":22,"href":"https:\/\/seecon.de\/en\/wp-json\/wp\/v2\/pages\/21789\/revisions"}],"predecessor-version":[{"id":22051,"href":"https:\/\/seecon.de\/en\/wp-json\/wp\/v2\/pages\/21789\/revisions\/22051"}],"wp:attachment":[{"href":"https:\/\/seecon.de\/en\/wp-json\/wp\/v2\/media?parent=21789"}],"curies":[{"name":"wp","href":"https:\/\/api.w.org\/{rel}","templated":true}]}}