{"id":19347,"date":"2023-07-06T03:55:21","date_gmt":"2023-07-06T03:55:21","guid":{"rendered":"https:\/\/seecon.de\/?post_type=product&#038;p=19347"},"modified":"2025-10-06T13:57:43","modified_gmt":"2025-10-06T13:57:43","slug":"jugendstilpark-muenchen-haar-freianlagen","status":"publish","type":"product","link":"https:\/\/seecon.de\/en\/product\/jugendstilpark-muenchen-haar-freianlagen\/","title":{"rendered":"Art Nouveau Park Munich Haar, outdoor facilities"},"content":{"rendered":"<p>In 2011, the district of Upper Bavaria sold the \"Jugendstil-Park M\u00fcnchen-Haar\" site, which covers approx. 22 ha.<\/p>\n<p>The Haar II site essentially consists of four neighbourhoods. Quartiers 1 and 3 were sold to Oberbayerische Heimst\u00e4tte (OH) and Deutsches Heim (DH), which already own rounding off sub-areas along Vockestra\u00dfe and Leibstra\u00dfe. Quarters 2 and 4 (core area) were sold to JSP M\u00fcnchen GmbH.<\/p>\n<p>The Haar II site, including the buildings, was used by the Isar-Amper-Klinikum M\u00fcnchen Ost until the beginning of 2018. The clinic operations were moved back to the Haar I clinic site east of Vockestra\u00dfe.<\/p>\n<p>The design planning of the outdoor facilities refers to the public green spaces according to development plan no. 190 \"Jugendstilpark\". As part of the design and approval planning, the public green spaces including the design of the historic forensic walls as well as the cycle and footpath connections in the Jugendstilpark were redesigned by seecon engineers. Another focus was the new play concept for the public areas.<\/p>","protected":false},"excerpt":{"rendered":"<table width=\"656\">\n<tbody>\n<tr>\n<td width=\"212\"><strong>Performance<br \/>\n<\/strong><\/td>\n<\/tr>\n<tr>\n<td width=\"212\">Open space planning<\/td>\n<\/tr>\n<tr>\n<td width=\"212\"><strong>Customer:<\/strong><\/td>\n<\/tr>\n<tr>\n<td width=\"212\">JSP Munich GmbH<\/td>\n<\/tr>\n<tr>\n<td width=\"212\"><strong>Period<\/strong><\/td>\n<\/tr>\n<tr>\n<td width=\"212\">2013 - 2021<\/td>\n<\/tr>\n<tr>\n<td width=\"212\"><strong>Performance components<\/strong><\/td>\n<\/tr>\n<tr>\n<td width=\"212\">LP 1-4 HOAI Engineering Structures, LP 1-4 HOAI Traffic Facilities, LP 1-4 HOAI Technical Equipment, LP 1-4 HOAI Outdoor Facilities<\/td>\n<\/tr>\n<\/tbody>\n<\/table>","protected":false},"featured_media":19348,"template":"","meta":{"_acf_changed":false},"product_brand":[],"product_cat":[38],"product_tag":[],"class_list":{"0":"post-19347","1":"product","2":"type-product","3":"status-publish","4":"has-post-thumbnail","6":"product_cat-stadt","8":"first","9":"instock","10":"shipping-taxable","11":"product-type-simple"},"acf":[],"aioseo_notices":[],"_links":{"self":[{"href":"https:\/\/seecon.de\/en\/wp-json\/wp\/v2\/product\/19347","targetHints":{"allow":["GET"]}}],"collection":[{"href":"https:\/\/seecon.de\/en\/wp-json\/wp\/v2\/product"}],"about":[{"href":"https:\/\/seecon.de\/en\/wp-json\/wp\/v2\/types\/product"}],"wp:featuredmedia":[{"embeddable":true,"href":"https:\/\/seecon.de\/en\/wp-json\/wp\/v2\/media\/19348"}],"wp:attachment":[{"href":"https:\/\/seecon.de\/en\/wp-json\/wp\/v2\/media?parent=19347"}],"wp:term":[{"taxonomy":"product_brand","embeddable":true,"href":"https:\/\/seecon.de\/en\/wp-json\/wp\/v2\/product_brand?post=19347"},{"taxonomy":"product_cat","embeddable":true,"href":"https:\/\/seecon.de\/en\/wp-json\/wp\/v2\/product_cat?post=19347"},{"taxonomy":"product_tag","embeddable":true,"href":"https:\/\/seecon.de\/en\/wp-json\/wp\/v2\/product_tag?post=19347"}],"curies":[{"name":"wp","href":"https:\/\/api.w.org\/{rel}","templated":true}]}}