{"id":22166,"date":"2025-12-09T20:32:10","date_gmt":"2025-12-09T20:32:10","guid":{"rendered":"https:\/\/seecon.de\/?post_type=product&#038;p=22166"},"modified":"2025-12-16T13:46:38","modified_gmt":"2025-12-16T13:46:38","slug":"klimaschutzkonzept-stadt-aken-elbe","status":"publish","type":"product","link":"https:\/\/seecon.de\/en\/product\/klimaschutzkonzept-stadt-aken-elbe\/","title":{"rendered":"Klimaschutzkonzept Stadt Aken (Elbe)"},"content":{"rendered":"<p data-start=\"141\" data-end=\"347\">Die Stadt Aken (Elbe) hat gemeinsam mit seecon Ingenieure und der SALEG ein integriertes Klimaschutzkonzept entwickelt, das auf die Reduktion von Treibhausgasen und den Ausbau erneuerbarer Energien zielt.<\/p>\n<p data-start=\"349\" data-end=\"581\">Die BISKO-Bilanz zeigt leicht erh\u00f6hte Emissionen pro Einwohner, vor allem durch W\u00e4rmeverbrauch in Haushalten und Industrie. Die kommunale Verwaltung tr\u00e4gt nur geringf\u00fcgig zur Bilanz bei, \u00fcbernimmt aber eine wichtige Vorbildfunktion.<\/p>\n<p data-start=\"583\" data-end=\"974\">Die Potenzialanalyse zeigt, dass Dachfl\u00e4chen bilanziell ein Vielfaches des Strombedarfs decken k\u00f6nnten, kommunale D\u00e4cher davon bereits einen relevanten Anteil. Auch Geothermie bietet ein hohes Deckungspotenzial f\u00fcr den W\u00e4rmebedarf. Der Szenarienvergleich macht deutlich, dass selbst bei maximaler Nutzung lokaler Potenziale zus\u00e4tzliche Ma\u00dfnahmen n\u00f6tig sind, um Klimaneutralit\u00e4t zu erreichen.<\/p>\n<p data-start=\"976\" data-end=\"1285\">Das Konzept umfasst rund 40 priorisierte Ma\u00dfnahmen in sieben Handlungsfeldern \u2013 darunter W\u00e4rmeplanung, Geb\u00e4udesanierung, Ladeinfrastruktur und Mobilit\u00e4tswende. Ein Standortkonzept f\u00fcr PV-Freifl\u00e4chenanlagen wurde erstellt und ein Variantenvergleich zeigt deren deutlich h\u00f6here Ertragskraft gegen\u00fcber Windkraft.<\/p>\n<p data-start=\"1287\" data-end=\"1693\">Ein mehrstufiges Beteiligungsverfahren mit Lenkungsgruppe, Klimabeirat und \u00f6ffentlicher Mitwirkung begleitete die Konzeptentwicklung. Die Ergebnisse flossen direkt in die Ma\u00dfnahmenplanung ein. Zur Verstetigung wurden ein Controllingkonzept, ein Kommunikationskonzept und die Einrichtung eines Klimaschutzmanagers empfohlen. Die Teilnahme am European Energy Award soll die Fortschritte systematisch sichern.<\/p>","protected":false},"excerpt":{"rendered":"<table width=\"656\">\n<tbody>\n<tr>\n<td width=\"212\"><strong>Category<\/strong><\/td>\n<\/tr>\n<tr>\n<td width=\"212\">Klimaschutzkonzept<\/td>\n<\/tr>\n<tr>\n<td width=\"212\"><strong>Auftraggeber:<\/strong><\/td>\n<\/tr>\n<tr>\n<td width=\"212\">Stadt Aken (Elbe)<\/td>\n<\/tr>\n<tr>\n<td width=\"212\"><strong>Period<\/strong><\/td>\n<\/tr>\n<tr>\n<td width=\"212\">2023 - 2024<\/td>\n<\/tr>\n<tr>\n<td width=\"212\"><strong>Leistungsumfang<\/strong><\/td>\n<\/tr>\n<tr>\n<td width=\"212\">Energiepolitisches Leitbild, Ma\u00dfnahmenkatalog, Erstellung und Ber\u00fccksichtigung von Standortkonzepten, Beteiligungsverfahren, Controllingkonzept, Verstetigungsstrategie, SWOT-Analyse, Ist-Analyse, Potenzialanalyse, Kommunikationskonzept und \u00d6ffentlichkeitsarbeit<\/td>\n<\/tr>\n<\/tbody>\n<\/table>","protected":false},"featured_media":22211,"template":"","meta":{"_acf_changed":false},"product_brand":[],"product_cat":[41],"product_tag":[],"class_list":{"0":"post-22166","1":"product","2":"type-product","3":"status-publish","4":"has-post-thumbnail","6":"product_cat-energie-klima","8":"first","9":"instock","10":"shipping-taxable","11":"product-type-simple"},"acf":[],"aioseo_notices":[],"_links":{"self":[{"href":"https:\/\/seecon.de\/en\/wp-json\/wp\/v2\/product\/22166","targetHints":{"allow":["GET"]}}],"collection":[{"href":"https:\/\/seecon.de\/en\/wp-json\/wp\/v2\/product"}],"about":[{"href":"https:\/\/seecon.de\/en\/wp-json\/wp\/v2\/types\/product"}],"wp:featuredmedia":[{"embeddable":true,"href":"https:\/\/seecon.de\/en\/wp-json\/wp\/v2\/media\/22211"}],"wp:attachment":[{"href":"https:\/\/seecon.de\/en\/wp-json\/wp\/v2\/media?parent=22166"}],"wp:term":[{"taxonomy":"product_brand","embeddable":true,"href":"https:\/\/seecon.de\/en\/wp-json\/wp\/v2\/product_brand?post=22166"},{"taxonomy":"product_cat","embeddable":true,"href":"https:\/\/seecon.de\/en\/wp-json\/wp\/v2\/product_cat?post=22166"},{"taxonomy":"product_tag","embeddable":true,"href":"https:\/\/seecon.de\/en\/wp-json\/wp\/v2\/product_tag?post=22166"}],"curies":[{"name":"wp","href":"https:\/\/api.w.org\/{rel}","templated":true}]}}