{"id":22178,"date":"2025-12-14T21:06:52","date_gmt":"2025-12-14T21:06:52","guid":{"rendered":"https:\/\/seecon.de\/?post_type=product&#038;p=22178"},"modified":"2025-12-16T13:47:20","modified_gmt":"2025-12-16T13:47:20","slug":"european-energy-award-bezirksamt-friedrichshain-kreuzberg","status":"publish","type":"product","link":"https:\/\/seecon.de\/en\/product\/european-energy-award-bezirksamt-friedrichshain-kreuzberg\/","title":{"rendered":"European Energy Award Bezirksamt Friedrichshain-Kreuzberg"},"content":{"rendered":"<p>Berlin hat sich als ambitioniertes Ziel die Klimaneutralit\u00e4t gesetzt. Daher f\u00f6rdert das Land Berlin die Einf\u00fchrung bzw. Fortf\u00fchrung des European Energy Awards\u00ae auf Ebene der Bezirke. In diesem Projekt wurde der Bezirk Friedrichshain-Kreuzberg bei der Durchf\u00fchrung des eea-Zertifizierungsverfahrens unterst\u00fctzt.<\/p>\n<p>Zum Auftakt des European Energy Award stand die Gr\u00fcndung eines eea-Teams und die Durchf\u00fchrung eines Start-Workshops. Es erfolgte eine Ist-Analyse inkl. der Benennung zust\u00e4ndiger Bearbeiter, die einen Zugang zum eea-Management-Tool erhielten. Es wurden Handlungsempfehlungen im Rahmen eines Workshops erarbeitet. Am Ende dieses Arbeitspaketes stand der Entwurf eines eea-Berichts inkl. St\u00e4rken- und Schw\u00e4chen-Analyse und der Vorbereitung des energiepolitischen Arbeitsprogramms.<\/p>\n<p>W\u00e4hrend der Projektlaufzeit fand j\u00e4hrlich ein internes Audit statt (Abstimmung, Aktualisierung des Ist-Standes, Fortschreibung des energiepolitischen Arbeitsprogramms, Erstellen eines neuen Ma\u00dfnahmenplans sowie die Durchf\u00fchrung von 1\u20132 Energieteamsitzungen), und ein interner Auditbericht wurde erarbeitet.<\/p>\n<p>Es wurde ein energiepolitisches Arbeitsprogramm auf Grundlage eines Workshops erstellt und die Ergebnisse (Ist-Analyse und\/oder Ma\u00dfnahmenplan) im politischen Gremium pr\u00e4sentiert. Bei erfolgreicher Zertifizierung wird die kontinuierliche, j\u00e4hrliche Programmarbeit durch die Vorbereitung und Durchf\u00fchrung des externen Audits erg\u00e4nzt.<\/p>","protected":false},"excerpt":{"rendered":"<table width=\"656\">\n<tbody>\n<tr>\n<td width=\"212\"><strong>Category<\/strong><\/td>\n<\/tr>\n<tr>\n<td width=\"212\">European Energy Awards<\/td>\n<\/tr>\n<tr>\n<td width=\"212\"><strong>Auftraggeber<\/strong><\/td>\n<\/tr>\n<tr>\n<td width=\"212\">Bezirksamt Friedrichshain-Kreuzberg<\/td>\n<\/tr>\n<tr>\n<td width=\"212\"><strong>Period<\/strong><\/td>\n<\/tr>\n<tr>\n<td width=\"212\">2020\u20132023<\/td>\n<\/tr>\n<tr>\n<td width=\"212\"><strong>Leistungsumfang<\/strong><\/td>\n<\/tr>\n<tr>\n<td width=\"212\">Gr\u00fcndung Energieteam, Workshops, Ist-Analyse, internes Audit, externes Audit,<br \/>\nenergiepolitisches Arbeitsprogramm, Dokumentation, Unterst\u00fctzung bei<br \/>\nUmsetzungsma\u00dfnahmen<\/td>\n<\/tr>\n<\/tbody>\n<\/table>","protected":false},"featured_media":22210,"template":"","meta":{"_acf_changed":false},"product_brand":[],"product_cat":[41],"product_tag":[],"class_list":{"0":"post-22178","1":"product","2":"type-product","3":"status-publish","4":"has-post-thumbnail","6":"product_cat-energie-klima","8":"first","9":"instock","10":"shipping-taxable","11":"product-type-simple"},"acf":[],"aioseo_notices":[],"_links":{"self":[{"href":"https:\/\/seecon.de\/en\/wp-json\/wp\/v2\/product\/22178","targetHints":{"allow":["GET"]}}],"collection":[{"href":"https:\/\/seecon.de\/en\/wp-json\/wp\/v2\/product"}],"about":[{"href":"https:\/\/seecon.de\/en\/wp-json\/wp\/v2\/types\/product"}],"wp:featuredmedia":[{"embeddable":true,"href":"https:\/\/seecon.de\/en\/wp-json\/wp\/v2\/media\/22210"}],"wp:attachment":[{"href":"https:\/\/seecon.de\/en\/wp-json\/wp\/v2\/media?parent=22178"}],"wp:term":[{"taxonomy":"product_brand","embeddable":true,"href":"https:\/\/seecon.de\/en\/wp-json\/wp\/v2\/product_brand?post=22178"},{"taxonomy":"product_cat","embeddable":true,"href":"https:\/\/seecon.de\/en\/wp-json\/wp\/v2\/product_cat?post=22178"},{"taxonomy":"product_tag","embeddable":true,"href":"https:\/\/seecon.de\/en\/wp-json\/wp\/v2\/product_tag?post=22178"}],"curies":[{"name":"wp","href":"https:\/\/api.w.org\/{rel}","templated":true}]}}