{"id":22180,"date":"2025-12-14T21:35:05","date_gmt":"2025-12-14T21:35:05","guid":{"rendered":"https:\/\/seecon.de\/?post_type=product&#038;p=22180"},"modified":"2025-12-16T13:47:41","modified_gmt":"2025-12-16T13:47:41","slug":"european-energy-award-leipzig-durchfuehrung-des-eea-zertifizierungsverfahrens","status":"publish","type":"product","link":"https:\/\/seecon.de\/en\/product\/european-energy-award-leipzig-durchfuehrung-des-eea-zertifizierungsverfahrens\/","title":{"rendered":"European Energy Award Leipzig-Durchf\u00fchrung des eea\u00ae Zertifizierungsverfahrens"},"content":{"rendered":"<p>Der European Energy Award\u00ae ist das Qualit\u00e4tsmanagementsystem und Zertifizierungsverfahren, mit dem die Klimaschutzaktivit\u00e4ten einer Kommune erfasst, bewertet, gesteuert und regelm\u00e4\u00dfig \u00fcberpr\u00fcft werden, um Potenziale des Klimaschutzes identifizieren und nutzen zu k\u00f6nnen.<\/p>\n<p>Aufbauend auf diversen Aktivit\u00e4ten im Bereich Energieeffizienz und Klimaschutz hat die Stadt Leipzig 2009 die Teilnahme am European Energy Award\u00ae beschlossen und f\u00fcr jedes der sechs eea-Handlungsfelder ein Energieteam gebildet. Die Steuerung und \u00dcberpr\u00fcfung des Prozesses sowie des Energie- und Klimaschutzprogramms erfolgt \u00fcber die Lenkungsgruppe. Die Fortschritte werden dokumentiert und extern auditiert.<\/p>\n<p>Dabei konnte Leipzig aufbauend auf der Erstauszeichnung 2011 im Jahr 2017 die Goldauszeichnung erreichen und diese 2021 best\u00e4tigen lassen. Die Stadt beabsichtigt weiterhin, am eea-Programm teilzunehmen.<\/p>\n<p>Die Seecon Ingenieure unterst\u00fctzen die Stadt seit 2009 als akkreditierte eea-Berater bei der Durchf\u00fchrung des eea-Zertifizierungsverfahrens durch Moderations- und Beratungsleistungen mit dem Ziel, den kontinuierlichen Verbesserungsprozess in der kommunalen Energie- und Klimaschutzpolitik weiter zu etablieren. Die Leistungen werden gem\u00e4\u00df den Anforderungen des eea-Programms erbracht. Das Beraterteam ber\u00fccksichtigt bei der Begleitung des Prozesses die individuellen W\u00fcnsche und Anforderungen der Stadt.<\/p>\n<p>Die Dokumentation erfolgt im Wesentlichen \u00fcber das lizenzierte webbasierte Management-Tool. Es wird ein j\u00e4hrlicher eea-Bericht erstellt, der den politischen Gremien vorgestellt und\/oder auf der Homepage der Stadt bereitgestellt werden kann. Diese Dokumente sind auch zur Abrechnung gegen\u00fcber dem F\u00f6rdermittelgeber geeignet.<\/p>","protected":false},"excerpt":{"rendered":"<table width=\"656\">\n<tbody>\n<tr>\n<td width=\"212\"><strong>Category<\/strong><\/td>\n<\/tr>\n<tr>\n<td width=\"212\">European Energy Awards<\/td>\n<\/tr>\n<tr>\n<td width=\"212\"><strong>Auftraggeber<\/strong><\/td>\n<\/tr>\n<tr>\n<td width=\"212\">City of Leipzig<\/td>\n<\/tr>\n<tr>\n<td width=\"212\"><strong>Period<\/strong><\/td>\n<\/tr>\n<tr>\n<td width=\"212\">2018\u20132023<\/td>\n<\/tr>\n<tr>\n<td width=\"212\"><strong>Performance components<\/strong><\/td>\n<\/tr>\n<tr>\n<td width=\"212\">Beratung, Erstellen eines internen Auditberichts, Erstellen eines neuen<br \/>\nMa\u00dfnahmenplans, Fortschreibung des energiepolitischen Arbeitsprogramms,<br \/>\nTeilnahme an Energieteamsitzungen und Arbeitsgruppensitzungen, j\u00e4hrliches<br \/>\ninternes Reaudit, externes Audit<\/td>\n<\/tr>\n<\/tbody>\n<\/table>","protected":false},"featured_media":22212,"template":"","meta":{"_acf_changed":false},"product_brand":[],"product_cat":[41],"product_tag":[],"class_list":{"0":"post-22180","1":"product","2":"type-product","3":"status-publish","4":"has-post-thumbnail","6":"product_cat-energie-klima","8":"first","9":"instock","10":"shipping-taxable","11":"product-type-simple"},"acf":[],"aioseo_notices":[],"_links":{"self":[{"href":"https:\/\/seecon.de\/en\/wp-json\/wp\/v2\/product\/22180","targetHints":{"allow":["GET"]}}],"collection":[{"href":"https:\/\/seecon.de\/en\/wp-json\/wp\/v2\/product"}],"about":[{"href":"https:\/\/seecon.de\/en\/wp-json\/wp\/v2\/types\/product"}],"wp:featuredmedia":[{"embeddable":true,"href":"https:\/\/seecon.de\/en\/wp-json\/wp\/v2\/media\/22212"}],"wp:attachment":[{"href":"https:\/\/seecon.de\/en\/wp-json\/wp\/v2\/media?parent=22180"}],"wp:term":[{"taxonomy":"product_brand","embeddable":true,"href":"https:\/\/seecon.de\/en\/wp-json\/wp\/v2\/product_brand?post=22180"},{"taxonomy":"product_cat","embeddable":true,"href":"https:\/\/seecon.de\/en\/wp-json\/wp\/v2\/product_cat?post=22180"},{"taxonomy":"product_tag","embeddable":true,"href":"https:\/\/seecon.de\/en\/wp-json\/wp\/v2\/product_tag?post=22180"}],"curies":[{"name":"wp","href":"https:\/\/api.w.org\/{rel}","templated":true}]}}