{"id":22346,"date":"2026-03-27T06:00:25","date_gmt":"2026-03-27T06:00:25","guid":{"rendered":"https:\/\/seecon.de\/?post_type=product&#038;p=22346"},"modified":"2026-04-06T19:05:46","modified_gmt":"2026-04-06T19:05:46","slug":"klimaschutzkonzept-stadt-luetzen","status":"publish","type":"product","link":"https:\/\/seecon.de\/en\/product\/klimaschutzkonzept-stadt-luetzen\/","title":{"rendered":"KLIMASCHUTZKONZEPT \u2013 STADT L\u00dcTZEN"},"content":{"rendered":"<p>F\u00fcr die Stadt L\u00fctzen wird ein Integriertes Klimaschutzkonzept erstellt. Die seecon-Ingenieure beraten durch einen vom Klimab\u00fcndnis f\u00fcr die Erstellung von BISKO-Bilanzen zertifizierten Experten f\u00fcr Energie- und THG-Bilanzen.<\/p>\n<p>Es erfolgt eine umfangreiche Datenerhebung, wobei viele Daten zur Erstellung der Energie- und THG-Bilanz gut verf\u00fcgbar sind. In der Bilanzierung werden die Rechercheergebnisse erfasst und zu den kommunalen Energie- und THG-Bilanzen aggregiert. Diese wird den Bewertungshintergrund sowohl f\u00fcr die Potenzial- und Szenarienanalyse als auch die zu entwickelnden Ma\u00dfnahmen bilden. Die Energie- und THG-Bilanz wird nach den Sektoren Verkehr, private Haushalte, Industrie, Kommunale Liegenschaften, und Gewerbe\/Handel\/Dienstleistungen differenziert. Die Ergebnisse werden nach den eingesetzten Energietr\u00e4gern dargestellt.<\/p>\n<p>Aus den Daten zum Ist-Stand bzw. der Energie- und THG-Bilanzen werden Potenziale f\u00fcr die Entwicklung der Stadt hin zu verbesserter Energieeffizienz und geringeren Emissionswerten abgeleitet. Eine \u00dcberleitung von den klassischen Potenzialbetrachtungen zu den Szenarienberechnungen wird die Ermittlung der Auswirkungen der Sektorenkopplung und Energietr\u00e4gersubstitution auf die zuk\u00fcnftige Bedarfsstruktur und zur Verf\u00fcgung stehende Potenziale bilden.<\/p>\n<p>Die seecon Ingenieure begleiten und unterst\u00fctzen das Klimaschutzmanagement bei der strategischen Entwicklung von Prozessen sowie bei der konkreten Umsetzung und bieten eine professionelle Prozessunterst\u00fctzung f\u00fcr eine erfolgreiche Umsetzung des Klimaschutzkonzeptes.<\/p>","protected":false},"excerpt":{"rendered":"<table width=\"656\">\n<tbody>\n<tr>\n<td width=\"212\"><strong>Category<\/strong><\/td>\n<\/tr>\n<tr>\n<td width=\"212\">Klimaschutzkonzept<\/td>\n<\/tr>\n<tr>\n<td width=\"212\"><strong>Auftraggeber<\/strong><\/td>\n<\/tr>\n<tr>\n<td width=\"212\">Stadt L\u00fctzen<\/td>\n<\/tr>\n<tr>\n<td width=\"212\"><strong>Period<\/strong><\/td>\n<\/tr>\n<tr>\n<td width=\"212\">09\/2024 \u2013 04\/2025<\/td>\n<\/tr>\n<tr>\n<td width=\"212\"><strong>Leistungsumfang<\/strong><\/td>\n<\/tr>\n<tr>\n<td width=\"212\">Ist-Analyse und Energie- und Treibhausgasbilanz, Potenzialanalyse und Szenarien, Prozessunterst\u00fctzung<\/td>\n<\/tr>\n<\/tbody>\n<\/table>","protected":false},"featured_media":22372,"template":"","meta":{"_acf_changed":false},"product_brand":[],"product_cat":[41],"product_tag":[],"class_list":{"0":"post-22346","1":"product","2":"type-product","3":"status-publish","4":"has-post-thumbnail","6":"product_cat-energie-klima","8":"first","9":"instock","10":"virtual","11":"product-type-simple"},"acf":[],"aioseo_notices":[],"_links":{"self":[{"href":"https:\/\/seecon.de\/en\/wp-json\/wp\/v2\/product\/22346","targetHints":{"allow":["GET"]}}],"collection":[{"href":"https:\/\/seecon.de\/en\/wp-json\/wp\/v2\/product"}],"about":[{"href":"https:\/\/seecon.de\/en\/wp-json\/wp\/v2\/types\/product"}],"wp:featuredmedia":[{"embeddable":true,"href":"https:\/\/seecon.de\/en\/wp-json\/wp\/v2\/media\/22372"}],"wp:attachment":[{"href":"https:\/\/seecon.de\/en\/wp-json\/wp\/v2\/media?parent=22346"}],"wp:term":[{"taxonomy":"product_brand","embeddable":true,"href":"https:\/\/seecon.de\/en\/wp-json\/wp\/v2\/product_brand?post=22346"},{"taxonomy":"product_cat","embeddable":true,"href":"https:\/\/seecon.de\/en\/wp-json\/wp\/v2\/product_cat?post=22346"},{"taxonomy":"product_tag","embeddable":true,"href":"https:\/\/seecon.de\/en\/wp-json\/wp\/v2\/product_tag?post=22346"}],"curies":[{"name":"wp","href":"https:\/\/api.w.org\/{rel}","templated":true}]}}