{"id":22351,"date":"2026-03-27T06:13:44","date_gmt":"2026-03-27T06:13:44","guid":{"rendered":"https:\/\/seecon.de\/?post_type=product&#038;p=22351"},"modified":"2026-04-06T19:08:43","modified_gmt":"2026-04-06T19:08:43","slug":"klimaschutzkonzept-stadt-harzgerode","status":"publish","type":"product","link":"https:\/\/seecon.de\/en\/product\/klimaschutzkonzept-stadt-harzgerode\/","title":{"rendered":"KLIMASCHUTZKONZEPT \u2013 STADT HARZGERODE"},"content":{"rendered":"<p>F\u00fcr die Stadt Harzgerode wurde ein Integriertes Klimaschutzkonzept erstellt. Die seecon-Ingenieure berieten dabei durch einen &#8211; vom Klimab\u00fcndnis f\u00fcr die Erstellung von BISKO-Bilanzen &#8211; zertifizierten Experten f\u00fcr Energie- und THG-Bilanzen. Es erfolgte eine umfangreiche Datenerhebung, wobei viele Daten zur Erstellung der Energie- und THG-Bilanz gut verf\u00fcgbar waren. In der Bilanzierung wurden die Rechercheergebnisse erfasst und zu den kommunalen Energie- und THG-Bilanzen aggregiert. Diese wurden vor dem Bewertungshintergrund sowohl f\u00fcr die Potenzial- und Szenarienanalyse als auch f\u00fcr die zu entwickelnden Ma\u00dfnahmen gebildet. Die Energie- und THG-Bilanz wurde nach den Sektoren Verkehr, private Haushalte, Industrie, Kommunale Liegenschaften, und Gewerbe\/Handel\/Dienstleistungen differenziert.<\/p>\n<p>Die Ergebnisse werden nach den eingesetzten Energietr\u00e4gern dargestellt. Aus den Daten zum Ist-Stand bzw. der Energie- und THG-Bilanzen wurden Potenziale f\u00fcr die Entwicklung der Stadt hin zu verbesserter Energieeffizienz und geringeren Emissionswerten abgeleitet. Eine \u00dcberleitung von den klassischen Potenzialbetrachtungen zu den Szenarienberechnungen umfasst die Ermittlung der Auswirkungen der Sektorenkopplung und Energietr\u00e4gersubstitution auf die zuk\u00fcnftige Bedarfsstruktur und zur Verf\u00fcgung stehende Potenziale. Die seecon Ingenieure begleiteten und unterst\u00fctzten das Klimaschutzmanagement bei der strategischen Entwicklung von Prozessen sowie bei der konkreten Umsetzung und boten eine professionelle Prozessunterst\u00fctzung f\u00fcr eine erfolgreiche Umsetzung des Klimaschutzkonzeptes.<\/p>","protected":false},"excerpt":{"rendered":"<p>&#8222;`html id=&#8220;c6x1qp&#8220;<\/p>\n<table width=\"656\">\n<tbody>\n<tr>\n<td width=\"212\"><strong>Category<\/strong><\/td>\n<\/tr>\n<tr>\n<td width=\"212\">Klimaschutzkonzept<\/td>\n<\/tr>\n<tr>\n<td width=\"212\"><strong>Auftraggeber<\/strong><\/td>\n<\/tr>\n<tr>\n<td width=\"212\">City of Harzgerode<\/td>\n<\/tr>\n<tr>\n<td width=\"212\"><strong>Period<\/strong><\/td>\n<\/tr>\n<tr>\n<td width=\"212\">12\/2022 \u2013 02\/2024<\/td>\n<\/tr>\n<tr>\n<td width=\"212\"><strong>Leistungsumfang<\/strong><\/td>\n<\/tr>\n<tr>\n<td width=\"212\">Ist-Analyse und Energie- und Treibhausgasbilanz, Potenzialanalyse und Szenarien, Prozessunterst\u00fctzung, Akteursbeteiligung<\/td>\n<\/tr>\n<\/tbody>\n<\/table>\n<p>&#8222;`<\/p>","protected":false},"featured_media":22374,"template":"","meta":{"_acf_changed":false},"product_brand":[],"product_cat":[41],"product_tag":[],"class_list":{"0":"post-22351","1":"product","2":"type-product","3":"status-publish","4":"has-post-thumbnail","6":"product_cat-energie-klima","8":"first","9":"instock","10":"shipping-taxable","11":"product-type-simple"},"acf":[],"aioseo_notices":[],"_links":{"self":[{"href":"https:\/\/seecon.de\/en\/wp-json\/wp\/v2\/product\/22351","targetHints":{"allow":["GET"]}}],"collection":[{"href":"https:\/\/seecon.de\/en\/wp-json\/wp\/v2\/product"}],"about":[{"href":"https:\/\/seecon.de\/en\/wp-json\/wp\/v2\/types\/product"}],"wp:featuredmedia":[{"embeddable":true,"href":"https:\/\/seecon.de\/en\/wp-json\/wp\/v2\/media\/22374"}],"wp:attachment":[{"href":"https:\/\/seecon.de\/en\/wp-json\/wp\/v2\/media?parent=22351"}],"wp:term":[{"taxonomy":"product_brand","embeddable":true,"href":"https:\/\/seecon.de\/en\/wp-json\/wp\/v2\/product_brand?post=22351"},{"taxonomy":"product_cat","embeddable":true,"href":"https:\/\/seecon.de\/en\/wp-json\/wp\/v2\/product_cat?post=22351"},{"taxonomy":"product_tag","embeddable":true,"href":"https:\/\/seecon.de\/en\/wp-json\/wp\/v2\/product_tag?post=22351"}],"curies":[{"name":"wp","href":"https:\/\/api.w.org\/{rel}","templated":true}]}}