{"id":22352,"date":"2026-03-27T06:17:52","date_gmt":"2026-03-27T06:17:52","guid":{"rendered":"https:\/\/seecon.de\/?post_type=product&#038;p=22352"},"modified":"2026-03-27T06:17:53","modified_gmt":"2026-03-27T06:17:53","slug":"energie-und-treibhausgasbilanz-fortschreibung-landkreis-havelland","status":"publish","type":"product","link":"https:\/\/seecon.de\/en\/product\/energie-und-treibhausgasbilanz-fortschreibung-landkreis-havelland\/","title":{"rendered":"ENERGIE- UND TREIBHAUSGASBILANZ (FORTSCHREIBUNG) \u2013 LANDKREIS HAVELLAND"},"content":{"rendered":"<p>Im Rahmen der Fortschreibung des Klimaschutzkonzepts wurde die Energie- und Treibhausgasbilanz des Landkreises Havelland nach BISKO-Standard aktualisiert und mit ECOSPEED Region bilanziert. Die Analyse zeigt, dass der Landkreis zwar in einzelnen Bereichen Fortschritte erzielt hat, jedoch zentrale Klimaziele noch nicht erreicht sind.<\/p>\n<p>Besonders auff\u00e4llig ist der Verkehrssektor, der mit \u00fcber 40\u00a0% den gr\u00f6\u00dften Anteil an den Gesamtemissionen verursacht \u2013 ein Wert, der entgegen der Zielvorgabe sogar leicht gestiegen ist. Auch die W\u00e4rmeversorgung bleibt ein kritischer Bereich: Zwar sank der spezifische W\u00e4rmeverbrauch pro Einwohner um rund 16\u00a0% seit 2017, dennoch liegt der Anteil erneuerbarer Energien im W\u00e4rmemix mit 13\u00a0% deutlich unter dem Zielwert von 20\u00a0%.<\/p>\n<p>Positiv hervorzuheben ist die lokale Stromerzeugung: Der Landkreis produziert bilanziell fast doppelt so viel Strom aus erneuerbaren Quellen wie verbraucht \u2013 mit einem Deckungsgrad von 187\u00a0%. Photovoltaik tr\u00e4gt dabei \u00fcber die H\u00e4lfte zur Erzeugung bei, gefolgt von Windkraft und Biomasse.<\/p>\n<p>Die Bilanz zeigt: W\u00e4hrend der Stromsektor bereits eine Vorbildfunktion erf\u00fcllt, besteht in der W\u00e4rmeversorgung und im Verkehr weiterhin erheblicher Handlungsbedarf. Die Fortschreibung liefert damit eine fundierte Grundlage f\u00fcr die strategische Weiterentwicklung der Klimaschutzma\u00dfnahmen im Landkreis.<\/p>","protected":false},"excerpt":{"rendered":"<table width=\"656\">\n<tbody>\n<tr>\n<td width=\"212\"><strong>Category<\/strong><\/td>\n<\/tr>\n<tr>\n<td width=\"212\">Fortschreibung der Energie- und Treibhausgasbilanz<\/td>\n<\/tr>\n<tr>\n<td width=\"212\"><strong>Auftraggeber<\/strong><\/td>\n<\/tr>\n<tr>\n<td width=\"212\">Landkreis Havelland<\/td>\n<\/tr>\n<tr>\n<td width=\"212\"><strong>Period<\/strong><\/td>\n<\/tr>\n<tr>\n<td width=\"212\">07\/2024 \u2013 02\/2025<\/td>\n<\/tr>\n<tr>\n<td width=\"212\"><strong>Leistungsumfang<\/strong><\/td>\n<\/tr>\n<tr>\n<td width=\"212\">Energie- und Treibhausgasbilanz nach BISKO<\/td>\n<\/tr>\n<\/tbody>\n<\/table>","protected":false},"featured_media":22485,"template":"","meta":{"_acf_changed":false},"product_brand":[],"product_cat":[41],"product_tag":[],"class_list":{"0":"post-22352","1":"product","2":"type-product","3":"status-publish","4":"has-post-thumbnail","6":"product_cat-energie-klima","8":"first","9":"instock","10":"shipping-taxable","11":"product-type-simple"},"acf":[],"aioseo_notices":[],"_links":{"self":[{"href":"https:\/\/seecon.de\/en\/wp-json\/wp\/v2\/product\/22352","targetHints":{"allow":["GET"]}}],"collection":[{"href":"https:\/\/seecon.de\/en\/wp-json\/wp\/v2\/product"}],"about":[{"href":"https:\/\/seecon.de\/en\/wp-json\/wp\/v2\/types\/product"}],"wp:featuredmedia":[{"embeddable":true,"href":"https:\/\/seecon.de\/en\/wp-json\/wp\/v2\/media\/22485"}],"wp:attachment":[{"href":"https:\/\/seecon.de\/en\/wp-json\/wp\/v2\/media?parent=22352"}],"wp:term":[{"taxonomy":"product_brand","embeddable":true,"href":"https:\/\/seecon.de\/en\/wp-json\/wp\/v2\/product_brand?post=22352"},{"taxonomy":"product_cat","embeddable":true,"href":"https:\/\/seecon.de\/en\/wp-json\/wp\/v2\/product_cat?post=22352"},{"taxonomy":"product_tag","embeddable":true,"href":"https:\/\/seecon.de\/en\/wp-json\/wp\/v2\/product_tag?post=22352"}],"curies":[{"name":"wp","href":"https:\/\/api.w.org\/{rel}","templated":true}]}}