{"id":22353,"date":"2026-03-27T06:19:45","date_gmt":"2026-03-27T06:19:45","guid":{"rendered":"https:\/\/seecon.de\/?post_type=product&#038;p=22353"},"modified":"2026-03-27T06:22:35","modified_gmt":"2026-03-27T06:22:35","slug":"energie-und-treibhausgasbilanz-fortschreibung-stadt-erfurt","status":"publish","type":"product","link":"https:\/\/seecon.de\/en\/product\/energie-und-treibhausgasbilanz-fortschreibung-stadt-erfurt\/","title":{"rendered":"ENERGIE- UND TREIBHAUSGASBILANZ (FORTSCHREIBUNG) \u2013 STADT ERFURT"},"content":{"rendered":"<p>Im Zuge der Fortschreibung des Klimaschutzkonzepts wurde die Energie- und THG-Bilanz der Stadt Erfurt nach BISKO-Standard f\u00fcr die Jahre 2016 bis 2021 aktualisiert. Ziel ist ein kontinuierliches Monitoring der st\u00e4dtischen Klimaschutzentwicklung.<\/p>\n<p>Die Bilanz zeigt: Der Endenergieverbrauch ist leicht gestiegen, vor allem durch h\u00f6heren W\u00e4rmebedarf. Strom verursacht anteilig die meisten Emissionen \u2013 bei nur 17\u00a0% Verbrauchsanteil steht er f\u00fcr \u00fcber 28\u00a0% der Emissionen. Das unterstreicht die Bedeutung eines lokaleren und erneuerbaren Strommixes. Im W\u00e4rmesektor dominiert weiterhin die fossile Versorgung. Zwar steigt der Anteil erneuerbarer W\u00e4rme langsam, liegt aber unter dem Bundesdurchschnitt. Fernw\u00e4rme ist emissions\u00e4rmer, basiert jedoch aktuell noch auf Erdgas. Der Verkehrssektor verursacht rund ein Drittel der Emissionen, wobei der innerst\u00e4dtische PKW-Verkehr dominiert. Der \u00d6PNV hat vergleichsweise geringe Anteile, bietet aber Potenzial zur Minderung.<\/p>\n<p>Die Bilanz liefert eine fundierte Grundlage f\u00fcr strategische Ma\u00dfnahmen \u2013 insbesondere zur Dekarbonisierung der W\u00e4rmeversorgung, zum Ausbau erneuerbarer Stromquellen und zur F\u00f6rderung nachhaltiger Mobilit\u00e4t.<\/p>","protected":false},"excerpt":{"rendered":"<table width=\"656\">\n<tbody>\n<tr>\n<td width=\"212\"><strong>Category<\/strong><\/td>\n<\/tr>\n<tr>\n<td width=\"212\">Fortschreibung der Energie- und Treibhausgasbilanz<\/td>\n<\/tr>\n<tr>\n<td width=\"212\"><strong>Auftraggeber<\/strong><\/td>\n<\/tr>\n<tr>\n<td width=\"212\">Stadtverwaltung Erfurt<\/td>\n<\/tr>\n<tr>\n<td width=\"212\"><strong>Period<\/strong><\/td>\n<\/tr>\n<tr>\n<td width=\"212\">09\/2022 \u2013 10\/2023<\/td>\n<\/tr>\n<tr>\n<td width=\"212\"><strong>Leistungsumfang<\/strong><\/td>\n<\/tr>\n<tr>\n<td width=\"212\">Fortschreibung der Energie- und Treibhausgasbilanz, Datenerfassung, Dokumentation<\/td>\n<\/tr>\n<\/tbody>\n<\/table>","protected":false},"featured_media":22485,"template":"","meta":{"_acf_changed":false},"product_brand":[],"product_cat":[41],"product_tag":[],"class_list":{"0":"post-22353","1":"product","2":"type-product","3":"status-publish","4":"has-post-thumbnail","6":"product_cat-energie-klima","8":"first","9":"instock","10":"shipping-taxable","11":"product-type-simple"},"acf":[],"aioseo_notices":[],"_links":{"self":[{"href":"https:\/\/seecon.de\/en\/wp-json\/wp\/v2\/product\/22353","targetHints":{"allow":["GET"]}}],"collection":[{"href":"https:\/\/seecon.de\/en\/wp-json\/wp\/v2\/product"}],"about":[{"href":"https:\/\/seecon.de\/en\/wp-json\/wp\/v2\/types\/product"}],"wp:featuredmedia":[{"embeddable":true,"href":"https:\/\/seecon.de\/en\/wp-json\/wp\/v2\/media\/22485"}],"wp:attachment":[{"href":"https:\/\/seecon.de\/en\/wp-json\/wp\/v2\/media?parent=22353"}],"wp:term":[{"taxonomy":"product_brand","embeddable":true,"href":"https:\/\/seecon.de\/en\/wp-json\/wp\/v2\/product_brand?post=22353"},{"taxonomy":"product_cat","embeddable":true,"href":"https:\/\/seecon.de\/en\/wp-json\/wp\/v2\/product_cat?post=22353"},{"taxonomy":"product_tag","embeddable":true,"href":"https:\/\/seecon.de\/en\/wp-json\/wp\/v2\/product_tag?post=22353"}],"curies":[{"name":"wp","href":"https:\/\/api.w.org\/{rel}","templated":true}]}}