{"id":22354,"date":"2026-03-27T06:19:47","date_gmt":"2026-03-27T06:19:47","guid":{"rendered":"https:\/\/seecon.de\/?post_type=product&#038;p=22354"},"modified":"2026-03-27T06:30:16","modified_gmt":"2026-03-27T06:30:16","slug":"energie-und-treibhausgasbilanz-gemeinde-geeste","status":"publish","type":"product","link":"https:\/\/seecon.de\/en\/product\/energie-und-treibhausgasbilanz-gemeinde-geeste\/","title":{"rendered":"ENERGIE- UND TREIBHAUSGASBILANZ \u2013 GEMEINDE GEESTE"},"content":{"rendered":"<p>Im Rahmen der kommunalen Klimaschutzstrategie wurde f\u00fcr die Gemeinde Geeste eine umfassende Energie- und Treibhausgasbilanz nach BISKO erstellt. Die Bilanzierung erfolgte sektorspezifisch f\u00fcr Haushalte, Industrie, Gewerbe\/Handel\/Dienstleistungen, Verkehr und kommunale Liegenschaften. Die Daten\u00fcbertragung in den Klimaschutzplaner erfolgte automatisiert und fehlerfrei.<\/p>\n<p>Besonders pr\u00e4gend f\u00fcr das Bilanzbild ist der hohe Anteil industrieller Energieverbr\u00e4uche, die ma\u00dfgeblich zur Emissionslast beitragen. Rund ein Drittel des Endenergieverbrauchs entf\u00e4llt auf nicht n\u00e4her differenzierbare fossile Energietr\u00e4ger im Industriesektor. Der Verkehrssektor folgt mit einem Anteil von knapp 30 % an den Gesamtemissionen \u2013 stark beeinflusst durch den Transitverkehr auf der A31.<\/p>\n<p>Trotz eines vergleichsweise geringen Stromverbrauchs (unter 10 % des Endenergieverbrauchs) verursacht dieser \u00fcber 13 % der Emissionen \u2013 ein Hinweis auf die Bedeutung des Strommixes. Positiv hervorzuheben ist die lokale Stromerzeugung: Geeste erzeugt bilanziell mehr Strom aus erneuerbaren Quellen als verbraucht wird.<\/p>\n<p>Im Benchmarking zeigt sich: Die spezifischen Emissionen je Einwohner liegen etwa doppelt so hoch wie der bundesdeutsche Durchschnitt. Ursachen sind die starke Industriepr\u00e4senz und der \u00fcberdurchschnittliche Verkehrseinfluss. Gleichzeitig bietet die Bilanz klare Ansatzpunkte f\u00fcr lokale Klimaschutzma\u00dfnahmen \u2013 etwa durch den Ausbau erneuerbarer W\u00e4rmeversorgung und die Sanierung des Geb\u00e4udebestands.<\/p>","protected":false},"excerpt":{"rendered":"<table width=\"656\">\n<tbody>\n<tr>\n<td width=\"212\"><strong>Category<\/strong><\/td>\n<\/tr>\n<tr>\n<td width=\"212\">Energie- und Treibhausgasbilanz<\/td>\n<\/tr>\n<tr>\n<td width=\"212\"><strong>Auftraggeber<\/strong><\/td>\n<\/tr>\n<tr>\n<td width=\"212\">Gemeinde Geeste<\/td>\n<\/tr>\n<tr>\n<td width=\"212\"><strong>Period<\/strong><\/td>\n<\/tr>\n<tr>\n<td width=\"212\">03\/2022 \u2013 08\/2022<\/td>\n<\/tr>\n<tr>\n<td width=\"212\"><strong>Leistungsumfang<\/strong><\/td>\n<\/tr>\n<tr>\n<td width=\"212\">Energie- und THG-Bilanz, Datenerfassung, Berichterstellung, Pr\u00e4sentation, Benchmarking<\/td>\n<\/tr>\n<\/tbody>\n<\/table>","protected":false},"featured_media":22485,"template":"","meta":{"_acf_changed":false},"product_brand":[],"product_cat":[41],"product_tag":[],"class_list":{"0":"post-22354","1":"product","2":"type-product","3":"status-publish","4":"has-post-thumbnail","6":"product_cat-energie-klima","8":"first","9":"instock","10":"shipping-taxable","11":"product-type-simple"},"acf":[],"aioseo_notices":[],"_links":{"self":[{"href":"https:\/\/seecon.de\/en\/wp-json\/wp\/v2\/product\/22354","targetHints":{"allow":["GET"]}}],"collection":[{"href":"https:\/\/seecon.de\/en\/wp-json\/wp\/v2\/product"}],"about":[{"href":"https:\/\/seecon.de\/en\/wp-json\/wp\/v2\/types\/product"}],"wp:featuredmedia":[{"embeddable":true,"href":"https:\/\/seecon.de\/en\/wp-json\/wp\/v2\/media\/22485"}],"wp:attachment":[{"href":"https:\/\/seecon.de\/en\/wp-json\/wp\/v2\/media?parent=22354"}],"wp:term":[{"taxonomy":"product_brand","embeddable":true,"href":"https:\/\/seecon.de\/en\/wp-json\/wp\/v2\/product_brand?post=22354"},{"taxonomy":"product_cat","embeddable":true,"href":"https:\/\/seecon.de\/en\/wp-json\/wp\/v2\/product_cat?post=22354"},{"taxonomy":"product_tag","embeddable":true,"href":"https:\/\/seecon.de\/en\/wp-json\/wp\/v2\/product_tag?post=22354"}],"curies":[{"name":"wp","href":"https:\/\/api.w.org\/{rel}","templated":true}]}}