{"id":22358,"date":"2026-03-27T06:19:56","date_gmt":"2026-03-27T06:19:56","guid":{"rendered":"https:\/\/seecon.de\/?post_type=product&#038;p=22358"},"modified":"2026-04-09T07:00:07","modified_gmt":"2026-04-09T07:00:07","slug":"kommunale-waermeplanung-stadt-harzgerode","status":"publish","type":"product","link":"https:\/\/seecon.de\/en\/product\/kommunale-waermeplanung-stadt-harzgerode\/","title":{"rendered":"KOMMUNALE W\u00c4RMEPLANUNG \u2013 STADT HARZGERODE"},"content":{"rendered":"<p>Im Auftrag der Stadt Harzgerode haben die seecon Ingenieure eine kommunale W\u00e4rmeplanung erstellt, die den Weg zu einer treibhausgasneutralen W\u00e4rmeversorgung bis 2045 aufzeigt. Grundlage bildete eine Eignungspr\u00fcfung, bei der das Stadtgebiet in 339 Baubl\u00f6cke unterteilt und rund ein Drittel als besonders geeignet f\u00fcr zentrale W\u00e4rmel\u00f6sungen identifiziert wurde.<\/p>\n<p>Die Bestandsanalyse zeigte, dass \u00fcber 70 % der Geb\u00e4ude mit Zentralheizungen ausgestattet sind, wobei Erdgas und Heiz\u00f6l dominieren. Ein Viertel des W\u00e4rmebedarfs entf\u00e4llt auf industrielle Prozessw\u00e4rme, insbesondere durch die aluminiumverarbeitende Industrie, was zu \u00fcberdurchschnittlichen Pro-Kopf-THG-Emissionen f\u00fchrt.<\/p>\n<p>Ein hohes Sanierungspotenzial erm\u00f6glicht durch energetische Ma\u00dfnahmen eine Reduktion des W\u00e4rmebedarfs um etwa 30 %. Zudem weist die Region ein \u00fcberdurchschnittliches Potenzial f\u00fcr oberfl\u00e4chennahe Geothermie auf, mit einem theoretischen Deckungsgrad von bis zu 80 % des Raumw\u00e4rmebedarfs.<\/p>\n<p>Das Zielszenario sieht eine sektor\u00fcbergreifende Transformation mit W\u00e4rmenetzen in verdichteten Bereichen, dezentralen L\u00f6sungen in l\u00e4ndlichen Ortsteilen sowie einer schrittweisen Umstellung auf H\u2082-Ready-Technologien vor. Zwei Fokusgebiete, darunter das Industriegebiet Harzgerode, wurden f\u00fcr den W\u00e4rmenetzausbau priorisiert. Begleitet wurde die Planung durch ein breites Beteiligungsverfahren mit Fachworkshops, B\u00fcrgerdialogen und der Einbindung lokaler Akteure.<\/p>","protected":false},"excerpt":{"rendered":"<table width=\"656\">\n<tbody>\n<tr>\n<td width=\"212\"><strong>Category<\/strong><\/td>\n<\/tr>\n<tr>\n<td width=\"212\">Kommunale W\u00e4rmeplanung<\/td>\n<\/tr>\n<tr>\n<td width=\"212\"><strong>Auftraggeber<\/strong><\/td>\n<\/tr>\n<tr>\n<td width=\"212\">City of Harzgerode<\/td>\n<\/tr>\n<tr>\n<td width=\"212\"><strong>Period<\/strong><\/td>\n<\/tr>\n<tr>\n<td width=\"212\">04\/2024 \u2013 04\/2025<\/td>\n<\/tr>\n<tr>\n<td width=\"212\"><strong>Leistungsumfang<\/strong><\/td>\n<\/tr>\n<tr>\n<td width=\"212\">Ist-Analyse, Potenzialanalyse, Variantenvergleich, Zielszenario, Ma\u00dfnahmenentwicklung, Umsetzungsstrategie, Controllingkonzept, Kommunikationskonzept, Akteursbeteiligung<\/td>\n<\/tr>\n<\/tbody>\n<\/table>","protected":false},"featured_media":22374,"template":"","meta":{"_acf_changed":false},"product_brand":[],"product_cat":[41],"product_tag":[],"class_list":{"0":"post-22358","1":"product","2":"type-product","3":"status-publish","4":"has-post-thumbnail","6":"product_cat-energie-klima","8":"first","9":"instock","10":"shipping-taxable","11":"product-type-simple"},"acf":[],"aioseo_notices":[],"_links":{"self":[{"href":"https:\/\/seecon.de\/en\/wp-json\/wp\/v2\/product\/22358","targetHints":{"allow":["GET"]}}],"collection":[{"href":"https:\/\/seecon.de\/en\/wp-json\/wp\/v2\/product"}],"about":[{"href":"https:\/\/seecon.de\/en\/wp-json\/wp\/v2\/types\/product"}],"wp:featuredmedia":[{"embeddable":true,"href":"https:\/\/seecon.de\/en\/wp-json\/wp\/v2\/media\/22374"}],"wp:attachment":[{"href":"https:\/\/seecon.de\/en\/wp-json\/wp\/v2\/media?parent=22358"}],"wp:term":[{"taxonomy":"product_brand","embeddable":true,"href":"https:\/\/seecon.de\/en\/wp-json\/wp\/v2\/product_brand?post=22358"},{"taxonomy":"product_cat","embeddable":true,"href":"https:\/\/seecon.de\/en\/wp-json\/wp\/v2\/product_cat?post=22358"},{"taxonomy":"product_tag","embeddable":true,"href":"https:\/\/seecon.de\/en\/wp-json\/wp\/v2\/product_tag?post=22358"}],"curies":[{"name":"wp","href":"https:\/\/api.w.org\/{rel}","templated":true}]}}