{"id":22360,"date":"2026-03-27T06:20:00","date_gmt":"2026-03-27T06:20:00","guid":{"rendered":"https:\/\/seecon.de\/?post_type=product&#038;p=22360"},"modified":"2026-04-09T06:56:57","modified_gmt":"2026-04-09T06:56:57","slug":"kommunale-waermeplanung-stadt-loebau","status":"publish","type":"product","link":"https:\/\/seecon.de\/en\/product\/kommunale-waermeplanung-stadt-loebau\/","title":{"rendered":"KOMMUNALE W\u00c4RMEPLANUNG \u2013 STADT L\u00d6BAU"},"content":{"rendered":"<p>Am 1. Januar 2024 trat das Gesetz f\u00fcr die W\u00e4rmeplanung und die Dekarbonisierung der W\u00e4rmenetze in Kraft und schafft damit die rechtliche Grundlage f\u00fcr eine verbindliche und fl\u00e4chendeckende W\u00e4rmeplanung in Deutschland. In diesem Rahmen wurden die seecon Ingenieure von der SachsenEnergie AG beauftragt, eine kommunale W\u00e4rmeplanung (KWP) f\u00fcr die Stadt L\u00f6bau zu erstellen.<\/p>\n<p>Gem\u00e4\u00df den rechtlichen Vorgaben wurde zun\u00e4chst eine Eignungspr\u00fcfung auf Basis r\u00e4umlicher Informationen durchgef\u00fchrt, um zu pr\u00fcfen, ob sich das Untersuchungsgebiet f\u00fcr eine zentrale W\u00e4rmel\u00f6sung eignet oder in Teilgebiete gegliedert werden muss. Anschlie\u00dfend wurden im Rahmen einer Bestands- und Potenzialanalyse die Energie- und Versorgungsinfrastrukturen, die Siedlungsstruktur, W\u00e4rmebedarfe und -verbr\u00e4uche sowie Energieeinsparpotenziale und der Einsatz erneuerbarer Energien untersucht.<\/p>\n<p>Auf Grundlage einer Energie- und Treibhausgasbilanz wurde ein Zielszenario mit dem \u00fcbergeordneten Ziel der Treibhausgasneutralit\u00e4t bis 2045 entwickelt. Darauf aufbauend wurden in einer Umsetzungsstrategie konkrete Handlungsfelder und Ma\u00dfnahmen zur Realisierung des W\u00e4rmeplans herausgearbeitet. Begleitend wurden in mehreren Beteiligungsverfahren relevante Akteure sowie die \u00d6ffentlichkeit eingebunden, um Informationen zu gewinnen, Konsens zu schaffen und den Prozess transparent zu gestalten.<\/p>","protected":false},"excerpt":{"rendered":"<table width=\"656\">\n<tbody>\n<tr>\n<td width=\"212\"><strong>Category<\/strong><\/td>\n<\/tr>\n<tr>\n<td width=\"212\">Kommunale W\u00e4rmeplanung<\/td>\n<\/tr>\n<tr>\n<td width=\"212\"><strong>Auftraggeber<\/strong><\/td>\n<\/tr>\n<tr>\n<td width=\"212\">Stadt L\u00f6bau<\/td>\n<\/tr>\n<tr>\n<td width=\"212\"><strong>Period<\/strong><\/td>\n<\/tr>\n<tr>\n<td width=\"212\">07\/2024 \u2013 06\/2025<\/td>\n<\/tr>\n<tr>\n<td width=\"212\"><strong>Leistungsumfang<\/strong><\/td>\n<\/tr>\n<tr>\n<td width=\"212\">Ist-Analyse, Potenzialanalyse, Variantenvergleich, Zielszenario, Ma\u00dfnahmenentwicklung, Umsetzungsstrategie, Controllingkonzept, Kommunikationskonzept, Akteursbeteiligung<\/td>\n<\/tr>\n<\/tbody>\n<\/table>","protected":false},"featured_media":22330,"template":"","meta":{"_acf_changed":false},"product_brand":[],"product_cat":[41],"product_tag":[],"class_list":{"0":"post-22360","1":"product","2":"type-product","3":"status-publish","4":"has-post-thumbnail","6":"product_cat-energie-klima","8":"first","9":"instock","10":"shipping-taxable","11":"product-type-simple"},"acf":[],"aioseo_notices":[],"_links":{"self":[{"href":"https:\/\/seecon.de\/en\/wp-json\/wp\/v2\/product\/22360","targetHints":{"allow":["GET"]}}],"collection":[{"href":"https:\/\/seecon.de\/en\/wp-json\/wp\/v2\/product"}],"about":[{"href":"https:\/\/seecon.de\/en\/wp-json\/wp\/v2\/types\/product"}],"wp:featuredmedia":[{"embeddable":true,"href":"https:\/\/seecon.de\/en\/wp-json\/wp\/v2\/media\/22330"}],"wp:attachment":[{"href":"https:\/\/seecon.de\/en\/wp-json\/wp\/v2\/media?parent=22360"}],"wp:term":[{"taxonomy":"product_brand","embeddable":true,"href":"https:\/\/seecon.de\/en\/wp-json\/wp\/v2\/product_brand?post=22360"},{"taxonomy":"product_cat","embeddable":true,"href":"https:\/\/seecon.de\/en\/wp-json\/wp\/v2\/product_cat?post=22360"},{"taxonomy":"product_tag","embeddable":true,"href":"https:\/\/seecon.de\/en\/wp-json\/wp\/v2\/product_tag?post=22360"}],"curies":[{"name":"wp","href":"https:\/\/api.w.org\/{rel}","templated":true}]}}