{"id":22361,"date":"2026-03-27T06:20:02","date_gmt":"2026-03-27T06:20:02","guid":{"rendered":"https:\/\/seecon.de\/?post_type=product&#038;p=22361"},"modified":"2026-04-09T06:54:21","modified_gmt":"2026-04-09T06:54:21","slug":"kommunale-waermeplanung-stadt-parchim","status":"publish","type":"product","link":"https:\/\/seecon.de\/en\/product\/kommunale-waermeplanung-stadt-parchim\/","title":{"rendered":"KOMMUNALE W\u00c4RMEPLANUNG \u2013 STADT PARCHIM"},"content":{"rendered":"<p>Im Auftrag der Stadt Parchim haben die seecon Ingenieure eine kommunale W\u00e4rmeplanung gem\u00e4\u00df dem neuen W\u00e4rmeplanungsgesetz erstellt. Ziel ist eine treibhausgasneutrale W\u00e4rmeversorgung bis 2045. Die Analyse umfasste rund 17.000 Geb\u00e4ude, von denen \u00fcber die H\u00e4lfte vor 1949 errichtet wurden. Der W\u00e4rmebedarf konzentriert sich auf Wohngeb\u00e4ude, die f\u00fcr knapp die H\u00e4lfte der THG-Emissionen verantwortlich sind.<\/p>\n<p>Die Potenzialanalyse zeigt: Der W\u00e4rmebedarf kann perspektivisch vollst\u00e4ndig durch erneuerbare Energien gedeckt werden \u2013 insbesondere durch oberfl\u00e4chennahe Geothermie, Solarthermie und Umweltw\u00e4rme. F\u00fcr zentrale W\u00e4rmenetze wurden Fokusgebiete identifiziert, die bis zu 110\u00a0GWh\/a abdecken k\u00f6nnten. In dezentralen Bereichen bieten W\u00e4rmepumpen und Biomasse praktikable L\u00f6sungen.<\/p>\n<p>Die THG-Emissionen pro Kopf sollen bis 2045 um \u00fcber 90\u00a0% gesenkt werden. Eine j\u00e4hrliche Sanierungsquote von 1\u00a0% und energieeffizientes Bauen tragen zur Reduktion des W\u00e4rmebedarfs bei. Beteiligungsverfahren mit B\u00fcrgern, Unternehmen und Versorgern sorgten f\u00fcr Transparenz und Akzeptanz.<\/p>\n<p>Die W\u00e4rmeplanung liefert eine strategische Grundlage f\u00fcr die kommunale Energiewende \u2013 mit klaren Ma\u00dfnahmen, realistischen Szenarien und einem Fokus auf Versorgungssicherheit und Wirtschaftlichkeit.<\/p>","protected":false},"excerpt":{"rendered":"<table width=\"656\">\n<tbody>\n<tr>\n<td width=\"212\"><strong>Category<\/strong><\/td>\n<\/tr>\n<tr>\n<td width=\"212\">Kommunale W\u00e4rmeplanung<\/td>\n<\/tr>\n<tr>\n<td width=\"212\"><strong>Auftraggeber<\/strong><\/td>\n<\/tr>\n<tr>\n<td width=\"212\">Stadt Parchim<\/td>\n<\/tr>\n<tr>\n<td width=\"212\"><strong>Period<\/strong><\/td>\n<\/tr>\n<tr>\n<td width=\"212\">06\/2024 \u2013 09\/2025<\/td>\n<\/tr>\n<tr>\n<td width=\"212\"><strong>Leistungsumfang<\/strong><\/td>\n<\/tr>\n<tr>\n<td width=\"212\">Ist-Analyse, Potenzialanalyse, Variantenvergleich, Zielszenario, Ma\u00dfnahmenentwicklung, Umsetzungsstrategie, Controllingkonzept, Kommunikationskonzept, Akteursbeteiligung<\/td>\n<\/tr>\n<\/tbody>\n<\/table>","protected":false},"featured_media":22329,"template":"","meta":{"_acf_changed":false},"product_brand":[],"product_cat":[41],"product_tag":[],"class_list":{"0":"post-22361","1":"product","2":"type-product","3":"status-publish","4":"has-post-thumbnail","6":"product_cat-energie-klima","8":"first","9":"instock","10":"shipping-taxable","11":"product-type-simple"},"acf":[],"aioseo_notices":[],"_links":{"self":[{"href":"https:\/\/seecon.de\/en\/wp-json\/wp\/v2\/product\/22361","targetHints":{"allow":["GET"]}}],"collection":[{"href":"https:\/\/seecon.de\/en\/wp-json\/wp\/v2\/product"}],"about":[{"href":"https:\/\/seecon.de\/en\/wp-json\/wp\/v2\/types\/product"}],"wp:featuredmedia":[{"embeddable":true,"href":"https:\/\/seecon.de\/en\/wp-json\/wp\/v2\/media\/22329"}],"wp:attachment":[{"href":"https:\/\/seecon.de\/en\/wp-json\/wp\/v2\/media?parent=22361"}],"wp:term":[{"taxonomy":"product_brand","embeddable":true,"href":"https:\/\/seecon.de\/en\/wp-json\/wp\/v2\/product_brand?post=22361"},{"taxonomy":"product_cat","embeddable":true,"href":"https:\/\/seecon.de\/en\/wp-json\/wp\/v2\/product_cat?post=22361"},{"taxonomy":"product_tag","embeddable":true,"href":"https:\/\/seecon.de\/en\/wp-json\/wp\/v2\/product_tag?post=22361"}],"curies":[{"name":"wp","href":"https:\/\/api.w.org\/{rel}","templated":true}]}}