{"id":22362,"date":"2026-03-27T06:20:05","date_gmt":"2026-03-27T06:20:05","guid":{"rendered":"https:\/\/seecon.de\/?post_type=product&#038;p=22362"},"modified":"2026-04-09T06:50:08","modified_gmt":"2026-04-09T06:50:08","slug":"kommunale-waermeplanung-stadt-dingelstaedt","status":"publish","type":"product","link":"https:\/\/seecon.de\/en\/product\/kommunale-waermeplanung-stadt-dingelstaedt\/","title":{"rendered":"KOMMUNALE W\u00c4RMEPLANUNG \u2013 STADT DINGELST\u00c4DT"},"content":{"rendered":"<p>Im Rahmen der kommunalen W\u00e4rmeplanung f\u00fcr die Stadt Dingelst\u00e4dt wurde durch die seecon Ingenieure ein umfassender Bericht erstellt, der die Grundlagen f\u00fcr eine treibhausgasneutrale W\u00e4rmeversorgung bis 2045 legt. Die Analyse umfasst \u00fcber 17.000 Geb\u00e4ude, wobei rund zwei Drittel der untersuchten Bausubstanz auf Nichtwohngeb\u00e4ude entfallen. Der W\u00e4rmebedarf wird derzeit \u00fcberwiegend durch fossile Energietr\u00e4ger gedeckt, insbesondere Erdgas und Heiz\u00f6l. Die THG-Emissionen des W\u00e4rmesektors liegen bei etwa 2,2 Tonnen CO\u2082-\u00c4quivalent pro Kopf und Jahr und damit deutlich unter dem bundesweiten Durchschnitt.<\/p>\n<p>Die Potenzialanalyse zeigt, dass durch umfassende Geb\u00e4udesanierungen rund ein Viertel des W\u00e4rmebedarfs eingespart werden k\u00f6nnte. Besonders hohe Einsparpotenziale bestehen in \u00e4lteren Baubl\u00f6cken im Kernbereich. F\u00fcr die zuk\u00fcnftige W\u00e4rmeversorgung wurden zentrale und dezentrale Optionen untersucht. Zentrale L\u00f6sungen sind vor allem im Stadtkern und angrenzenden Ortschaften sinnvoll, w\u00e4hrend dezentrale Technologien wie Luftw\u00e4rmepumpen, Solarenergie auf Dachfl\u00e4chen und Biomasse in den \u00fcbrigen Bereichen hohe Deckungsanteile erm\u00f6glichen.<\/p>\n<p>Die Eignungspr\u00fcfung ergab, dass etwa ein Drittel der Baubl\u00f6cke eine hohe W\u00e4rmefl\u00e4chendichte aufweist und grunds\u00e4tzlich f\u00fcr W\u00e4rmenetze geeignet ist. Gleichzeitig k\u00f6nnten rund 93 % des Raumw\u00e4rmebedarfs durch Luftw\u00e4rmepumpen gedeckt werden. Solarenergie auf Dachfl\u00e4chen bietet ein j\u00e4hrliches Ertragspotenzial von \u00fcber 100 GWh, w\u00e4hrend Biomasse und Geothermie durch Schutzgebiete und Nutzungskonkurrenzen eingeschr\u00e4nkt sind. Die W\u00e4rmeplanung liefert damit eine belastbare Grundlage f\u00fcr strategische Entscheidungen zur klimaneutralen, wirtschaftlichen und versorgungssicheren W\u00e4rmeversorgung.<\/p>","protected":false},"excerpt":{"rendered":"<table width=\"656\">\n<tbody>\n<tr>\n<td width=\"212\"><strong>Category<\/strong><\/td>\n<\/tr>\n<tr>\n<td width=\"212\">Kommunale W\u00e4rmeplanung<\/td>\n<\/tr>\n<tr>\n<td width=\"212\"><strong>Auftraggeber<\/strong><\/td>\n<\/tr>\n<tr>\n<td width=\"212\">Stadt Dingelst\u00e4dt<\/td>\n<\/tr>\n<tr>\n<td width=\"212\"><strong>Period<\/strong><\/td>\n<\/tr>\n<tr>\n<td width=\"212\">10\/2024 \u2013 12\/2025<\/td>\n<\/tr>\n<tr>\n<td width=\"212\"><strong>Leistungsumfang<\/strong><\/td>\n<\/tr>\n<tr>\n<td width=\"212\">Ist-Analyse, Potenzialanalyse, Variantenvergleich, Zielszenario, Ma\u00dfnahmenentwicklung, Umsetzungsstrategie, Controllingkonzept, Kommunikationskonzept, Akteursbeteiligung<\/td>\n<\/tr>\n<\/tbody>\n<\/table>","protected":false},"featured_media":22387,"template":"","meta":{"_acf_changed":false},"product_brand":[],"product_cat":[41],"product_tag":[],"class_list":{"0":"post-22362","1":"product","2":"type-product","3":"status-publish","4":"has-post-thumbnail","6":"product_cat-energie-klima","8":"first","9":"instock","10":"shipping-taxable","11":"product-type-simple"},"acf":[],"aioseo_notices":[],"_links":{"self":[{"href":"https:\/\/seecon.de\/en\/wp-json\/wp\/v2\/product\/22362","targetHints":{"allow":["GET"]}}],"collection":[{"href":"https:\/\/seecon.de\/en\/wp-json\/wp\/v2\/product"}],"about":[{"href":"https:\/\/seecon.de\/en\/wp-json\/wp\/v2\/types\/product"}],"wp:featuredmedia":[{"embeddable":true,"href":"https:\/\/seecon.de\/en\/wp-json\/wp\/v2\/media\/22387"}],"wp:attachment":[{"href":"https:\/\/seecon.de\/en\/wp-json\/wp\/v2\/media?parent=22362"}],"wp:term":[{"taxonomy":"product_brand","embeddable":true,"href":"https:\/\/seecon.de\/en\/wp-json\/wp\/v2\/product_brand?post=22362"},{"taxonomy":"product_cat","embeddable":true,"href":"https:\/\/seecon.de\/en\/wp-json\/wp\/v2\/product_cat?post=22362"},{"taxonomy":"product_tag","embeddable":true,"href":"https:\/\/seecon.de\/en\/wp-json\/wp\/v2\/product_tag?post=22362"}],"curies":[{"name":"wp","href":"https:\/\/api.w.org\/{rel}","templated":true}]}}