{"id":22376,"date":"2026-04-06T20:32:29","date_gmt":"2026-04-06T20:32:29","guid":{"rendered":"https:\/\/seecon.de\/?post_type=product&#038;p=22376"},"modified":"2026-04-06T21:23:32","modified_gmt":"2026-04-06T21:23:32","slug":"klimaschutz-und-anpassungskonzept-kom-liegenschaften-stadt-teltow","status":"publish","type":"product","link":"https:\/\/seecon.de\/en\/product\/klimaschutz-und-anpassungskonzept-kom-liegenschaften-stadt-teltow\/","title":{"rendered":"Klimaschutz- Und -Anpassungskonzept \u2013 kom. Liegenschaften, Stadt Teltow"},"content":{"rendered":"<p>Ziel des Projekts ist es, die Klimaneutralit\u00e4t des Geb\u00e4udebestands unter Wahrung der Kostenneutralit\u00e4t zu erreichen. Hierzu werden energetische Sanierungen der Geb\u00e4udeh\u00fclle, die Modernisierung der Anlagentechnik sowie Klimaanpassungs- und ggf.<\/p>\n<p>Kompensationsma\u00dfnahmen miteinander kombiniert. Die Umsetzung kann \u2013 abh\u00e4ngig von den finanziellen Rahmenbedingungen \u2013 \u00fcber geringinvestive Einzelma\u00dfnahmen, schrittweise Sanierungen oder umfassende Gesamtsanierungen mit maximaler F\u00f6rdermittelaussch\u00f6pfung erfolgen.<\/p>\n<p>Der Fokus liegt auf einer \u00f6kologisch nachhaltigen Herangehensweise, einschlie\u00dflich des Einsatzes nachhaltiger Baustoffe und der Integration erneuerbarer Energien. F\u00fcr die W\u00e4rme- und Stromversorgung werden wirtschaftlich optimale, standortangepasste Varianten entwickelt. Erg\u00e4nzend wird ein Transformationsplan f\u00fcr die Fernw\u00e4rme erstellt, der den Weg zur Klimaneutralit\u00e4t aufzeigt, w\u00e4hrend Effizienzma\u00dfnahmen in den Bereichen Heizung, Warmwasser und L\u00fcftung integraler Bestandteil sind.<\/p>\n<p>Dar\u00fcber hinaus werden Ma\u00dfnahmen zur Klimafolgenanpassung wie Dach- und Fassadenbegr\u00fcnung, naturnahe Regenwasserbewirtschaftung, Grauwassernutzung sowie Ma\u00dfnahmen zur St\u00e4rkung der Resilienz von Au\u00dfenbereichen untersucht. Alternativ k\u00f6nnen Kompensationsma\u00dfnahmen, z. B. Aufforstungen, ber\u00fccksichtigt werden. Die Umsetzung wird durch fundierte Analysen, normkonforme Sanierungsfahrpl\u00e4ne, \u00d6kobilanzen sowie Lebenszyklus- und Wirtschaftlichkeitsbetrachtungen unterst\u00fctzt, um einen nachhaltigen und zukunftsf\u00e4higen \u00dcbergang zur Klimaneutralit\u00e4t sicherzustellen.<\/p>","protected":false},"excerpt":{"rendered":"<table width=\"656\">\n<tbody>\n<tr>\n<td width=\"212\"><strong>Category<\/strong><\/td>\n<\/tr>\n<tr>\n<td width=\"212\">Klimaschutz- und Klimaanpassunsma\u00dfnahmen, kommunale Liegenschaften<\/td>\n<\/tr>\n<tr>\n<td width=\"212\"><strong>Auftraggeber<\/strong><\/td>\n<\/tr>\n<tr>\n<td width=\"212\">Stadt Teltow<\/td>\n<\/tr>\n<tr>\n<td width=\"212\"><strong>Period<\/strong><\/td>\n<\/tr>\n<tr>\n<td width=\"212\">09\/2022 \u2013 02\/2024<\/td>\n<\/tr>\n<tr>\n<td width=\"212\"><strong>Leistungsumfang<\/strong><\/td>\n<\/tr>\n<tr>\n<td width=\"212\">Sanierungsfahrplanentwicklung, Potenzialanalyse erneuerbarer Energien und Klimaanpassungsma\u00dfnahmen, digitale Dokumentation<\/td>\n<\/tr>\n<\/tbody>\n<\/table>","protected":false},"featured_media":22367,"template":"","meta":{"_acf_changed":false},"product_brand":[],"product_cat":[41],"product_tag":[],"class_list":{"0":"post-22376","1":"product","2":"type-product","3":"status-publish","4":"has-post-thumbnail","6":"product_cat-energie-klima","8":"first","9":"instock","10":"shipping-taxable","11":"product-type-simple"},"acf":[],"aioseo_notices":[],"_links":{"self":[{"href":"https:\/\/seecon.de\/en\/wp-json\/wp\/v2\/product\/22376","targetHints":{"allow":["GET"]}}],"collection":[{"href":"https:\/\/seecon.de\/en\/wp-json\/wp\/v2\/product"}],"about":[{"href":"https:\/\/seecon.de\/en\/wp-json\/wp\/v2\/types\/product"}],"wp:featuredmedia":[{"embeddable":true,"href":"https:\/\/seecon.de\/en\/wp-json\/wp\/v2\/media\/22367"}],"wp:attachment":[{"href":"https:\/\/seecon.de\/en\/wp-json\/wp\/v2\/media?parent=22376"}],"wp:term":[{"taxonomy":"product_brand","embeddable":true,"href":"https:\/\/seecon.de\/en\/wp-json\/wp\/v2\/product_brand?post=22376"},{"taxonomy":"product_cat","embeddable":true,"href":"https:\/\/seecon.de\/en\/wp-json\/wp\/v2\/product_cat?post=22376"},{"taxonomy":"product_tag","embeddable":true,"href":"https:\/\/seecon.de\/en\/wp-json\/wp\/v2\/product_tag?post=22376"}],"curies":[{"name":"wp","href":"https:\/\/api.w.org\/{rel}","templated":true}]}}