{"id":22377,"date":"2026-04-06T21:22:31","date_gmt":"2026-04-06T21:22:31","guid":{"rendered":"https:\/\/seecon.de\/?post_type=product&#038;p=22377"},"modified":"2026-04-06T21:23:40","modified_gmt":"2026-04-06T21:23:40","slug":"klimaschutz-und-anpassungskonzept-freiraum-gruenes-band-stadt-stadtallendorf","status":"publish","type":"product","link":"https:\/\/seecon.de\/en\/product\/klimaschutz-und-anpassungskonzept-freiraum-gruenes-band-stadt-stadtallendorf\/","title":{"rendered":"Klimaschutz- Und -Anpassungskonzept \u2013 Freiraum Gr\u00fcnes Band , Stadt Stadtallendorf"},"content":{"rendered":"<p>Die Beratungsleistung umfasst die gr\u00fcnordnerische und landschaftsplanerische Erarbeitung eines Klimaanpassungskonzepts f\u00fcr den rund 13,25 ha gro\u00dfen Freiraumbereich \u201eGr\u00fcnes Band Stadtallendorf\u201c. Grundlage bildet eine Bestandsaufnahme mit Datenerfassung und Analyse zu Flora und Fauna, Geologie und B\u00f6den, Wasserhaushalt, Gew\u00e4ssern, st\u00e4dtischen B\u00e4umen sowie Schutzgebieten. Erg\u00e4nzend werden klima\u00f6kologische Kenndaten wie Niederschlags- und Temperaturentwicklungen ausgewertet, um Aussagen zum Stadtklima abzuleiten.<\/p>\n<p>Die Potenzialanalyse identifiziert naturnahe Fl\u00e4chen, Gr\u00fcnverbindungen, R\u00fcckzugsr\u00e4ume f\u00fcr Tiere, Erholungsangebote sowie klimarelevante Kaltluftstr\u00f6me. Schwerpunkte liegen auf der Resilienzerh\u00f6hung des Stadtgr\u00fcns, einer wassersensiblen Stadtentwicklung und der klimagerechten Gestaltung von Freir\u00e4umen. Die Ergebnisse werden in einer zeichnerischen Rahmenplanung visualisiert und in einer Ma\u00dfnahmenliste mit Leitma\u00dfnahmen und Zieldefinitionen konkretisiert. Ein Kommunikationskonzept f\u00f6rdert die Akteursbeteiligung, w\u00e4hrend ein begleitendes Controlling die Verstetigung der Ma\u00dfnahmen unterst\u00fctzt.<\/p>\n<p>Die Ergebnisse werden in einem Bericht zusammengefasst. Erg\u00e4nzend werden Pflanzempfehlungen f\u00fcr klimaangepasste Leitgeh\u00f6lze unter Ber\u00fccksichtigung lokaler Standortfaktoren inklusive Artensteckbriefen erarbeitet.<\/p>","protected":false},"excerpt":{"rendered":"<table width=\"656\">\n<tbody>\n<tr>\n<td width=\"212\"><strong>Category<\/strong><\/td>\n<\/tr>\n<tr>\n<td width=\"212\">Klimaanpassung, Natur &amp; Landschaft, Stadtentwicklungsplanung<\/td>\n<\/tr>\n<tr>\n<td width=\"212\"><strong>Auftraggeber<\/strong><\/td>\n<\/tr>\n<tr>\n<td width=\"212\">City of Stadtallendorf<\/td>\n<\/tr>\n<tr>\n<td width=\"212\"><strong>Period<\/strong><\/td>\n<\/tr>\n<tr>\n<td width=\"212\">02\/2022 \u2013 12\/2023<\/td>\n<\/tr>\n<tr>\n<td width=\"212\"><strong>Leistungsumfang<\/strong><\/td>\n<\/tr>\n<tr>\n<td width=\"212\">Rahmenplanung: Gr\u00fcnordnung und Landschaftsplanung zur Sicherung von Frischluftkorridoren, Definition von Leitbildern und Verbindungswegen, F\u00f6rderung der Resilienz des Stadtgr\u00fcns gegen Hitze und Trockenheit, Verbesserung der Qualit\u00e4t von Gr\u00fcn- und Freifl\u00e4chen, Aufenthaltsqualit\u00e4t, Verbindungswegen, Sicherung zusammenh\u00e4ngender Gr\u00fcnstrukturen. Standortwahl f\u00fcr Beschattung und K\u00fchlung, Entsiegelung, Analyse von Stadtb\u00e4umen, klimataugliche Pflanzempfehlungen, Regenwassermanagement<\/td>\n<\/tr>\n<\/tbody>\n<\/table>","protected":false},"featured_media":22370,"template":"","meta":{"_acf_changed":false},"product_brand":[],"product_cat":[41],"product_tag":[],"class_list":{"0":"post-22377","1":"product","2":"type-product","3":"status-publish","4":"has-post-thumbnail","6":"product_cat-energie-klima","8":"first","9":"instock","10":"shipping-taxable","11":"product-type-simple"},"acf":[],"aioseo_notices":[],"_links":{"self":[{"href":"https:\/\/seecon.de\/en\/wp-json\/wp\/v2\/product\/22377","targetHints":{"allow":["GET"]}}],"collection":[{"href":"https:\/\/seecon.de\/en\/wp-json\/wp\/v2\/product"}],"about":[{"href":"https:\/\/seecon.de\/en\/wp-json\/wp\/v2\/types\/product"}],"wp:featuredmedia":[{"embeddable":true,"href":"https:\/\/seecon.de\/en\/wp-json\/wp\/v2\/media\/22370"}],"wp:attachment":[{"href":"https:\/\/seecon.de\/en\/wp-json\/wp\/v2\/media?parent=22377"}],"wp:term":[{"taxonomy":"product_brand","embeddable":true,"href":"https:\/\/seecon.de\/en\/wp-json\/wp\/v2\/product_brand?post=22377"},{"taxonomy":"product_cat","embeddable":true,"href":"https:\/\/seecon.de\/en\/wp-json\/wp\/v2\/product_cat?post=22377"},{"taxonomy":"product_tag","embeddable":true,"href":"https:\/\/seecon.de\/en\/wp-json\/wp\/v2\/product_tag?post=22377"}],"curies":[{"name":"wp","href":"https:\/\/api.w.org\/{rel}","templated":true}]}}