{"id":22393,"date":"2026-04-09T07:06:41","date_gmt":"2026-04-09T07:06:41","guid":{"rendered":"https:\/\/seecon.de\/?post_type=product&#038;p=22393"},"modified":"2026-04-09T15:29:31","modified_gmt":"2026-04-09T15:29:31","slug":"energetisches-sanierungsmanagement-esm-chemnitz-altchemnitz","status":"publish","type":"product","link":"https:\/\/seecon.de\/en\/product\/energetisches-sanierungsmanagement-esm-chemnitz-altchemnitz\/","title":{"rendered":"ENERGETISCHES SANIERUNGSMANAGEMENT (ESM) CHEMNITZ \u201cALTCHEMNITZ\u201d"},"content":{"rendered":"<p>Das Quartiersklimaschutzkonzept f\u00fcr das \u201eGewerbegebiet Altchemnitz\u201c enth\u00e4lt 25 Einzelma\u00dfnahmen, deren Umsetzung bereits angeschoben wurde (z.B. Bestellung eines Energetischen Sanierungsmanagers) oder in Zusammenarbeit mit wechselnden Akteuren umgesetzt werden soll. Die Aufgabe des Energetischen Sanierungsmanagements besteht darin, die Einzelma\u00dfnahmen in ihrer Umsetzung zu begleiten, fortzuschreiben oder neue Projekte zu initiieren.\u00a0 Das Quartier ist von einer heterogenen Struktur verschiedener Gewerbebetriebe, Brachen und leerstehenden Geb\u00e4uden gepr\u00e4gt. Durch die unmittelbare N\u00e4he zum Gel\u00e4nde der TU Chemnitz haben sich aber bereits einige neu gegr\u00fcndete Unternehmen in den leerstehenden Hallen angesiedelt. Durch die angedachte direktere\u00a0 Verbindung mittels einer Fu\u00df- bzw. Radwegebr\u00fccke soll diese Entwicklung verst\u00e4rkt und dem Gebiet zu neuem Erbl\u00fchen geholfen werden.\u00a0 Im Rahmen des Energetischen Sanierungsmanagements werden eine Vielzahl von Beratungen f\u00fcr potenzielle Entwickler durchgef\u00fchrt und Sanierungsgutachten erstellt. Ein weiterer Fokus liegt in der Vernetzung der bereits im Gebiet aktiven Unternehmen, um durch eine gemeinsame Zielbildentwicklung die Marke Altchemnitz zu st\u00e4rken.<\/p>","protected":false},"excerpt":{"rendered":"<table width=\"656\">\n<tbody>\n<tr>\n<td width=\"212\"><strong>Category<\/strong><\/td>\n<\/tr>\n<tr>\n<td width=\"212\">Energetic renovation management<\/td>\n<\/tr>\n<tr>\n<td width=\"212\"><strong>Auftraggeber<\/strong><\/td>\n<\/tr>\n<tr>\n<td width=\"212\">City of Chemnitz<\/td>\n<\/tr>\n<tr>\n<td width=\"212\"><strong>Period<\/strong><\/td>\n<\/tr>\n<tr>\n<td width=\"212\">08\/2019 \u2013 12\/2025<\/td>\n<\/tr>\n<tr>\n<td width=\"212\"><strong>Leistungsumfang<\/strong><\/td>\n<\/tr>\n<tr>\n<td width=\"212\">Beratung\/Projektsteuerung, Geb\u00e4udeenergieberatung, Potenzialanalyse erneuerbarer Energien und Klimaanpassungsma\u00dfnahmen, Monitoring<\/td>\n<\/tr>\n<\/tbody>\n<\/table>","protected":false},"featured_media":22409,"template":"","meta":{"_acf_changed":false},"product_brand":[],"product_cat":[41],"product_tag":[],"class_list":{"0":"post-22393","1":"product","2":"type-product","3":"status-publish","4":"has-post-thumbnail","6":"product_cat-energie-klima","8":"first","9":"instock","10":"shipping-taxable","11":"product-type-simple"},"acf":[],"aioseo_notices":[],"_links":{"self":[{"href":"https:\/\/seecon.de\/en\/wp-json\/wp\/v2\/product\/22393","targetHints":{"allow":["GET"]}}],"collection":[{"href":"https:\/\/seecon.de\/en\/wp-json\/wp\/v2\/product"}],"about":[{"href":"https:\/\/seecon.de\/en\/wp-json\/wp\/v2\/types\/product"}],"wp:featuredmedia":[{"embeddable":true,"href":"https:\/\/seecon.de\/en\/wp-json\/wp\/v2\/media\/22409"}],"wp:attachment":[{"href":"https:\/\/seecon.de\/en\/wp-json\/wp\/v2\/media?parent=22393"}],"wp:term":[{"taxonomy":"product_brand","embeddable":true,"href":"https:\/\/seecon.de\/en\/wp-json\/wp\/v2\/product_brand?post=22393"},{"taxonomy":"product_cat","embeddable":true,"href":"https:\/\/seecon.de\/en\/wp-json\/wp\/v2\/product_cat?post=22393"},{"taxonomy":"product_tag","embeddable":true,"href":"https:\/\/seecon.de\/en\/wp-json\/wp\/v2\/product_tag?post=22393"}],"curies":[{"name":"wp","href":"https:\/\/api.w.org\/{rel}","templated":true}]}}