{"id":22394,"date":"2026-04-09T07:06:42","date_gmt":"2026-04-09T07:06:42","guid":{"rendered":"https:\/\/seecon.de\/?post_type=product&#038;p=22394"},"modified":"2026-04-09T15:13:59","modified_gmt":"2026-04-09T15:13:59","slug":"energetisches-sanierungsmanagement-stadt-stadtilm-oberilm","status":"publish","type":"product","link":"https:\/\/seecon.de\/en\/product\/energetisches-sanierungsmanagement-stadt-stadtilm-oberilm\/","title":{"rendered":"ENERGETISCHES SANIERUNGSMANAGEMENT \u2013 STADT STADTILM, OBERILM"},"content":{"rendered":"<p>Die Stadt Stadtilm beabsichtigt F\u00f6rdermittel aus dem KfW-Programm \u201eEnergetische Stadtsanierung und dem Programm \u201eF\u00f6rderung Klima Invest &#8211; Kommunale Klimaschutz- und Klimafolgenanpassungsma\u00dfnahmen\u201c der Th\u00fcringer Aufbaubank zu einzuwerben.<\/p>\n<p>Diese F\u00f6rdermittel sollen dem Ziel der nachhaltigen Stadtentwicklung f\u00fcr das \u00f6stliche Quartier Oberilm der Stadtilm und der damit verbundenen Umsetzung von Ma\u00dfnahmen aus dem vorliegenden Quartierskonzept dienen. Die Leistungen der seecon Ingenieure umfassen die Erstellung und Koordinierung des Projektantrags zwischen den Antragsbeteiligten bei den F\u00f6rdermittelgebern sowie die Unterst\u00fctzung im Antragsprozess.<\/p>\n<p>In einer ersten Phase werden gemeinsam mit der Stadt Stadtilm deren gew\u00fcnschte Schwerpunkte f\u00fcr das energetische Sanierungsmanagement definiert und ein erster Entwurfsantrag durch die seecon Ingenieure erstellt. In einer zweiten Phase erfolgt die Einbindung der Wohnungsunternehmen, damit deren Interessen zielgerichtet als Schwerpunkte im Antrag ausgerichtet werden k\u00f6nnen.<\/p>\n<p>Der Projektantrag beinhaltet unter anderem eine Vorhabenbeschreibung. Diese umfasst mindestens die folgenden Inhalte: Angaben zum Quartier (Bezeichnung, Abgrenzung) und zu den Akteuren, Beschreibung der energetischen und st\u00e4dtebaulichen Ausgangssituation, Beschreibung der Zielsetzung, der Arbeitsschritte und der Aufgaben des Sanierungsmanagements, \u00dcbersicht der geplanten Ausgaben sowie einen Projektablaufplan.<\/p>","protected":false},"excerpt":{"rendered":"<table width=\"656\">\n<tbody>\n<tr>\n<td width=\"212\"><strong>Category<\/strong><\/td>\n<\/tr>\n<tr>\n<td width=\"212\">Energetic renovation management<\/td>\n<\/tr>\n<tr>\n<td width=\"212\"><strong>Auftraggeber<\/strong><\/td>\n<\/tr>\n<tr>\n<td width=\"212\">Stadt Stadtilm<\/td>\n<\/tr>\n<tr>\n<td width=\"212\"><strong>Period<\/strong><\/td>\n<\/tr>\n<tr>\n<td width=\"212\">12\/2026<\/td>\n<\/tr>\n<tr>\n<td width=\"212\"><strong>Leistungsumfang<\/strong><\/td>\n<\/tr>\n<tr>\n<td width=\"212\">Antragsstellung, Koordinierung des Projektantrages, Abstimmung beteiligter Akteure, Erstellung der Projektbeschreibung, Aufgaben- und Ressourcenplanung<\/td>\n<\/tr>\n<\/tbody>\n<\/table>","protected":false},"featured_media":22408,"template":"","meta":{"_acf_changed":false},"product_brand":[],"product_cat":[41],"product_tag":[],"class_list":{"0":"post-22394","1":"product","2":"type-product","3":"status-publish","4":"has-post-thumbnail","6":"product_cat-energie-klima","8":"first","9":"instock","10":"shipping-taxable","11":"product-type-simple"},"acf":[],"aioseo_notices":[],"_links":{"self":[{"href":"https:\/\/seecon.de\/en\/wp-json\/wp\/v2\/product\/22394","targetHints":{"allow":["GET"]}}],"collection":[{"href":"https:\/\/seecon.de\/en\/wp-json\/wp\/v2\/product"}],"about":[{"href":"https:\/\/seecon.de\/en\/wp-json\/wp\/v2\/types\/product"}],"wp:featuredmedia":[{"embeddable":true,"href":"https:\/\/seecon.de\/en\/wp-json\/wp\/v2\/media\/22408"}],"wp:attachment":[{"href":"https:\/\/seecon.de\/en\/wp-json\/wp\/v2\/media?parent=22394"}],"wp:term":[{"taxonomy":"product_brand","embeddable":true,"href":"https:\/\/seecon.de\/en\/wp-json\/wp\/v2\/product_brand?post=22394"},{"taxonomy":"product_cat","embeddable":true,"href":"https:\/\/seecon.de\/en\/wp-json\/wp\/v2\/product_cat?post=22394"},{"taxonomy":"product_tag","embeddable":true,"href":"https:\/\/seecon.de\/en\/wp-json\/wp\/v2\/product_tag?post=22394"}],"curies":[{"name":"wp","href":"https:\/\/api.w.org\/{rel}","templated":true}]}}