{"id":22395,"date":"2026-04-09T07:06:44","date_gmt":"2026-04-09T07:06:44","guid":{"rendered":"https:\/\/seecon.de\/?post_type=product&#038;p=22395"},"modified":"2026-04-09T09:00:16","modified_gmt":"2026-04-09T09:00:16","slug":"6-integrierte-energetische-quartierskonzepte-gemeinde-echzell","status":"publish","type":"product","link":"https:\/\/seecon.de\/en\/product\/6-integrierte-energetische-quartierskonzepte-gemeinde-echzell\/","title":{"rendered":"6 INTEGRIERTE ENERGETISCHE QUARTIERSKONZEPTE \u2013 GEMEINDE ECHZELL"},"content":{"rendered":"<p>Die Stadt Echzell wurde bei der inhaltlichen und formalen Vorbereitung eines F\u00f6rderantrags nach dem KfW-Programm 432 \u201eEnergetische Stadtsanierung\u201c umfassend unterst\u00fctzt. Im Fokus stand die strukturierte Aufbereitung der Antragsunterlagen zur F\u00f6rderung eines integrierten energetischen Quartierskonzepts, einschlie\u00dflich der Definition des Untersuchungsgebiets, der Beschreibung der energetischen Ausgangssituation sowie der Ableitung strategischer Handlungsfelder in den Bereichen W\u00e4rmeversorgung, Geb\u00e4ude, Mobilit\u00e4t und Klimaschutz.<\/p>\n<p>Das Projekt verfolgt im Rahmen der Anpassung des hessischen Energiegesetzes das Ziel, Klimaneutralit\u00e4t und eine vollst\u00e4ndige Versorgung mit erneuerbaren Energien bis 2045 zu erreichen. Daf\u00fcr wird in sechs Quartieren der Gemeinde Echzell eine umfassende energetische Bestandsaufnahme durchgef\u00fchrt \u2013 inklusive Geb\u00e4udedaten, Heizungsanlagen und Stra\u00dfenbeleuchtung. Zentrale Werkzeuge sind 3D-Geb\u00e4udemodelle als digitale Zwillinge, Vor-Ort-Begehungen und die Zuordnung zu Geb\u00e4udetypologien zur Ermittlung von Energiebedarfen und Einsparpotenzialen. Pro Quartier werden Referenzgeb\u00e4ude detailliert analysiert, um Ergebnisse auf \u00e4hnliche Geb\u00e4ude \u00fcbertragen zu k\u00f6nnen.<\/p>\n<p>Die Potenzialanalyse umfasst Einsparm\u00f6glichkeiten, erneuerbare Energien (Solarthermie, Photovoltaik, Geothermie) sowie die Pr\u00fcfung der Wirtschaftlichkeit von W\u00e4rmenetzen. Ein weiterer Schwerpunkt ist die Beteiligung der Bev\u00f6lkerung und die Entwicklung gesellschaftlicher Betriebsmodelle wie Energiegenossenschaften. Erg\u00e4nzend ber\u00fccksichtigt das Projekt \u00f6kologische Ma\u00dfnahmen, klimawandelgerechte Anpassungen und nachhaltige Mobilit\u00e4tsangebote. Ein Monitoringkonzept mit klaren Indikatoren stellt sicher, dass Ma\u00dfnahmen zielgerichtet umgesetzt und bei Bedarf angepasst werden. Insgesamt soll so eine nachhaltige, energieeffiziente und klimaresiliente Quartiersentwicklung erm\u00f6glicht werden.<\/p>","protected":false},"excerpt":{"rendered":"<table width=\"656\">\n<tbody>\n<tr>\n<td width=\"212\"><strong>Category<\/strong><\/td>\n<\/tr>\n<tr>\n<td width=\"212\">Neighborhood-related energy and climate protection concepts<\/td>\n<\/tr>\n<tr>\n<td width=\"212\"><strong>Auftraggeber<\/strong><\/td>\n<\/tr>\n<tr>\n<td width=\"212\">Gemeinde Echzell<\/td>\n<\/tr>\n<tr>\n<td width=\"212\"><strong>Promotion<\/strong><\/td>\n<\/tr>\n<tr>\n<td width=\"212\">KfW 432 &#8211; Energetische Stadtsanierung<\/td>\n<\/tr>\n<tr>\n<td width=\"212\"><strong>Period<\/strong><\/td>\n<\/tr>\n<tr>\n<td width=\"212\">03\/2023 \u2013 07\/2024<\/td>\n<\/tr>\n<tr>\n<td width=\"212\"><strong>Leistungsumfang<\/strong><\/td>\n<\/tr>\n<tr>\n<td width=\"212\">Analyse der Ist-Situation und Potenziale, Integration von Klimaschutzzielen, Entwicklung von Szenarien, Energie- und CO2-Bilanzierung, Konzeptentwicklung f\u00fcr erneuerbare Energien, B\u00fcrgerbeteiligung und Akzeptanzf\u00f6rderung, Ma\u00dfnahmenplanung und Umsetzungsstrategie, F\u00f6rdermittelakquise und Wirtschaftlichkeitsberechnung, Monitoring und Qualit\u00e4tssicherung, Dokumentation und Berichterstattung<\/td>\n<\/tr>\n<\/tbody>\n<\/table>","protected":false},"featured_media":22407,"template":"","meta":{"_acf_changed":false},"product_brand":[],"product_cat":[41],"product_tag":[],"class_list":{"0":"post-22395","1":"product","2":"type-product","3":"status-publish","4":"has-post-thumbnail","6":"product_cat-energie-klima","8":"first","9":"instock","10":"shipping-taxable","11":"product-type-simple"},"acf":[],"aioseo_notices":[],"_links":{"self":[{"href":"https:\/\/seecon.de\/en\/wp-json\/wp\/v2\/product\/22395","targetHints":{"allow":["GET"]}}],"collection":[{"href":"https:\/\/seecon.de\/en\/wp-json\/wp\/v2\/product"}],"about":[{"href":"https:\/\/seecon.de\/en\/wp-json\/wp\/v2\/types\/product"}],"wp:featuredmedia":[{"embeddable":true,"href":"https:\/\/seecon.de\/en\/wp-json\/wp\/v2\/media\/22407"}],"wp:attachment":[{"href":"https:\/\/seecon.de\/en\/wp-json\/wp\/v2\/media?parent=22395"}],"wp:term":[{"taxonomy":"product_brand","embeddable":true,"href":"https:\/\/seecon.de\/en\/wp-json\/wp\/v2\/product_brand?post=22395"},{"taxonomy":"product_cat","embeddable":true,"href":"https:\/\/seecon.de\/en\/wp-json\/wp\/v2\/product_cat?post=22395"},{"taxonomy":"product_tag","embeddable":true,"href":"https:\/\/seecon.de\/en\/wp-json\/wp\/v2\/product_tag?post=22395"}],"curies":[{"name":"wp","href":"https:\/\/api.w.org\/{rel}","templated":true}]}}