{"id":22396,"date":"2026-04-09T07:06:46","date_gmt":"2026-04-09T07:06:46","guid":{"rendered":"https:\/\/seecon.de\/?post_type=product&#038;p=22396"},"modified":"2026-04-09T08:50:34","modified_gmt":"2026-04-09T08:50:34","slug":"integriertes-quartierskonzept-ksq-landeshauptstadt-muenchen","status":"publish","type":"product","link":"https:\/\/seecon.de\/en\/product\/integriertes-quartierskonzept-ksq-landeshauptstadt-muenchen\/","title":{"rendered":"INTEGRIERTES QUARTIERSKONZEPT (KSQ) LANDESHAUPTSTADT M\u00dcNCHEN"},"content":{"rendered":"<p>Die Landeshauptstadt M\u00fcnchen setzt sich aktiv mit einer effektiven Energie- und Klimaschutzpolitik auseinander und \u00fcbernimmt die Verantwortung f\u00fcr kommende Generationen als \u00f6ffentliche Aufgabentr\u00e4gerin. Die Landeshauptstadt M\u00fcnchen schafft mit dem integrierten Quartierskonzepten nach KfW-432 (energetische Stadtsanierung) in dem Quartier Neuperlach-Nord die strategische Handlungsgrundlage f\u00fcr die Einbindung von Klimaschutz in das Handeln der Verwaltung.<\/p>\n<p>In diesem Projekt wurden neben der Erstellung der Energie- und CO\u2082-Bilanz eine Potenzialanalyse zur Erh\u00f6hung der Geb\u00e4udeeffizienz sowie zur Nutzung von erneuerbaren Energien durchgef\u00fchrt und Handlungsfelder im station\u00e4ren sowie mobilen Bereich erarbeitet.<\/p>\n<p>Zum Beginn des Projektes erfolgt eine regionale und planerische Einbettung sowie eine Ausgangsanalyse in umfassenden Themenbereichen (z.B. Stadtplanung, Architektur, Sozio\u00f6konomie, Energie- und W\u00e4rmeversorgung, Mobilit\u00e4t und Verkehr). Die Energie- und Treibhausgasbilanz schafft eine Grundlage f\u00fcr die Erfassung und Bewertung von Potenzialen und Ma\u00dfnahmen sowie das Erstellen von Szenarien. In einem partizipativen Prozess wurde ein Leitbild entwickelt. F\u00fcr alle Handlungsfelder wurden Ma\u00dfnahmen entwickelt und in einem Ma\u00dfnahmenkatalog geb\u00fcndelt. Es fanden verschieden Formate zur Aktivierung und Beteiligung unterschiedlicher Akteure und der \u00d6ffentlichkeit statt.<\/p>","protected":false},"excerpt":{"rendered":"<table width=\"656\">\n<tbody>\n<tr>\n<td width=\"212\"><strong>Category<\/strong><\/td>\n<\/tr>\n<tr>\n<td width=\"212\">Neighborhood-related energy and climate protection concepts<\/td>\n<\/tr>\n<tr>\n<td width=\"212\"><strong>Auftraggeber<\/strong><\/td>\n<\/tr>\n<tr>\n<td width=\"212\">Landeshauptstadt M\u00fcnchen<\/td>\n<\/tr>\n<tr>\n<td width=\"212\"><strong>Period<\/strong><\/td>\n<\/tr>\n<tr>\n<td width=\"212\">01\/2023 \u2013 09\/2024<\/td>\n<\/tr>\n<tr>\n<td width=\"212\"><strong>Leistungsumfang<\/strong><\/td>\n<\/tr>\n<tr>\n<td width=\"212\">Bestandserfassung, Energie- &amp; CO2-Bilanzierung, Potenzialermittlung, Leitbildentwicklung, Ma\u00dfnahmen und Handlungsempfehlungen, \u00d6ffentlichkeitsarbeit, Kommunikationskonzept, Dokumentation, Durchf\u00fchrungskonzept<\/td>\n<\/tr>\n<\/tbody>\n<\/table>","protected":false},"featured_media":22334,"template":"","meta":{"_acf_changed":false},"product_brand":[],"product_cat":[41],"product_tag":[],"class_list":{"0":"post-22396","1":"product","2":"type-product","3":"status-publish","4":"has-post-thumbnail","6":"product_cat-energie-klima","8":"first","9":"instock","10":"shipping-taxable","11":"product-type-simple"},"acf":[],"aioseo_notices":[],"_links":{"self":[{"href":"https:\/\/seecon.de\/en\/wp-json\/wp\/v2\/product\/22396","targetHints":{"allow":["GET"]}}],"collection":[{"href":"https:\/\/seecon.de\/en\/wp-json\/wp\/v2\/product"}],"about":[{"href":"https:\/\/seecon.de\/en\/wp-json\/wp\/v2\/types\/product"}],"wp:featuredmedia":[{"embeddable":true,"href":"https:\/\/seecon.de\/en\/wp-json\/wp\/v2\/media\/22334"}],"wp:attachment":[{"href":"https:\/\/seecon.de\/en\/wp-json\/wp\/v2\/media?parent=22396"}],"wp:term":[{"taxonomy":"product_brand","embeddable":true,"href":"https:\/\/seecon.de\/en\/wp-json\/wp\/v2\/product_brand?post=22396"},{"taxonomy":"product_cat","embeddable":true,"href":"https:\/\/seecon.de\/en\/wp-json\/wp\/v2\/product_cat?post=22396"},{"taxonomy":"product_tag","embeddable":true,"href":"https:\/\/seecon.de\/en\/wp-json\/wp\/v2\/product_tag?post=22396"}],"curies":[{"name":"wp","href":"https:\/\/api.w.org\/{rel}","templated":true}]}}