{"id":22397,"date":"2026-04-09T07:06:48","date_gmt":"2026-04-09T07:06:48","guid":{"rendered":"https:\/\/seecon.de\/?post_type=product&#038;p=22397"},"modified":"2026-04-09T08:42:53","modified_gmt":"2026-04-09T08:42:53","slug":"integriertes-quartierskonzept-ksq-stadt-leipzig-leutzsch","status":"publish","type":"product","link":"https:\/\/seecon.de\/en\/product\/integriertes-quartierskonzept-ksq-stadt-leipzig-leutzsch\/","title":{"rendered":"INTEGRIERTES QUARTIERSKONZEPT (KSQ) STADT LEIPZIG, LEUTZSCH"},"content":{"rendered":"<p>Mit Klimanotstandsbeschluss und dem damit verbundenen Sofortma\u00dfnahmenprogramm hat sich die Stadt Leipzig deutlich zu der Dringlichkeit einer nachhaltigen Stadtentwicklung bekannt. Gem\u00e4\u00df der Ma\u00dfnahme 2 des Sofortma\u00dfnahmenprogramms sollen mindestens drei energetische Sanierungskonzepte f\u00fcr Stadtquartiere erarbeitet werden. Das Quartier bildet als Bindeglied zwischen Einzelobjekt und der Stadtstruktur den idealen Betrachtungsgegenstand zur Ermittlung individuell tragf\u00e4higer Ma\u00dfnahmen, welche den \u00fcbergeordneten Zielstellungen gerecht werden.\u00a0 Das Quartier s\u00fcdlich der S-Bahnstation Leipzig Leutzsch wird durch die geplanten Neubauvorhaben der LWB und privater Entwicklungsgesellschaften in der Struktur und Energieversorgung deutlich ver\u00e4ndert. Die Sanierung der Br\u00fccke \u00fcber die Bahnlinie und die damit einhergehende verkehrstechnische Umstrukturierung bietet ebenfalls Potenziale, klimagerechte L\u00f6sungen in die bestehende Stadtstruktur einzubringen. Die vorhandenen und zuk\u00fcnftigen Objekte lassen sich nicht an das bestehende Fernw\u00e4rmeverbundnetz der Leipziger Stadtwerke anschlie\u00dfen. Die zu erg\u00e4nzenden Wohneinheiten sollen daher mit einer gemeinschaftlichen nachhaltigen Versorgung ausgestattet werden, wobei die Bestandsobjekte mit den noch im Einsatz befindlichen Niedertemperaturkesseln mitgedacht werden m\u00fcssen.\u00a0 Das Konzept betrachtet verschiedene Versorgungsm\u00f6glichkeiten. Dabei werden sowohl vorhandene \u00dcberlegungen aufgenommen als auch neue Varianten untersucht. Im Gesamtergebnis wird das Konzept nachhaltige L\u00f6sungen zur Senkung der Energiebedarfe, Minderung der THG-Emissionen und Anpassung an den Klimawandel f\u00fcr alle Bewohnerinnen und Bewohner im Quartier beinhalten.<\/p>","protected":false},"excerpt":{"rendered":"<table width=\"656\">\n<tbody>\n<tr>\n<td width=\"212\"><strong>Category<\/strong><\/td>\n<\/tr>\n<tr>\n<td width=\"212\">Neighborhood-related energy and climate protection concepts<\/td>\n<\/tr>\n<tr>\n<td width=\"212\"><strong>Auftraggeber<\/strong><\/td>\n<\/tr>\n<tr>\n<td width=\"212\">TEAG Th\u00fcringer Energie AG<\/td>\n<\/tr>\n<tr>\n<td width=\"212\"><strong>Period<\/strong><\/td>\n<\/tr>\n<tr>\n<td width=\"212\">07\/2021 \u2013 09\/2022<\/td>\n<\/tr>\n<tr>\n<td width=\"212\"><strong>Leistungsumfang<\/strong><\/td>\n<\/tr>\n<tr>\n<td width=\"212\">Bestandserfassung, Energie- &amp; CO2-Bilanzierung, Potenzialermittlung, Leitbildentwicklung, Ma\u00dfnahmen und Handlungsempfehlungen, \u00d6ffentlichkeitsarbeit, Kommunikationskonzept, Dokumentation, Durchf\u00fchrungskonzept<\/td>\n<\/tr>\n<\/tbody>\n<\/table>","protected":false},"featured_media":22369,"template":"","meta":{"_acf_changed":false},"product_brand":[],"product_cat":[41],"product_tag":[],"class_list":{"0":"post-22397","1":"product","2":"type-product","3":"status-publish","4":"has-post-thumbnail","6":"product_cat-energie-klima","8":"first","9":"instock","10":"shipping-taxable","11":"product-type-simple"},"acf":[],"aioseo_notices":[],"_links":{"self":[{"href":"https:\/\/seecon.de\/en\/wp-json\/wp\/v2\/product\/22397","targetHints":{"allow":["GET"]}}],"collection":[{"href":"https:\/\/seecon.de\/en\/wp-json\/wp\/v2\/product"}],"about":[{"href":"https:\/\/seecon.de\/en\/wp-json\/wp\/v2\/types\/product"}],"wp:featuredmedia":[{"embeddable":true,"href":"https:\/\/seecon.de\/en\/wp-json\/wp\/v2\/media\/22369"}],"wp:attachment":[{"href":"https:\/\/seecon.de\/en\/wp-json\/wp\/v2\/media?parent=22397"}],"wp:term":[{"taxonomy":"product_brand","embeddable":true,"href":"https:\/\/seecon.de\/en\/wp-json\/wp\/v2\/product_brand?post=22397"},{"taxonomy":"product_cat","embeddable":true,"href":"https:\/\/seecon.de\/en\/wp-json\/wp\/v2\/product_cat?post=22397"},{"taxonomy":"product_tag","embeddable":true,"href":"https:\/\/seecon.de\/en\/wp-json\/wp\/v2\/product_tag?post=22397"}],"curies":[{"name":"wp","href":"https:\/\/api.w.org\/{rel}","templated":true}]}}