{"id":22398,"date":"2026-04-09T07:06:50","date_gmt":"2026-04-09T07:06:50","guid":{"rendered":"https:\/\/seecon.de\/?post_type=product&#038;p=22398"},"modified":"2026-04-09T07:46:38","modified_gmt":"2026-04-09T07:46:38","slug":"integrierte-quartierskonzepte-stadt-luebben","status":"publish","type":"product","link":"https:\/\/seecon.de\/en\/product\/integrierte-quartierskonzepte-stadt-luebben\/","title":{"rendered":"INTEGRIERTE QUARTIERSKONZEPTE &#8211; STADT L\u00dcBBEN"},"content":{"rendered":"<p>Im Zeitraum von September 2022 bis Januar 2024 wurden im Auftrag der Stadtverwaltung L\u00fcbben (Spreewald) zwei energetische Quartierskonzepte f\u00fcr die Quartiere L\u00fcbben Nord und West im Rahmen des KfW-Programms 432A &#8222;Energetische Stadtsanierung&#8220; erstellt. In den Handlungsfeldern energetische Sanierung, erneuerbare Energien, Mobilit\u00e4t und Freiraum wurden der Geb\u00e4udebestand und der Energiebedarf erfasst, eine Energie- und CO<sub>2<\/sub>-Bilanz erstellt, Referenzgeb\u00e4ude begangen, das Betrachtungsgebiet kartiert und r\u00e4umlich verortete Potenziale analysiert. Darauf aufbauend wurden m\u00f6gliche Energieversorgungsvarianten mit geeigneten Betreibermodellen abgeleitet. In einem Umsetzungskonzept mit vorgelagerter SWOT-Analyse f\u00fcr die involvierten Akteure wurden anschlie\u00dfend konkrete Ma\u00dfnahmen f\u00fcr Geb\u00e4udesanierung, zukunftsorientierte Mobilit\u00e4tsangebote, klimagerechte Freiraumgestaltung und zielgruppengerechte Kommunikation empfohlen. Die THG-Einsparpotenziale der Ma\u00dfnahmen bilden die Grundlage einer Szenarienbetrachtung, um die beiden Quartiere in eine klimaneutrale Zukunft zu f\u00fchren. Die flankierende \u00d6ffentlichkeitsarbeit beinhaltete neben einer B\u00fcrgerveranstaltung ein ganzt\u00e4giges Klimafest, bei dem Kinder und Jugendliche analog wie digital Ma\u00dfnahmen verorten und ein Gr\u00fcndach bauen konnten. S\u00e4mtliche Betrachtungen und Ergebnisse der Quartierskonzepte wurden in zwei umfangreichen Berichten dokumentiert.<\/p>","protected":false},"excerpt":{"rendered":"<table width=\"656\">\n<tbody>\n<tr>\n<td width=\"212\"><strong>Category<\/strong><\/td>\n<\/tr>\n<tr>\n<td width=\"212\">Neighborhood-related energy and climate protection concepts<\/td>\n<\/tr>\n<tr>\n<td width=\"212\"><strong>Auftraggeber<\/strong><\/td>\n<\/tr>\n<tr>\n<td width=\"212\">Stadt L\u00fcbben<\/td>\n<\/tr>\n<tr>\n<td width=\"212\"><strong>Period<\/strong><\/td>\n<\/tr>\n<tr>\n<td width=\"212\">09\/2022 \u2013 01\/2024<\/td>\n<\/tr>\n<tr>\n<td width=\"212\"><strong>Leistungsumfang<\/strong><\/td>\n<\/tr>\n<tr>\n<td width=\"212\">Bestandserfassung, Energie- und THG-Bilanzierung, Potenzialanalyse erneuerbare Energien, Abw\u00e4rme und Energieeffizienz, Geb\u00e4udeenergieberatung, Szenarioanalyse, Konzeptionierung W\u00e4rmenetz, technischer \/ wirtschaftlicher \/ \u00f6kologischer Variantenvergleich, Akteursbeteiligung, \u00d6ffentlichkeitsarbeit, Ma\u00dfnahmenentwicklung, Kommunikationskonzept, Controllingkonzept, Verstetigungskonzept, Mobilit\u00e4ts- und Freiraumanalyse, Klimafolgenanpassung<\/td>\n<\/tr>\n<\/tbody>\n<\/table>","protected":false},"featured_media":22374,"template":"","meta":{"_acf_changed":false},"product_brand":[],"product_cat":[41],"product_tag":[],"class_list":{"0":"post-22398","1":"product","2":"type-product","3":"status-publish","4":"has-post-thumbnail","6":"product_cat-energie-klima","8":"first","9":"instock","10":"shipping-taxable","11":"product-type-simple"},"acf":[],"aioseo_notices":[],"_links":{"self":[{"href":"https:\/\/seecon.de\/en\/wp-json\/wp\/v2\/product\/22398","targetHints":{"allow":["GET"]}}],"collection":[{"href":"https:\/\/seecon.de\/en\/wp-json\/wp\/v2\/product"}],"about":[{"href":"https:\/\/seecon.de\/en\/wp-json\/wp\/v2\/types\/product"}],"wp:featuredmedia":[{"embeddable":true,"href":"https:\/\/seecon.de\/en\/wp-json\/wp\/v2\/media\/22374"}],"wp:attachment":[{"href":"https:\/\/seecon.de\/en\/wp-json\/wp\/v2\/media?parent=22398"}],"wp:term":[{"taxonomy":"product_brand","embeddable":true,"href":"https:\/\/seecon.de\/en\/wp-json\/wp\/v2\/product_brand?post=22398"},{"taxonomy":"product_cat","embeddable":true,"href":"https:\/\/seecon.de\/en\/wp-json\/wp\/v2\/product_cat?post=22398"},{"taxonomy":"product_tag","embeddable":true,"href":"https:\/\/seecon.de\/en\/wp-json\/wp\/v2\/product_tag?post=22398"}],"curies":[{"name":"wp","href":"https:\/\/api.w.org\/{rel}","templated":true}]}}