{"id":22399,"date":"2026-04-09T07:06:52","date_gmt":"2026-04-09T07:06:52","guid":{"rendered":"https:\/\/seecon.de\/?post_type=product&#038;p=22399"},"modified":"2026-04-09T07:42:29","modified_gmt":"2026-04-09T07:42:29","slug":"standortkonzept-pv-freiflaechenanalysen-stadt-haldensleben","status":"publish","type":"product","link":"https:\/\/seecon.de\/en\/product\/standortkonzept-pv-freiflaechenanalysen-stadt-haldensleben\/","title":{"rendered":"Standortkonzept PV-Freifl\u00e4chenanalysen Stadt Haldensleben"},"content":{"rendered":"<p>Auf Grundlage der katasterbasierten Freifl\u00e4chenanalyse werden f\u00fcr das Gebiet der Gemarkung Haldensleben als auch der Gemarkungen der Ortsteile Hundisburg, Satuelle, S\u00fcplingen, Uthm\u00f6den und Wedringen die potenziellen Photovoltaikfreifl\u00e4chen erfasst. Das gesamte Gebiet umfasst eine Fl\u00e4chengr\u00f6\u00dfe von 161,65 km\u00b2 und wird gem\u00e4\u00df der Planungshilfe in mehreren Arbeitsschritten durchgef\u00fchrt.\u00a0 Die Identifikation prim\u00e4r zu nutzender Standorte wird mittels Klassierung eingestuft und um die in der Planungshilfe aufgef\u00fchrten Kriterien, wie bspw. der Konversionsfl\u00e4chen oder brachgefallene Anlagen der Landwirtschaft erg\u00e4nzt. Durch die Bewertung st\u00e4dtebaulicher Kriterien werden Fl\u00e4chen mit m\u00f6glichem Konfliktpotenzial identifiziert. Die Festlegung der Ausschlussbereiche und Definition von Vorranggebiete werden im Rahmen der Katasteranalyse definiert. Die analysierten Fl\u00e4chen werden den aufgef\u00fchrten Kriterien bzw. Kategorien zugeordnet und mit Ertrags-, Leistungs- und THG-Minderungspotenzialen untersetzt. Im Ergebnis wird aus der<br \/>\nGeoinformations-Analyse eine flurst\u00fcckscharfe Bewertung der Fl\u00e4chen m\u00f6glich sein, aus welcher sich eine Priorisierung ableiten l\u00e4sst. Weiter werden M\u00f6glichkeiten zur Quantifizierung der regionalen Wertsch\u00f6pfung aufgezeigt und anhand von Beispielen Abw\u00e4gungsentscheidungen dargestellt.<\/p>","protected":false},"excerpt":{"rendered":"<table width=\"656\">\n<tbody>\n<tr>\n<td width=\"212\"><strong>Category<\/strong><\/td>\n<\/tr>\n<tr>\n<td width=\"212\">Beratung, Energieplanung, Gutachten und Studien, Katasteranalyse<\/td>\n<\/tr>\n<tr>\n<td width=\"212\"><strong>Auftraggeber<\/strong><\/td>\n<\/tr>\n<tr>\n<td width=\"212\">City of Haldensleben<\/td>\n<\/tr>\n<tr>\n<td width=\"212\"><strong>Period<\/strong><\/td>\n<\/tr>\n<tr>\n<td width=\"212\">10\/2021 \u2013 05\/2022<\/td>\n<\/tr>\n<tr>\n<td width=\"212\"><strong>Leistungsumfang<\/strong><\/td>\n<\/tr>\n<tr>\n<td width=\"212\">Analyse des Status Quo &amp; Bedarfsprognose, Identifikation von potenziellen Fl\u00e4chen, St\u00e4dtebauliche Pr\u00fcfkriterien, Bewertung &amp; Ermittlung von Potenzialfl\u00e4chen<\/td>\n<\/tr>\n<\/tbody>\n<\/table>","protected":false},"featured_media":22331,"template":"","meta":{"_acf_changed":false},"product_brand":[],"product_cat":[41],"product_tag":[],"class_list":{"0":"post-22399","1":"product","2":"type-product","3":"status-publish","4":"has-post-thumbnail","6":"product_cat-energie-klima","8":"first","9":"instock","10":"shipping-taxable","11":"product-type-simple"},"acf":[],"aioseo_notices":[],"_links":{"self":[{"href":"https:\/\/seecon.de\/en\/wp-json\/wp\/v2\/product\/22399","targetHints":{"allow":["GET"]}}],"collection":[{"href":"https:\/\/seecon.de\/en\/wp-json\/wp\/v2\/product"}],"about":[{"href":"https:\/\/seecon.de\/en\/wp-json\/wp\/v2\/types\/product"}],"wp:featuredmedia":[{"embeddable":true,"href":"https:\/\/seecon.de\/en\/wp-json\/wp\/v2\/media\/22331"}],"wp:attachment":[{"href":"https:\/\/seecon.de\/en\/wp-json\/wp\/v2\/media?parent=22399"}],"wp:term":[{"taxonomy":"product_brand","embeddable":true,"href":"https:\/\/seecon.de\/en\/wp-json\/wp\/v2\/product_brand?post=22399"},{"taxonomy":"product_cat","embeddable":true,"href":"https:\/\/seecon.de\/en\/wp-json\/wp\/v2\/product_cat?post=22399"},{"taxonomy":"product_tag","embeddable":true,"href":"https:\/\/seecon.de\/en\/wp-json\/wp\/v2\/product_tag?post=22399"}],"curies":[{"name":"wp","href":"https:\/\/api.w.org\/{rel}","templated":true}]}}