{"id":22400,"date":"2026-04-09T07:06:55","date_gmt":"2026-04-09T07:06:55","guid":{"rendered":"https:\/\/seecon.de\/?post_type=product&#038;p=22400"},"modified":"2026-04-09T07:37:49","modified_gmt":"2026-04-09T07:37:49","slug":"standortkonzept-pv-freiflaechenanalysen-stadt-burg","status":"publish","type":"product","link":"https:\/\/seecon.de\/en\/product\/standortkonzept-pv-freiflaechenanalysen-stadt-burg\/","title":{"rendered":"Standortkonzept PV-Freifl\u00e4chenanalysen Stadt Burg"},"content":{"rendered":"<p>Im Rahmen des Projekts wird ein gemeindeweites Standortkonzept f\u00fcr Photovoltaik-Freifl\u00e4chenanlagen (PVFA) innerhalb des Gemeindegebiets der Stadt Burg erstellt. Dabei werden Potenzialfl\u00e4chen identifiziert, die mit m\u00f6glichst geringer Nutzungskonkurrenz f\u00fcr PVFA genutzt werden k\u00f6nnen. In einem ersten Schritt wird der Status Quo der PV-Stromerzeugung im Gemeindegebiet dargestellt und mit den aktuellen Stromverbr\u00e4uchen verglichen. Es wird eine valide Prognose der Entwicklung des Stromverbrauchs sowie dem daf\u00fcr notwendigen Zubau an PV-Anlagen erstellt. Dabei wird das vorhandene Dachfl\u00e4chenpotenzial der Stadt Burg beachtet, sodass sich letztlich ein dedizierter Fl\u00e4chenbedarf f\u00fcr den Zubau an PVFA bis 2035 ergibt.\u00a0 Die konkrete Erarbeitung der Potenzialfl\u00e4chen auf Katasterebene beginnt mit einer grundlegenden Identifikation potenzieller Fl\u00e4chen. Dies erfolgt auf dem h\u00f6chstm\u00f6glichen Detailgrad der Betrachtung einzelner Flurst\u00fccke. Es findet der Kriterienkatalog der Arbeitshilfe\u00a0 des Ministeriums f\u00fcr Infrastruktur und Digitales Anwendung, der um weitere potenzielle\u00a0 Kriterien erg\u00e4nzt wird. Die georeferenziert zur Verf\u00fcgung gestellten Daten werden in die Katasteranalyse integriert und F\u00fchren zu einer Bewertung auf Flurst\u00fccksebene.\u00a0 F\u00fcr die konkreten Potenzialfl\u00e4chen werden die Informationen der beinhaltenden Flurst\u00fccke aggregiert sowie die st\u00e4dtebaulichen Pr\u00fcfkriterien erg\u00e4nzt. Als Ergebnisdokument der Bewertung der Potenzialfl\u00e4chen dienen Standortdatenbl\u00e4tter. Vor dem Beginn des Beteiligungsverfahren erfolgt eine Verschriftlichung der vorgenommenen Methodik, integrierter Kriterien und Quellen, sowie eine Aufarbeitung der Ergebnisse zu einem Endbericht.<\/p>","protected":false},"excerpt":{"rendered":"<table width=\"656\">\n<tbody>\n<tr>\n<td width=\"212\"><strong>Category<\/strong><\/td>\n<\/tr>\n<tr>\n<td width=\"212\">Beratung, Energieplanung, Gutachten und Studien, Standortkonzept<\/td>\n<\/tr>\n<tr>\n<td width=\"212\"><strong>Auftraggeber<\/strong><\/td>\n<\/tr>\n<tr>\n<td width=\"212\">Stadt Burg<\/td>\n<\/tr>\n<tr>\n<td width=\"212\"><strong>Period<\/strong><\/td>\n<\/tr>\n<tr>\n<td width=\"212\">12\/2022 \u2013 04\/2024<\/td>\n<\/tr>\n<tr>\n<td width=\"212\"><strong>Leistungsumfang<\/strong><\/td>\n<\/tr>\n<tr>\n<td width=\"212\">Analyse des Status Quo &amp; Bedarfsprognose, Identifikation von potenziellen Fl\u00e4chen, St\u00e4dtebauliche Pr\u00fcfkriterien, Bewertung &amp; Ermittlung von Potenzialfl\u00e4chen<\/td>\n<\/tr>\n<\/tbody>\n<\/table>","protected":false},"featured_media":22330,"template":"","meta":{"_acf_changed":false},"product_brand":[],"product_cat":[41],"product_tag":[],"class_list":{"0":"post-22400","1":"product","2":"type-product","3":"status-publish","4":"has-post-thumbnail","6":"product_cat-energie-klima","8":"first","9":"instock","10":"shipping-taxable","11":"product-type-simple"},"acf":[],"aioseo_notices":[],"_links":{"self":[{"href":"https:\/\/seecon.de\/en\/wp-json\/wp\/v2\/product\/22400","targetHints":{"allow":["GET"]}}],"collection":[{"href":"https:\/\/seecon.de\/en\/wp-json\/wp\/v2\/product"}],"about":[{"href":"https:\/\/seecon.de\/en\/wp-json\/wp\/v2\/types\/product"}],"wp:featuredmedia":[{"embeddable":true,"href":"https:\/\/seecon.de\/en\/wp-json\/wp\/v2\/media\/22330"}],"wp:attachment":[{"href":"https:\/\/seecon.de\/en\/wp-json\/wp\/v2\/media?parent=22400"}],"wp:term":[{"taxonomy":"product_brand","embeddable":true,"href":"https:\/\/seecon.de\/en\/wp-json\/wp\/v2\/product_brand?post=22400"},{"taxonomy":"product_cat","embeddable":true,"href":"https:\/\/seecon.de\/en\/wp-json\/wp\/v2\/product_cat?post=22400"},{"taxonomy":"product_tag","embeddable":true,"href":"https:\/\/seecon.de\/en\/wp-json\/wp\/v2\/product_tag?post=22400"}],"curies":[{"name":"wp","href":"https:\/\/api.w.org\/{rel}","templated":true}]}}