{"id":22401,"date":"2026-04-09T07:06:57","date_gmt":"2026-04-09T07:06:57","guid":{"rendered":"https:\/\/seecon.de\/?post_type=product&#038;p=22401"},"modified":"2026-04-09T07:33:52","modified_gmt":"2026-04-09T07:33:52","slug":"standortkonzept-pv-freiflaechenanalysen-bad-sulza","status":"publish","type":"product","link":"https:\/\/seecon.de\/en\/product\/standortkonzept-pv-freiflaechenanalysen-bad-sulza\/","title":{"rendered":"Standortkonzept PV-Freifl\u00e4chenanalysen Bad Sulza"},"content":{"rendered":"<p>Im Rahmen eines Projekts f\u00fcr einen Projektentwickler erarbeitete seecon Ingenieure ein gesamtr\u00e4umliches Konzept zur Steuerung gro\u00dffl\u00e4chiger Photovoltaikfreifl\u00e4chenanlagen in der Landgemeinde Bad Sulza. Ziel war die raumplanerische Vorbereitung der Entwicklung und Genehmigung von PV-Anlagen unter Ber\u00fccksichtigung der besonderen Anforderungen des Kurorts sowie der Interessen des Projektentwicklers.<\/p>\n<p>Kern der Leistung war die Identifikation geeigneter Fl\u00e4chen auf Basis einer geodatenbasierten Analyse. Neben Vorgaben aus Raumordnung, Umwelt-, Bau- und Energierecht flossen auch st\u00e4dtebauliche Kriterien, lokale Pl\u00e4ne und technische Aspekte wie Einspeisekapazit\u00e4ten ein. Die Bewertung erfolgte flurst\u00fccksscharf in einem digitalen Gebietsmodell, das Ausschluss- und Eignungskriterien ber\u00fccksichtigte. Besonderes Augenmerk lag auf der Definition \u00fcbergeordneter und standortspezifischer Ausschlusskriterien in Abstimmung mit der Stadt Bad Sulza, etwa geplante Wohngebiete, Schutzg\u00fcter oder Zersiedelung. Erg\u00e4nzend wurden geeignete Fl\u00e4chen wie Konversionsareale, Brachen oder Verkehrsrandlagen identifiziert.<\/p>\n<p>Die Ergebnisse wurden in Kartenwerken dargestellt und in Vorzugs- und Eignungsgebiete unterteilt. Ein erl\u00e4uternder Abschlussbericht mit Empfehlungen diente der st\u00e4dtebaulichen Steuerung. In Abstimmung mit Stadt, Fachbeh\u00f6rden und Auftraggeber lieferte das Projekt eine fundierte Grundlage f\u00fcr die planungsrechtliche Sicherung geeigneter Fl\u00e4chen und die projektbezogene Realisierung im Einklang mit den \u00f6rtlichen Rahmenbedingungen.<\/p>","protected":false},"excerpt":{"rendered":"<table width=\"656\">\n<tbody>\n<tr>\n<td width=\"212\"><strong>Category<\/strong><\/td>\n<\/tr>\n<tr>\n<td width=\"212\">Beratung Projektentwickler, Energieplanung, Gutachten und Studien, Katasteranalyse<\/td>\n<\/tr>\n<tr>\n<td width=\"212\"><strong>Auftraggeber<\/strong><\/td>\n<\/tr>\n<tr>\n<td width=\"212\">Projektentwickler<br \/>\nin Kooperation Stadt Bad Sulza<\/td>\n<\/tr>\n<tr>\n<td width=\"212\"><strong>Period<\/strong><\/td>\n<\/tr>\n<tr>\n<td width=\"212\">01\/2025 \u2013 12\/2025<\/td>\n<\/tr>\n<tr>\n<td width=\"212\"><strong>Leistungsumfang<\/strong><\/td>\n<\/tr>\n<tr>\n<td width=\"212\">Analyse des Status Quo &amp; Bedarfsprognose, Identifikation von potenziellen Fl\u00e4chen, St\u00e4dtebauliche Pr\u00fcfkriterien, Bewertung &amp; Ermittlung von Potenzialfl\u00e4chen<\/td>\n<\/tr>\n<\/tbody>\n<\/table>","protected":false},"featured_media":22406,"template":"","meta":{"_acf_changed":false},"product_brand":[],"product_cat":[41],"product_tag":[],"class_list":{"0":"post-22401","1":"product","2":"type-product","3":"status-publish","4":"has-post-thumbnail","6":"product_cat-energie-klima","8":"first","9":"instock","10":"shipping-taxable","11":"product-type-simple"},"acf":[],"aioseo_notices":[],"_links":{"self":[{"href":"https:\/\/seecon.de\/en\/wp-json\/wp\/v2\/product\/22401","targetHints":{"allow":["GET"]}}],"collection":[{"href":"https:\/\/seecon.de\/en\/wp-json\/wp\/v2\/product"}],"about":[{"href":"https:\/\/seecon.de\/en\/wp-json\/wp\/v2\/types\/product"}],"wp:featuredmedia":[{"embeddable":true,"href":"https:\/\/seecon.de\/en\/wp-json\/wp\/v2\/media\/22406"}],"wp:attachment":[{"href":"https:\/\/seecon.de\/en\/wp-json\/wp\/v2\/media?parent=22401"}],"wp:term":[{"taxonomy":"product_brand","embeddable":true,"href":"https:\/\/seecon.de\/en\/wp-json\/wp\/v2\/product_brand?post=22401"},{"taxonomy":"product_cat","embeddable":true,"href":"https:\/\/seecon.de\/en\/wp-json\/wp\/v2\/product_cat?post=22401"},{"taxonomy":"product_tag","embeddable":true,"href":"https:\/\/seecon.de\/en\/wp-json\/wp\/v2\/product_tag?post=22401"}],"curies":[{"name":"wp","href":"https:\/\/api.w.org\/{rel}","templated":true}]}}