{"id":22402,"date":"2026-04-09T07:06:58","date_gmt":"2026-04-09T07:06:58","guid":{"rendered":"https:\/\/seecon.de\/?post_type=product&#038;p=22402"},"modified":"2026-04-09T07:27:39","modified_gmt":"2026-04-09T07:27:39","slug":"vorstudie-abwaermenutzung-rz-gemeinde-wustermark","status":"publish","type":"product","link":"https:\/\/seecon.de\/en\/product\/vorstudie-abwaermenutzung-rz-gemeinde-wustermark\/","title":{"rendered":"VORSTUDIE ABW\u00c4RMENUTZUNG RZ \u2013 GEMEINDE WUSTERMARK"},"content":{"rendered":"<p>Im Rahmen einer Vorstudie wurde die Nutzung der Abw\u00e4rme eines geplanten Rechenzentrums in der Gemeinde Wustermark untersucht. Zuvor wurde bereits die Fortschreibung der Energie- und Treibhausgasbilanz nach BISKO erarbeitet.<\/p>\n<p>Auf Basis technischer Anlagenkonzepte wurden potenzielle Ausbaupfade f\u00fcr zwei Fernw\u00e4rmenetze zu wirtschaftlich tragf\u00e4higen Konditionen entwickelt. Grundlage bildete der Abgleich zwischen einer fl\u00e4chendeckenden Analyse bestehender und potenzieller W\u00e4rmebedarfe in der Gemeinde Wustermark und dem Abw\u00e4rmepotenzial des geplanten Rechenzentrums in den beiden Bebauungsplangebieten im Norden von Wustermark. Die Vorstudie beantwortet die Frage, ob und in welcher Form eine Umsetzung der Abw\u00e4rmenutzung \u00fcber Fernw\u00e4rmenetze m\u00f6glich ist, und zeigt die daf\u00fcr erforderlichen n\u00e4chsten Umsetzungsschritte auf.<\/p>\n<p>Die Entwicklung einer fl\u00e4chendeckenden W\u00e4rmeversorgung auf Basis der Abw\u00e4rme wurde in einem mehrstufigen Verfahren untersucht. Neben der Analyse von Bereichen mit hoher W\u00e4rmebedarfsdichte im Bestand (sog. Hotspots) sowie relevanten Neubaugebieten wurden weitere potenzielle Gro\u00dfabnehmer identifiziert.<\/p>\n<p>Untersucht wurden zwei Fernw\u00e4rmenetzvarianten: eine Variante zur Versorgung des Gesamtgebiets unter Nutzung der Abw\u00e4rme eines bestehenden Rechenzentrums sowie eine Variante zur Versorgung des bestehenden Gewerbe- und Industriegebiets Nord \u00fcber die Abw\u00e4rme aus einem geplanten Rechenzentrum.<\/p>","protected":false},"excerpt":{"rendered":"<table width=\"656\">\n<tbody>\n<tr>\n<td width=\"212\"><strong>Category<\/strong><\/td>\n<\/tr>\n<tr>\n<td width=\"212\">Studie Abw\u00e4rmenutzung Rechenzentren<\/td>\n<\/tr>\n<tr>\n<td width=\"212\"><strong>Auftraggeber<\/strong><\/td>\n<\/tr>\n<tr>\n<td width=\"212\">Projektentwickler RZ<br \/>\nin Kooperation Gemeinde Wustermark<\/td>\n<\/tr>\n<tr>\n<td width=\"212\"><strong>Period<\/strong><\/td>\n<\/tr>\n<tr>\n<td width=\"212\">02\/2023-12\/2023<\/td>\n<\/tr>\n<tr>\n<td width=\"212\"><strong>Leistungsumfang<\/strong><\/td>\n<\/tr>\n<tr>\n<td width=\"212\">Grundlagenermittlung, Bedarfsanalyse und Versorgungaufgabe, Potenzialanalyse, Versorgungsszenarien, Kooperation und Beteiligung, Berichterstellung und Dokumentation<\/td>\n<\/tr>\n<\/tbody>\n<\/table>","protected":false},"featured_media":22329,"template":"","meta":{"_acf_changed":false},"product_brand":[],"product_cat":[41],"product_tag":[],"class_list":{"0":"post-22402","1":"product","2":"type-product","3":"status-publish","4":"has-post-thumbnail","6":"product_cat-energie-klima","8":"first","9":"instock","10":"shipping-taxable","11":"product-type-simple"},"acf":[],"aioseo_notices":[],"_links":{"self":[{"href":"https:\/\/seecon.de\/en\/wp-json\/wp\/v2\/product\/22402","targetHints":{"allow":["GET"]}}],"collection":[{"href":"https:\/\/seecon.de\/en\/wp-json\/wp\/v2\/product"}],"about":[{"href":"https:\/\/seecon.de\/en\/wp-json\/wp\/v2\/types\/product"}],"wp:featuredmedia":[{"embeddable":true,"href":"https:\/\/seecon.de\/en\/wp-json\/wp\/v2\/media\/22329"}],"wp:attachment":[{"href":"https:\/\/seecon.de\/en\/wp-json\/wp\/v2\/media?parent=22402"}],"wp:term":[{"taxonomy":"product_brand","embeddable":true,"href":"https:\/\/seecon.de\/en\/wp-json\/wp\/v2\/product_brand?post=22402"},{"taxonomy":"product_cat","embeddable":true,"href":"https:\/\/seecon.de\/en\/wp-json\/wp\/v2\/product_cat?post=22402"},{"taxonomy":"product_tag","embeddable":true,"href":"https:\/\/seecon.de\/en\/wp-json\/wp\/v2\/product_tag?post=22402"}],"curies":[{"name":"wp","href":"https:\/\/api.w.org\/{rel}","templated":true}]}}