{"id":22403,"date":"2026-04-09T07:07:01","date_gmt":"2026-04-09T07:07:01","guid":{"rendered":"https:\/\/seecon.de\/?post_type=product&#038;p=22403"},"modified":"2026-04-09T07:23:22","modified_gmt":"2026-04-09T07:23:22","slug":"vorstudie-abwaermenutzung-rz-stadt-mittenwalde","status":"publish","type":"product","link":"https:\/\/seecon.de\/en\/product\/vorstudie-abwaermenutzung-rz-stadt-mittenwalde\/","title":{"rendered":"VORSTUDIE ABW\u00c4RMENUTZUNG RZ \u2013 STADT MITTENWALDE"},"content":{"rendered":"<p>Im Rahmen einer Vorstudie wurde die Nutzung der Abw\u00e4rme eines geplanten Rechenzentrums in der Gemeinde Wustermark untersucht. Zuvor wurde bereits die Fortschreibung der Energie- und Treibhausgasbilanz nach BISKO erarbeitet. Als Grundlage wurden \u00f6ffentlich zug\u00e4ngliche Daten (georeferenzierte Daten, Fl\u00e4chennutzungs- und Bebauungspl\u00e4ne, W\u00e4rmenetze und -konzepte, Studien, etc.) erhoben. Dar\u00fcber hinaus wurde in Abstimmung mit der Stadtverwaltung die Abfrage von st\u00e4dtischen Daten verfeinert. Die Abfrage zielte weiterhin auf potenzielle \u00f6ffentliche Geb\u00e4ude mit Verbrauchsdaten ab, die an das Fernw\u00e4rmenetz angeschlossen werden k\u00f6nnten.<\/p>\n<p>Auf Basis der ermittelten Bedarfswerte aus der W\u00e4rmefl\u00e4chenanalyse wurden die Gro\u00dfverbraucher identifiziert. Durch die Abfrage der Verbrauchsdaten sowie des grunds\u00e4tzlichen Interesses an einer Abw\u00e4rmenutzung \u00fcber ein Fernw\u00e4rmenetz bei den als Gro\u00dfverbraucher identifizierten Eigent\u00fcmern, wie Objekte der \u00f6ffentlichen Hand, Gewerbe\/Industrie oder Wohnungswirtschaft, wurden anschlie\u00dfend die Schl\u00fcsselkunden definiert. Die erhaltenen Verbrauchsdaten wurden abschlie\u00dfend mit den analysierten Bedarfswerten verschnitten. Die Visualisierung der W\u00e4rmebedarfe in Form von W\u00e4rmefl\u00e4chendichten \u00fcber Kartenmaterial erm\u00f6glichte die anschlie\u00dfende Identifizierung potenziell zu versorgender Gebiete &#8211; als sogenannte Hotspots &#8211; und die Trassierung geeigneter Teilnetze.<\/p>\n<p>Die ermittelten W\u00e4rmeliniendichten wurden mit vorhandenen Referenzwerten (Benchmark) verglichen und erm\u00f6glichten eine Indikation auf die Machbarkeit (wirtschaftliche Umsetzung). Die so generierten Ergebnisse stellen eine Empfehlung f\u00fcr weitere Umsetzungsschritte da.<\/p>","protected":false},"excerpt":{"rendered":"<table width=\"656\">\n<tbody>\n<tr>\n<td width=\"212\"><strong>Category<\/strong><\/td>\n<\/tr>\n<tr>\n<td width=\"212\">Klimaanpassung, Natur &amp; Landschaft, Stadtentwicklungsplanung<\/td>\n<\/tr>\n<tr>\n<td width=\"212\"><strong>Auftraggeber<\/strong><\/td>\n<\/tr>\n<tr>\n<td width=\"212\">City of Stadtallendorf<\/td>\n<\/tr>\n<tr>\n<td width=\"212\"><strong>Period<\/strong><\/td>\n<\/tr>\n<tr>\n<td width=\"212\">02\/2022 \u2013 12\/2023<\/td>\n<\/tr>\n<tr>\n<td width=\"212\"><strong>Leistungsumfang<\/strong><\/td>\n<\/tr>\n<tr>\n<td width=\"212\">Rahmenplanung: Gr\u00fcnordnung und Landschaftsplanung zur Sicherung von Frischluftkorridoren, Definition von Leitbildern und Verbindungswegen, F\u00f6rderung der Resilienz des Stadtgr\u00fcns gegen Hitze und Trockenheit, Verbesserung der Qualit\u00e4t von Gr\u00fcn- und Freifl\u00e4chen, Aufenthaltsqualit\u00e4t, Verbindungswegen, Sicherung zusammenh\u00e4ngender Gr\u00fcnstrukturen. Standortwahl f\u00fcr Beschattung und K\u00fchlung, Entsiegelung, Analyse von Stadtb\u00e4umen, klimataugliche Pflanzempfehlungen, Regenwassermanagement<\/td>\n<\/tr>\n<\/tbody>\n<\/table>","protected":false},"featured_media":22370,"template":"","meta":{"_acf_changed":false},"product_brand":[],"product_cat":[41],"product_tag":[],"class_list":{"0":"post-22403","1":"product","2":"type-product","3":"status-publish","4":"has-post-thumbnail","6":"product_cat-energie-klima","8":"first","9":"instock","10":"shipping-taxable","11":"product-type-simple"},"acf":[],"aioseo_notices":[],"_links":{"self":[{"href":"https:\/\/seecon.de\/en\/wp-json\/wp\/v2\/product\/22403","targetHints":{"allow":["GET"]}}],"collection":[{"href":"https:\/\/seecon.de\/en\/wp-json\/wp\/v2\/product"}],"about":[{"href":"https:\/\/seecon.de\/en\/wp-json\/wp\/v2\/types\/product"}],"wp:featuredmedia":[{"embeddable":true,"href":"https:\/\/seecon.de\/en\/wp-json\/wp\/v2\/media\/22370"}],"wp:attachment":[{"href":"https:\/\/seecon.de\/en\/wp-json\/wp\/v2\/media?parent=22403"}],"wp:term":[{"taxonomy":"product_brand","embeddable":true,"href":"https:\/\/seecon.de\/en\/wp-json\/wp\/v2\/product_brand?post=22403"},{"taxonomy":"product_cat","embeddable":true,"href":"https:\/\/seecon.de\/en\/wp-json\/wp\/v2\/product_cat?post=22403"},{"taxonomy":"product_tag","embeddable":true,"href":"https:\/\/seecon.de\/en\/wp-json\/wp\/v2\/product_tag?post=22403"}],"curies":[{"name":"wp","href":"https:\/\/api.w.org\/{rel}","templated":true}]}}