{"id":22404,"date":"2026-04-09T07:07:04","date_gmt":"2026-04-09T07:07:04","guid":{"rendered":"https:\/\/seecon.de\/?post_type=product&#038;p=22404"},"modified":"2026-04-09T07:12:49","modified_gmt":"2026-04-09T07:12:49","slug":"vorstudie-abwaermenutzung-rz-stadt-woellstadt","status":"publish","type":"product","link":"https:\/\/seecon.de\/en\/product\/vorstudie-abwaermenutzung-rz-stadt-woellstadt\/","title":{"rendered":"VORSTUDIE ABW\u00c4RMENUTZUNG RZ \u2013 STADT W\u00d6LLSTADT"},"content":{"rendered":"<p>Im Rahmen einer Vorstudie wurde die Nutzung der Abw\u00e4rme eines geplanten Rechenzentrums in der Gemeinde W\u00f6llstadt untersucht. Ziel war es, das Abw\u00e4rmepotenzial zu bewerten und dieses systematisch mit dem bestehenden sowie perspektivischen W\u00e4rmebedarf in den Ortsteilen abzugleichen. Im Fokus stand dabei die Frage, ob eine technisch und wirtschaftlich tragf\u00e4hige Abw\u00e4rmenutzung f\u00fcr \u00f6ffentliche Liegenschaften, Wohnungsunternehmen sowie gewerbliche Abnehmer m\u00f6glich ist.<\/p>\n<p>Als Grundlage wurden kommunale Informationen, Planungen sowie \u00f6ffentlich verf\u00fcgbare Geodaten ausgewertet und in Abstimmung mit der Verwaltung sowie dem Projektentwickler des Rechenzentrums plausibilisiert. Auf Basis einer W\u00e4rmebedarfsanalyse wurden potenzielle Versorgungsgebiete definiert, Netzverl\u00e4ufe abgeleitet und verschiedene Ausbauszenarien untersucht. Die Machbarkeit wurde \u00fcber die Berechnung der W\u00e4rmeliniendichte je Netzabschnitt anhand g\u00e4ngiger Benchmarks bewertet. Die Ergebnisse liefern eine fundierte Grundlage f\u00fcr weitere Planungs- und Entscheidungsschritte zur Entwicklung einer klimafreundlichen W\u00e4rmeversorgung in der Gemeinde.<\/p>","protected":false},"excerpt":{"rendered":"<table width=\"656\">\n<tbody>\n<tr>\n<td width=\"212\"><strong>Category<\/strong><\/td>\n<\/tr>\n<tr>\n<td width=\"212\">Studie Abw\u00e4rmenutzung Rechenzentren<\/td>\n<\/tr>\n<tr>\n<td width=\"212\"><strong>Auftraggeber<\/strong><\/td>\n<\/tr>\n<tr>\n<td width=\"212\">Stadt W\u00f6llstadt<\/td>\n<\/tr>\n<tr>\n<td width=\"212\"><strong>Period<\/strong><\/td>\n<\/tr>\n<tr>\n<td width=\"212\">02\/2024 \u2013 06\/2024<\/td>\n<\/tr>\n<tr>\n<td width=\"212\"><strong>Leistungsumfang<\/strong><\/td>\n<\/tr>\n<tr>\n<td width=\"212\">Grundlagenermittlung, Bedarfsanalyse und Versorgungaufgabe, Potenzialanalyse, Versorgungsszenarien, Kooperation und Beteiligung, Berichterstellung und Dokumentation<\/td>\n<\/tr>\n<\/tbody>\n<\/table>","protected":false},"featured_media":22405,"template":"","meta":{"_acf_changed":false},"product_brand":[],"product_cat":[41],"product_tag":[],"class_list":{"0":"post-22404","1":"product","2":"type-product","3":"status-publish","4":"has-post-thumbnail","6":"product_cat-energie-klima","8":"first","9":"instock","10":"shipping-taxable","11":"product-type-simple"},"acf":[],"aioseo_notices":[],"_links":{"self":[{"href":"https:\/\/seecon.de\/en\/wp-json\/wp\/v2\/product\/22404","targetHints":{"allow":["GET"]}}],"collection":[{"href":"https:\/\/seecon.de\/en\/wp-json\/wp\/v2\/product"}],"about":[{"href":"https:\/\/seecon.de\/en\/wp-json\/wp\/v2\/types\/product"}],"wp:featuredmedia":[{"embeddable":true,"href":"https:\/\/seecon.de\/en\/wp-json\/wp\/v2\/media\/22405"}],"wp:attachment":[{"href":"https:\/\/seecon.de\/en\/wp-json\/wp\/v2\/media?parent=22404"}],"wp:term":[{"taxonomy":"product_brand","embeddable":true,"href":"https:\/\/seecon.de\/en\/wp-json\/wp\/v2\/product_brand?post=22404"},{"taxonomy":"product_cat","embeddable":true,"href":"https:\/\/seecon.de\/en\/wp-json\/wp\/v2\/product_cat?post=22404"},{"taxonomy":"product_tag","embeddable":true,"href":"https:\/\/seecon.de\/en\/wp-json\/wp\/v2\/product_tag?post=22404"}],"curies":[{"name":"wp","href":"https:\/\/api.w.org\/{rel}","templated":true}]}}