{"id":22411,"date":"2026-04-09T15:34:45","date_gmt":"2026-04-09T15:34:45","guid":{"rendered":"https:\/\/seecon.de\/?post_type=product&#038;p=22411"},"modified":"2026-04-09T15:37:08","modified_gmt":"2026-04-09T15:37:08","slug":"machbarkeitsstudie-nahwaerme-plangebiet-w5-gemeinde-wustermark","status":"publish","type":"product","link":"https:\/\/seecon.de\/en\/product\/machbarkeitsstudie-nahwaerme-plangebiet-w5-gemeinde-wustermark\/","title":{"rendered":"MACHBARKEITSSTUDIE \u2013 NAHW\u00c4RME PLANGEBIET W5, GEMEINDE WUSTERMARK"},"content":{"rendered":"<p>In einem neuen Industriegebiet nahe der Ortschaft Wustermark ist die Errichtung eines Rechenzentrums vorgesehen. Die im Betrieb entstehende Abw\u00e4rme soll als zentrale W\u00e4rmequelle genutzt werden, um die W\u00e4rmeversorgung des umliegenden Gewerbe- und Industriegebiets aufzubauen. Ziel ist es, eine effiziente und zukunftsf\u00e4hige W\u00e4rmeversorgung zu realisieren, die vollst\u00e4ndig auf erneuerbaren Energien basiert und damit einen wesentlichen Beitrag zur klimaneutralen Entwicklung des Standorts leistet.<\/p>\n<p>F\u00fcr die Abw\u00e4rmenutzung wurden die seecon Ingenieure GmbH mit der Erstellung einer Machbarkeitsstudie sowie der anschlie\u00dfenden Planung in den Leistungsphasen 1 und 2 beauftragt. Im Rahmen der Studie wurden die technischen Randbedingungen, die zu erwartenden W\u00e4rmemengen sowie die Anforderungen der potenziellen Abnehmer im Plangebiet untersucht und bewertet.<\/p>\n<p>Der Auftragsumfang umfasste die Konzeption eines Heizwerks mit W\u00e4rmepumpen zur Temperaturanhebung der Abw\u00e4rme sowie die Planung der W\u00e4rmeverteilung \u00fcber ein neu zu errichtendes W\u00e4rmenetz mit einer L\u00e4nge von rund 4 km. Neben der Versorgung der Unternehmen im Plangebiet wurde auch die perspektivische Erweiterung des Netzes \u00fcber das Industriegebiet hinaus ber\u00fccksichtigt, um langfristig weitere Abnehmer in der Umgebung anbinden zu k\u00f6nnen.<\/p>","protected":false},"excerpt":{"rendered":"<table width=\"656\">\n<tbody>\n<tr>\n<td width=\"212\"><strong>Category<\/strong><\/td>\n<\/tr>\n<tr>\n<td width=\"212\">Machbarkeitsstudie, technische Planung<\/td>\n<\/tr>\n<tr>\n<td width=\"212\"><strong>Auftraggeber<\/strong><\/td>\n<\/tr>\n<tr>\n<td width=\"212\">Unternehmen f\u00fcr Projektentwicklung<br \/>\nin Kooperation Gemeinde Wustermark<\/td>\n<\/tr>\n<tr>\n<td width=\"212\"><strong>Period<\/strong><\/td>\n<\/tr>\n<tr>\n<td width=\"212\">06\/2024 \u2013 10\/2024<\/td>\n<\/tr>\n<tr>\n<td width=\"212\"><strong>Leistungsumfang<\/strong><\/td>\n<\/tr>\n<tr>\n<td width=\"212\">Machbarkeitsstudie und Leistungsphasen 1+2 der technischen Geb\u00e4udeausr\u00fcstung sowie Leistungsphasen 1+2 der Ingenieurbauwerke nach HOAI f\u00fcr das geplante Fernw\u00e4rmesystem.<\/td>\n<\/tr>\n<\/tbody>\n<\/table>","protected":false},"featured_media":22334,"template":"","meta":{"_acf_changed":false},"product_brand":[],"product_cat":[41],"product_tag":[],"class_list":{"0":"post-22411","1":"product","2":"type-product","3":"status-publish","4":"has-post-thumbnail","6":"product_cat-energie-klima","8":"first","9":"instock","10":"shipping-taxable","11":"product-type-simple"},"acf":[],"aioseo_notices":[],"_links":{"self":[{"href":"https:\/\/seecon.de\/en\/wp-json\/wp\/v2\/product\/22411","targetHints":{"allow":["GET"]}}],"collection":[{"href":"https:\/\/seecon.de\/en\/wp-json\/wp\/v2\/product"}],"about":[{"href":"https:\/\/seecon.de\/en\/wp-json\/wp\/v2\/types\/product"}],"wp:featuredmedia":[{"embeddable":true,"href":"https:\/\/seecon.de\/en\/wp-json\/wp\/v2\/media\/22334"}],"wp:attachment":[{"href":"https:\/\/seecon.de\/en\/wp-json\/wp\/v2\/media?parent=22411"}],"wp:term":[{"taxonomy":"product_brand","embeddable":true,"href":"https:\/\/seecon.de\/en\/wp-json\/wp\/v2\/product_brand?post=22411"},{"taxonomy":"product_cat","embeddable":true,"href":"https:\/\/seecon.de\/en\/wp-json\/wp\/v2\/product_cat?post=22411"},{"taxonomy":"product_tag","embeddable":true,"href":"https:\/\/seecon.de\/en\/wp-json\/wp\/v2\/product_tag?post=22411"}],"curies":[{"name":"wp","href":"https:\/\/api.w.org\/{rel}","templated":true}]}}