{"id":22412,"date":"2026-04-09T15:34:46","date_gmt":"2026-04-09T15:34:46","guid":{"rendered":"https:\/\/seecon.de\/?post_type=product&#038;p=22412"},"modified":"2026-04-09T15:39:18","modified_gmt":"2026-04-09T15:39:18","slug":"machbarkeitsstudie-nahwaerme-alsbach-ii-stadt-herborn","status":"publish","type":"product","link":"https:\/\/seecon.de\/en\/product\/machbarkeitsstudie-nahwaerme-alsbach-ii-stadt-herborn\/","title":{"rendered":"MACHBARKEITSSTUDIE \u2013 NAHW\u00c4RME ALSBACH II, STADT HERBORN"},"content":{"rendered":"<p>F\u00fcr ein Neubaugebiet mit rund 70 \u00fcberwiegend als Einfamilienh\u00e4user geplanten Wohngeb\u00e4uden ist der Aufbau eines regenerativen W\u00e4rmenetzes vorgesehen. Ziel ist eine zukunftsf\u00e4hige und weitgehend treibhausgasneutrale W\u00e4rmeversorgung. Die Umsetzung soll \u00fcber das BAFA-F\u00f6rderprogramm \u201eW\u00e4rmenetze 4.0\u201c finanziell unterst\u00fctzt werden.<\/p>\n<p>Zun\u00e4chst erfolgte die Unterst\u00fctzung bei der Beantragung der F\u00f6rdermittel zur Erstellung einer Machbarkeitsstudie. Nach Erhalt der F\u00f6rderzusage wurde die Studie ausgearbeitet, einschlie\u00dflich der technischen, energetischen und wirtschaftlichen Bewertung verschiedener Versorgungsvarianten.<\/p>\n<p>Im Ergebnis wurde ein Niedertemperatur-W\u00e4rmenetz konzipiert, das \u00fcberwiegend auf erneuerbaren Energien basiert. Als zentrale W\u00e4rmequellen sind Geothermie in Form von Erdsondenfeldern sowie PVT-Kollektoren zur kombinierten Strom- und W\u00e4rmeerzeugung vorgesehen. Erg\u00e4nzend kommen W\u00e4rmepumpen zur Temperaturanhebung sowie ein Biomassekessel zur Abdeckung von Spitzenlasten und zur Sicherstellung der Versorgung zum Einsatz.<\/p>","protected":false},"excerpt":{"rendered":"<table width=\"656\">\n<tbody>\n<tr>\n<td width=\"212\"><strong>Category<\/strong><\/td>\n<\/tr>\n<tr>\n<td width=\"212\">Machbarkeitsstudie nach BEW<\/td>\n<\/tr>\n<tr>\n<td width=\"212\"><strong>Auftraggeber<\/strong><\/td>\n<\/tr>\n<tr>\n<td width=\"212\">Unternehmen f\u00fcr Energieversorgung<\/td>\n<\/tr>\n<tr>\n<td width=\"212\"><strong>Period<\/strong><\/td>\n<\/tr>\n<tr>\n<td width=\"212\">10\/2021 \u2013 03\/2023<\/td>\n<\/tr>\n<tr>\n<td width=\"212\"><strong>Leistungsumfang<\/strong><\/td>\n<\/tr>\n<tr>\n<td width=\"212\">Energie- &amp; CO2-Bilanzierung des Ist-Zustands sowie weiterer Entwicklungsszenarien, Potenzialanalyse, Wirtschaftlichkeitsbetrachtung<\/td>\n<\/tr>\n<\/tbody>\n<\/table>","protected":false},"featured_media":22409,"template":"","meta":{"_acf_changed":false},"product_brand":[],"product_cat":[41],"product_tag":[],"class_list":{"0":"post-22412","1":"product","2":"type-product","3":"status-publish","4":"has-post-thumbnail","6":"product_cat-energie-klima","8":"first","9":"instock","10":"shipping-taxable","11":"product-type-simple"},"acf":[],"aioseo_notices":[],"_links":{"self":[{"href":"https:\/\/seecon.de\/en\/wp-json\/wp\/v2\/product\/22412","targetHints":{"allow":["GET"]}}],"collection":[{"href":"https:\/\/seecon.de\/en\/wp-json\/wp\/v2\/product"}],"about":[{"href":"https:\/\/seecon.de\/en\/wp-json\/wp\/v2\/types\/product"}],"wp:featuredmedia":[{"embeddable":true,"href":"https:\/\/seecon.de\/en\/wp-json\/wp\/v2\/media\/22409"}],"wp:attachment":[{"href":"https:\/\/seecon.de\/en\/wp-json\/wp\/v2\/media?parent=22412"}],"wp:term":[{"taxonomy":"product_brand","embeddable":true,"href":"https:\/\/seecon.de\/en\/wp-json\/wp\/v2\/product_brand?post=22412"},{"taxonomy":"product_cat","embeddable":true,"href":"https:\/\/seecon.de\/en\/wp-json\/wp\/v2\/product_cat?post=22412"},{"taxonomy":"product_tag","embeddable":true,"href":"https:\/\/seecon.de\/en\/wp-json\/wp\/v2\/product_tag?post=22412"}],"curies":[{"name":"wp","href":"https:\/\/api.w.org\/{rel}","templated":true}]}}