{"id":22413,"date":"2026-04-09T15:34:48","date_gmt":"2026-04-09T15:34:48","guid":{"rendered":"https:\/\/seecon.de\/?post_type=product&#038;p=22413"},"modified":"2026-04-09T15:43:13","modified_gmt":"2026-04-09T15:43:13","slug":"machbarkeitsstudie-fernwaerme-paunsdorf-stadt-leipzig","status":"publish","type":"product","link":"https:\/\/seecon.de\/en\/product\/machbarkeitsstudie-fernwaerme-paunsdorf-stadt-leipzig\/","title":{"rendered":"MACHBARKEITSSTUDIE \u2013 FERNW\u00c4RME PAUNSDORF, STADT LEIPZIG"},"content":{"rendered":"<p>Ein kommunaler Energieversorger arbeitet kontinuierlich an der nachhaltigen Weiterentwicklung der Fernw\u00e4rmeversorgung. In diesem Zusammenhang wird in geeigneten Teilgebieten die Transformation hin zu einem sogenannten W\u00e4rmenetz 4.0 untersucht. Hierzu wurde im Juli 2019 eine Machbarkeitsstudie zur Transformation eines Fernw\u00e4rme-Teilnetzes beauftragt.<\/p>\n<p>Im Rahmen der Studie werden M\u00f6glichkeiten zur Absenkung der Netztemperaturen sowie zum dezentralen Einbezug erneuerbarer Energien und alternativer W\u00e4rmequellen analysiert. Daf\u00fcr werden umfangreiche Simulations- und Auswertungsarbeiten durchgef\u00fchrt, um technische Umsetzbarkeit, energetische Wirkung und wirtschaftliche Rahmenbedingungen fundiert bewerten zu k\u00f6nnen.<\/p>\n<p>Ein Deponiek\u00f6rper, der unter anderem als L\u00e4rmschutz f\u00fcr angrenzende Wohnbebauung dient, wird als potenzielle Fl\u00e4che f\u00fcr Solarthermie- und\/oder Photovoltaikanlagen betrachtet. Dar\u00fcber hinaus wird die Einbindung von Abw\u00e4rme aus der Kanalisation sowie aus benachbarten Gewerbeeinheiten untersucht. Ein saisonaler W\u00e4rmespeicher soll dabei helfen, das zeitliche Ungleichgewicht zwischen W\u00e4rmeangebot und -nachfrage auszugleichen und die Versorgung zu stabilisieren.<\/p>","protected":false},"excerpt":{"rendered":"<table width=\"656\">\n<tbody>\n<tr>\n<td width=\"212\"><strong>Category<\/strong><\/td>\n<\/tr>\n<tr>\n<td width=\"212\">Machbarkeitsstudien nach BEW<\/td>\n<\/tr>\n<tr>\n<td width=\"212\"><strong>Auftraggeber<\/strong><\/td>\n<\/tr>\n<tr>\n<td width=\"212\">Unternehmen f\u00fcr Energieversorgung<br \/>\nin Kooperation Stadt Leipzig<\/td>\n<\/tr>\n<tr>\n<td width=\"212\"><strong>Period<\/strong><\/td>\n<\/tr>\n<tr>\n<td width=\"212\">01\/2019 \u2013 12\/2019<\/td>\n<\/tr>\n<tr>\n<td width=\"212\"><strong>Leistungsumfang<\/strong><\/td>\n<\/tr>\n<tr>\n<td width=\"212\">Variantenvergleich, Moderation Stakeholder, W\u00e4rmenetze 4.0, Technisches Projektcontrolling, Fernw\u00e4rmeausbauplanung, Strategieberatung<\/td>\n<\/tr>\n<\/tbody>\n<\/table>","protected":false},"featured_media":22370,"template":"","meta":{"_acf_changed":false},"product_brand":[],"product_cat":[41],"product_tag":[],"class_list":{"0":"post-22413","1":"product","2":"type-product","3":"status-publish","4":"has-post-thumbnail","6":"product_cat-energie-klima","8":"first","9":"instock","10":"shipping-taxable","11":"product-type-simple"},"acf":[],"aioseo_notices":[],"_links":{"self":[{"href":"https:\/\/seecon.de\/en\/wp-json\/wp\/v2\/product\/22413","targetHints":{"allow":["GET"]}}],"collection":[{"href":"https:\/\/seecon.de\/en\/wp-json\/wp\/v2\/product"}],"about":[{"href":"https:\/\/seecon.de\/en\/wp-json\/wp\/v2\/types\/product"}],"wp:featuredmedia":[{"embeddable":true,"href":"https:\/\/seecon.de\/en\/wp-json\/wp\/v2\/media\/22370"}],"wp:attachment":[{"href":"https:\/\/seecon.de\/en\/wp-json\/wp\/v2\/media?parent=22413"}],"wp:term":[{"taxonomy":"product_brand","embeddable":true,"href":"https:\/\/seecon.de\/en\/wp-json\/wp\/v2\/product_brand?post=22413"},{"taxonomy":"product_cat","embeddable":true,"href":"https:\/\/seecon.de\/en\/wp-json\/wp\/v2\/product_cat?post=22413"},{"taxonomy":"product_tag","embeddable":true,"href":"https:\/\/seecon.de\/en\/wp-json\/wp\/v2\/product_tag?post=22413"}],"curies":[{"name":"wp","href":"https:\/\/api.w.org\/{rel}","templated":true}]}}