{"id":22414,"date":"2026-04-09T15:34:50","date_gmt":"2026-04-09T15:34:50","guid":{"rendered":"https:\/\/seecon.de\/?post_type=product&#038;p=22414"},"modified":"2026-04-09T15:50:53","modified_gmt":"2026-04-09T15:50:53","slug":"transformationsplan-nahwaerme-aus-industrie-stadt-harzgerode","status":"publish","type":"product","link":"https:\/\/seecon.de\/en\/product\/transformationsplan-nahwaerme-aus-industrie-stadt-harzgerode\/","title":{"rendered":"TRANSFORMATIONSPLAN \u2013 NAHW\u00c4RME AUS INDUSTRIE, STADT HARZGERODE"},"content":{"rendered":"<p>Parallel zur kommunalen W\u00e4rmeplanung in Harzgerode wurde durch die seecon Ingenieure GmbH ein Transformationsplan f\u00fcr die Energie Harzgerode entwickelt. Ziel war es, eine strategische Grundlage f\u00fcr eine treibhausgasneutrale, wirtschaftlich tragf\u00e4hige und lokal angepasste W\u00e4rmeversorgung zu schaffen. Die Region ist durch eine kleinteilige Siedlungsstruktur, eine historisch gewachsene Geb\u00e4udesubstanz sowie einen hohen Anteil an Einzelheizungen gepr\u00e4gt \u2013 Aspekte, die besondere Anforderungen an die zuk\u00fcnftige W\u00e4rmeversorgung stellen.<\/p>\n<p>Eine wesentliche Herausforderung bestand in der Identifikation von zentralen Ansatzpunkten zur Dekarbonisierung, insbesondere im Hinblick auf die begrenzte Verf\u00fcgbarkeit zentraler Infrastrukturen. Als Ergebnis wurde ein ma\u00dfgeschneiderter Transformationspfad entwickelt, der konkrete Ma\u00dfnahmen zur Integration erneuerbarer Energien, zur schrittweisen Reduktion fossiler Energietr\u00e4ger sowie zur Erschlie\u00dfung von Nahw\u00e4rmel\u00f6sungen in ausgew\u00e4hlten Quartieren vorsieht. Eine weitere Herausforderung bestand in der Integration von Abw\u00e4rme Potentialen, welche in unmittelbarer Umgebung zum Bestandsnetz verf\u00fcgbar sind. Eine dauerhafte Bereitstellung konnte nicht garantiert werden. Der Transformationsplan bildet die Grundlage f\u00fcr die strategische Planung und dient zugleich als F\u00f6rdergrundlage im Rahmen einschl\u00e4giger Bundesprogramme.<\/p>","protected":false},"excerpt":{"rendered":"<table width=\"656\">\n<tbody>\n<tr>\n<td width=\"212\"><strong>Category<\/strong><\/td>\n<\/tr>\n<tr>\n<td width=\"212\">Transformationsplan nach BEW<\/td>\n<\/tr>\n<tr>\n<td width=\"212\"><strong>Auftraggeber<\/strong><\/td>\n<\/tr>\n<tr>\n<td width=\"212\">City of Harzgerode<\/td>\n<\/tr>\n<tr>\n<td width=\"212\"><strong>Period<\/strong><\/td>\n<\/tr>\n<tr>\n<td width=\"212\">06\/2023 \u2013 04\/2025<\/td>\n<\/tr>\n<tr>\n<td width=\"212\"><strong>Leistungsumfang<\/strong><\/td>\n<\/tr>\n<tr>\n<td width=\"212\">Ist-Analyse, Hydraulische Bewertung, Bedarfsanalyse, Potenzialanalyse erneuerbare Energien, Transformations- und Versorgungsszenarien, Netzausbauszenarien, Wirtschaftlichkeits- und Emissionsanalysen, Zielbildes und konkreter Ma\u00dfnahmenpfade bis 2045, Stakeholder-Beteiligung<\/td>\n<\/tr>\n<\/tbody>\n<\/table>","protected":false},"featured_media":22329,"template":"","meta":{"_acf_changed":false},"product_brand":[],"product_cat":[41],"product_tag":[],"class_list":{"0":"post-22414","1":"product","2":"type-product","3":"status-publish","4":"has-post-thumbnail","6":"product_cat-energie-klima","8":"first","9":"instock","10":"shipping-taxable","11":"product-type-simple"},"acf":[],"aioseo_notices":[],"_links":{"self":[{"href":"https:\/\/seecon.de\/en\/wp-json\/wp\/v2\/product\/22414","targetHints":{"allow":["GET"]}}],"collection":[{"href":"https:\/\/seecon.de\/en\/wp-json\/wp\/v2\/product"}],"about":[{"href":"https:\/\/seecon.de\/en\/wp-json\/wp\/v2\/types\/product"}],"wp:featuredmedia":[{"embeddable":true,"href":"https:\/\/seecon.de\/en\/wp-json\/wp\/v2\/media\/22329"}],"wp:attachment":[{"href":"https:\/\/seecon.de\/en\/wp-json\/wp\/v2\/media?parent=22414"}],"wp:term":[{"taxonomy":"product_brand","embeddable":true,"href":"https:\/\/seecon.de\/en\/wp-json\/wp\/v2\/product_brand?post=22414"},{"taxonomy":"product_cat","embeddable":true,"href":"https:\/\/seecon.de\/en\/wp-json\/wp\/v2\/product_cat?post=22414"},{"taxonomy":"product_tag","embeddable":true,"href":"https:\/\/seecon.de\/en\/wp-json\/wp\/v2\/product_tag?post=22414"}],"curies":[{"name":"wp","href":"https:\/\/api.w.org\/{rel}","templated":true}]}}