{"id":22415,"date":"2026-04-09T15:34:51","date_gmt":"2026-04-09T15:34:51","guid":{"rendered":"https:\/\/seecon.de\/?post_type=product&#038;p=22415"},"modified":"2026-04-09T15:55:34","modified_gmt":"2026-04-09T15:55:34","slug":"transformationsplan-fernwaerme-stadt-kamenz","status":"publish","type":"product","link":"https:\/\/seecon.de\/en\/product\/transformationsplan-fernwaerme-stadt-kamenz\/","title":{"rendered":"TRANSFORMATIONSPLAN \u2013 FERNW\u00c4RME, STADT KAMENZ"},"content":{"rendered":"<p>Projektbeschreibung mit Darstellung der Besonderheiten, Herausforderungen und erzielten Ergebnisse:<\/p>\n<p>Im Rahmen des Strukturwandels in der Lausitz hat die ewag kamenz einen Transformationsplan zur Dekarbonisierung ihres Fernw\u00e4rmenetzes in Kamenz durch die seecon Ingenieure GmbH erstellen lassen. Ziel war es, die bisherige W\u00e4rmeversorgung, die zu gro\u00dfen Teilen auf fossilen Energietr\u00e4gern basiert, durch den verst\u00e4rkten Einsatz erneuerbarer Energien und effizienter Technologien zukunftsf\u00e4hig zu gestalten. Das Netz umfasst zwei Heizkraftwerke mit je 10 MW bei einer Gesamtl\u00e4nge des aktuellen Netzes von ca. 22 km.<\/p>\n<p>Besondere Herausforderungen lagen in der Integration neuer Technologien in das bestehende Netz, der Sicherstellung der Versorgungssicherheit w\u00e4hrend des Umbaus sowie der wirtschaftlichen Umsetzung der Ma\u00dfnahmen. Durch die Nutzung von Abw\u00e4rme und der Erschlie\u00dfung eines gefluteten Tagebaus konnte der Transformationsplan aufzeigen, wie die Gesamte W\u00e4rmeversorgung bis 2045 wirtschaftlich umgesetzt werden kann. Zus\u00e4tzlich wurden diverse Nachverdichtungen und Erweiterungen des Fernw\u00e4rmenetzes mitbetrachtet, um gro\u00dfe Teile der Ortschaft mit dem zuk\u00fcnftig CO2 neutralen Fernw\u00e4rmesystem zu versorgen. So konnten erhebliche CO\u2082-Einsparungen erzielt werden.<\/p>","protected":false},"excerpt":{"rendered":"<table width=\"656\">\n<tbody>\n<tr>\n<td width=\"212\"><strong>Category<\/strong><\/td>\n<\/tr>\n<tr>\n<td width=\"212\">Transformationsplan nach BEW<\/td>\n<\/tr>\n<tr>\n<td width=\"212\"><strong>Auftraggeber<\/strong><\/td>\n<\/tr>\n<tr>\n<td width=\"212\">Unternehmen f\u00fcr Energie- und Wasserversorgung<br \/>\nin Kooperation Stadt Kamenz<\/td>\n<\/tr>\n<tr>\n<td width=\"212\"><strong>Period<\/strong><\/td>\n<\/tr>\n<tr>\n<td width=\"212\">06\/2023 \u2013 07\/2024<\/td>\n<\/tr>\n<tr>\n<td width=\"212\"><strong>Leistungsumfang<\/strong><\/td>\n<\/tr>\n<tr>\n<td width=\"212\">Ist-Analyse, Hydraulische Bewertung, Bedarfsanalyse, Potenzialanalyse erneuerbare Energien, Transformations- und Versorgungsszenarien, Netzausbauszenarien, Wirtschaftlichkeits- und Emissionsanalysen, Zielbildes und konkreter Ma\u00dfnahmenpfade bis 2045, Stakeholder-Beteiligung<\/td>\n<\/tr>\n<\/tbody>\n<\/table>","protected":false},"featured_media":22328,"template":"","meta":{"_acf_changed":false},"product_brand":[],"product_cat":[41],"product_tag":[],"class_list":{"0":"post-22415","1":"product","2":"type-product","3":"status-publish","4":"has-post-thumbnail","6":"product_cat-energie-klima","8":"first","9":"instock","10":"shipping-taxable","11":"product-type-simple"},"acf":[],"aioseo_notices":[],"_links":{"self":[{"href":"https:\/\/seecon.de\/en\/wp-json\/wp\/v2\/product\/22415","targetHints":{"allow":["GET"]}}],"collection":[{"href":"https:\/\/seecon.de\/en\/wp-json\/wp\/v2\/product"}],"about":[{"href":"https:\/\/seecon.de\/en\/wp-json\/wp\/v2\/types\/product"}],"wp:featuredmedia":[{"embeddable":true,"href":"https:\/\/seecon.de\/en\/wp-json\/wp\/v2\/media\/22328"}],"wp:attachment":[{"href":"https:\/\/seecon.de\/en\/wp-json\/wp\/v2\/media?parent=22415"}],"wp:term":[{"taxonomy":"product_brand","embeddable":true,"href":"https:\/\/seecon.de\/en\/wp-json\/wp\/v2\/product_brand?post=22415"},{"taxonomy":"product_cat","embeddable":true,"href":"https:\/\/seecon.de\/en\/wp-json\/wp\/v2\/product_cat?post=22415"},{"taxonomy":"product_tag","embeddable":true,"href":"https:\/\/seecon.de\/en\/wp-json\/wp\/v2\/product_tag?post=22415"}],"curies":[{"name":"wp","href":"https:\/\/api.w.org\/{rel}","templated":true}]}}