{"id":22416,"date":"2026-04-09T15:34:52","date_gmt":"2026-04-09T15:34:52","guid":{"rendered":"https:\/\/seecon.de\/?post_type=product&#038;p=22416"},"modified":"2026-04-09T15:58:29","modified_gmt":"2026-04-09T15:58:29","slug":"transformationsplan-fernwaerme-stadt-wilthen","status":"publish","type":"product","link":"https:\/\/seecon.de\/en\/product\/transformationsplan-fernwaerme-stadt-wilthen\/","title":{"rendered":"TRANSFORMATIONSPLAN \u2013 FERNW\u00c4RME, STADT WILTHEN"},"content":{"rendered":"<p>Auf Basis der kommunalen W\u00e4rmeplanung der Stadt Wilthen wurde ein Transformationsplan f\u00fcr die Wilthener Wohnungsbaugesellschaft mbH erarbeitet. Ziel war die Entwicklung einer belastbaren strategischen Grundlage f\u00fcr die zuk\u00fcnftige Fernw\u00e4rmeversorgung mit dem Anspruch, langfristig eine treibhausgasneutrale, wirtschaftlich tragf\u00e4hige und an die lokalen Gegebenheiten angepasste W\u00e4rmeversorgung sicherzustellen.<\/p>\n<p>Ein Schwerpunkt lag auf der Identifikation technisch und r\u00e4umlich geeigneter erneuerbarer W\u00e4rmequellen. Die Potenzialanalyse best\u00e4tigte insbesondere die gute Umsetzbarkeit von Luft\/Wasser-Gro\u00dfw\u00e4rmepumpen, Photovoltaik zur Eigenstromnutzung sowie erg\u00e4nzenden Biomasseeins\u00e4tzen. Industrielle Abw\u00e4rme und tiefengeothermische Potenziale konnten hingegen nicht in wirtschaftlich nutzbarem Umfang nachgewiesen werden. Parallel wurde das bestehende Netz hinsichtlich hydraulischer Leistungsf\u00e4higkeit, Str\u00f6mungssituationen und m\u00f6glicher Engp\u00e4sse untersucht, um die Transformationsschritte technisch abzusichern.<\/p>\n<p>Auf dieser Grundlage wurde ein stufenweiser Transformationspfad bis 2045 entwickelt. Bereits bis 2030 kann ein erneuerbarer Anteil von mindestens 30 % erreicht werden, vor allem durch die Integration erster Gro\u00dfw\u00e4rmepumpen und Photovoltaik. Der Transformationsplan liefert damit eine tragf\u00e4hige Entscheidungs- und F\u00f6rdergrundlage gem\u00e4\u00df BEW-Modul 1.<\/p>","protected":false},"excerpt":{"rendered":"<table width=\"656\">\n<tbody>\n<tr>\n<td width=\"212\"><strong>Category<\/strong><\/td>\n<\/tr>\n<tr>\n<td width=\"212\">Transformationsplan nach BEW<\/td>\n<\/tr>\n<tr>\n<td width=\"212\"><strong>Auftraggeber<\/strong><\/td>\n<\/tr>\n<tr>\n<td width=\"212\">Unternehmen der Wohnungswirtschaft<\/td>\n<\/tr>\n<tr>\n<td width=\"212\"><strong>Period<\/strong><\/td>\n<\/tr>\n<tr>\n<td width=\"212\">01\/2025 \u2013 06\/2026<\/td>\n<\/tr>\n<tr>\n<td width=\"212\"><strong>Leistungsumfang<\/strong><\/td>\n<\/tr>\n<tr>\n<td width=\"212\">Ist-Analyse, Hydraulische Bewertung, Bedarfsanalyse, Potenzialanalyse erneuerbare Energien, Transformations- und Versorgungsszenarien, Netzausbauszenarien, Wirtschaftlichkeits- und Emissionsanalysen, Zielbildes und konkreter Ma\u00dfnahmenpfade bis 2045, Stakeholder-Beteiligung<\/td>\n<\/tr>\n<\/tbody>\n<\/table>","protected":false},"featured_media":22405,"template":"","meta":{"_acf_changed":false},"product_brand":[],"product_cat":[41],"product_tag":[],"class_list":{"0":"post-22416","1":"product","2":"type-product","3":"status-publish","4":"has-post-thumbnail","6":"product_cat-energie-klima","8":"first","9":"instock","10":"shipping-taxable","11":"product-type-simple"},"acf":[],"aioseo_notices":[],"_links":{"self":[{"href":"https:\/\/seecon.de\/en\/wp-json\/wp\/v2\/product\/22416","targetHints":{"allow":["GET"]}}],"collection":[{"href":"https:\/\/seecon.de\/en\/wp-json\/wp\/v2\/product"}],"about":[{"href":"https:\/\/seecon.de\/en\/wp-json\/wp\/v2\/types\/product"}],"wp:featuredmedia":[{"embeddable":true,"href":"https:\/\/seecon.de\/en\/wp-json\/wp\/v2\/media\/22405"}],"wp:attachment":[{"href":"https:\/\/seecon.de\/en\/wp-json\/wp\/v2\/media?parent=22416"}],"wp:term":[{"taxonomy":"product_brand","embeddable":true,"href":"https:\/\/seecon.de\/en\/wp-json\/wp\/v2\/product_brand?post=22416"},{"taxonomy":"product_cat","embeddable":true,"href":"https:\/\/seecon.de\/en\/wp-json\/wp\/v2\/product_cat?post=22416"},{"taxonomy":"product_tag","embeddable":true,"href":"https:\/\/seecon.de\/en\/wp-json\/wp\/v2\/product_tag?post=22416"}],"curies":[{"name":"wp","href":"https:\/\/api.w.org\/{rel}","templated":true}]}}