{"id":22418,"date":"2026-04-09T15:34:55","date_gmt":"2026-04-09T15:34:55","guid":{"rendered":"https:\/\/seecon.de\/?post_type=product&#038;p=22418"},"modified":"2026-04-09T16:59:24","modified_gmt":"2026-04-09T16:59:24","slug":"energiekonzept-quartier-alte-messe-west-stadt-leipzig","status":"publish","type":"product","link":"https:\/\/seecon.de\/en\/product\/energiekonzept-quartier-alte-messe-west-stadt-leipzig\/","title":{"rendered":"ENERGIEKONZEPT \u2013 QUARTIER \u201eALTE MESSE WEST\u201c, STADT LEIPZIG"},"content":{"rendered":"<p>Im Rahmen des Projekts wurde eine umfassende Standortanalyse durchgef\u00fchrt, um ein nachhaltiges Energiekonzept f\u00fcr das Plangebiet zu entwickeln. Die Analyse umfasste die Erfassung vorhandener Infrastrukturen, die Bewertung erneuerbarer Energien sowie die Ber\u00fccksichtigung st\u00e4dtebaulicher Rahmenbedingungen. Ein besonderer Fokus lag auf der Identifikation geeigneter Fl\u00e4chen f\u00fcr Solarenergie, Geothermie und Abw\u00e4rmenutzung sowie auf der Integration eines effizienten W\u00e4rmeversorgungssystems.<\/p>\n<p>Die Energiebedarfsanalyse umfasste eine detaillierte Untersuchung der Geb\u00e4udegeometrien, der Nutzungstypen sowie der Effizienzstandards. Verschiedene Szenarien zur energetischen Optimierung wurden entwickelt und hinsichtlich ihres W\u00e4rme- und Strombedarfs analysiert. Die Versorgungskonzepte wurden unter Ber\u00fccksichtigung lokaler Umweltenergien und wirtschaftlicher Faktoren verglichen. Dabei wurden erneuerbare Energien, W\u00e4rmenetze und Speicherl\u00f6sungen integriert, um eine hohe Versorgungseffizienz und CO\u2082-Reduktion zu erreichen.<\/p>\n<p>F\u00fcr die verbindliche Bauleitplanung wurden konkrete Empfehlungen zur Ber\u00fccksichtigung nachhaltiger Energieinfrastrukturen formuliert. Diese beinhalten unter anderem Festsetzungen zu Photovoltaiknutzung, W\u00e4rmenetzen und energieeffizienten Bauvorgaben. Abschlie\u00dfend wurde eine umfassende Dokumentation mit Kartenmaterial, technischen Konzepten und Handlungsempfehlungen erstellt, um die Umsetzung des Energiekonzepts langfristig zu begleiten<\/p>","protected":false},"excerpt":{"rendered":"<table width=\"656\">\n<tbody>\n<tr>\n<td width=\"212\"><strong>Category<\/strong><\/td>\n<\/tr>\n<tr>\n<td width=\"212\">Energiekonzept<\/td>\n<\/tr>\n<tr>\n<td width=\"212\"><strong>Auftraggeber<\/strong><\/td>\n<\/tr>\n<tr>\n<td width=\"212\">City of Leipzig<\/td>\n<\/tr>\n<tr>\n<td width=\"212\"><strong>Period<\/strong><\/td>\n<\/tr>\n<tr>\n<td width=\"212\">06\/2024 \u2013 03\/2025<\/td>\n<\/tr>\n<tr>\n<td width=\"212\"><strong>Leistungsumfang<\/strong><\/td>\n<\/tr>\n<tr>\n<td width=\"212\">Grundlagenermittlung und Standortanalyse, Energiebedarfsanalyse, Potenzialanalyse f\u00fcr erneuerbare Energien, Energieversorgungskonzepte, Hinweise und Empfehlungen f\u00fcr die verbindliche Bauleitplanung<\/td>\n<\/tr>\n<\/tbody>\n<\/table>","protected":false},"featured_media":22374,"template":"","meta":{"_acf_changed":false},"product_brand":[],"product_cat":[41],"product_tag":[],"class_list":{"0":"post-22418","1":"product","2":"type-product","3":"status-publish","4":"has-post-thumbnail","6":"product_cat-energie-klima","8":"first","9":"instock","10":"shipping-taxable","11":"product-type-simple"},"acf":[],"aioseo_notices":[],"_links":{"self":[{"href":"https:\/\/seecon.de\/en\/wp-json\/wp\/v2\/product\/22418","targetHints":{"allow":["GET"]}}],"collection":[{"href":"https:\/\/seecon.de\/en\/wp-json\/wp\/v2\/product"}],"about":[{"href":"https:\/\/seecon.de\/en\/wp-json\/wp\/v2\/types\/product"}],"wp:featuredmedia":[{"embeddable":true,"href":"https:\/\/seecon.de\/en\/wp-json\/wp\/v2\/media\/22374"}],"wp:attachment":[{"href":"https:\/\/seecon.de\/en\/wp-json\/wp\/v2\/media?parent=22418"}],"wp:term":[{"taxonomy":"product_brand","embeddable":true,"href":"https:\/\/seecon.de\/en\/wp-json\/wp\/v2\/product_brand?post=22418"},{"taxonomy":"product_cat","embeddable":true,"href":"https:\/\/seecon.de\/en\/wp-json\/wp\/v2\/product_cat?post=22418"},{"taxonomy":"product_tag","embeddable":true,"href":"https:\/\/seecon.de\/en\/wp-json\/wp\/v2\/product_tag?post=22418"}],"curies":[{"name":"wp","href":"https:\/\/api.w.org\/{rel}","templated":true}]}}