{"id":22419,"date":"2026-04-09T15:34:56","date_gmt":"2026-04-09T15:34:56","guid":{"rendered":"https:\/\/seecon.de\/?post_type=product&#038;p=22419"},"modified":"2026-04-09T17:01:54","modified_gmt":"2026-04-09T17:01:54","slug":"energiekonzept-eggenfelder-strasse-muenchen","status":"publish","type":"product","link":"https:\/\/seecon.de\/en\/product\/energiekonzept-eggenfelder-strasse-muenchen\/","title":{"rendered":"ENERGIEKONZEPT \u2013 EGGENFELDER STRA\u00dfE, M\u00dcNCHEN"},"content":{"rendered":"<p>Die Erstellung des Bebauungsplansf\u00fcr das Neubaugebiet Eggenfeldener Stra\u00dfe setzt sich das ambitionierte Ziel, ein m\u00f6glichst klimaneutrales Versorgungssystem zu schaffen, das sowohl die Anforderungen an moderne Energieeffizienz als auch an Nachhaltigkeit erf\u00fcllt. Im Zentrum dieses steht die Erstellung eines energetischen Fachgutachtens, welches in enger Zusammenarbeit mit der Firma seecon entwickelt werden soll. Dieses Gutachten bildet das Fundament f\u00fcr die geplante Umsetzung eines Energiesystems, welches die Integration verschiedener Energiequellen, insbesondere der Fernw\u00e4rme und Photovoltaik, vorsieht.\u00a0 Ein wesentlicher Inhalt des Energiekonzeptes ist die \u00dcberpr\u00fcfung dieser Ziele durch die Schaffung einer fundierten Berechnungsgrundlage. Dazu geh\u00f6ren die Ermittlung des Geb\u00e4udeenergiebedarfs nach Effizienzhaus 55 bzw. 40 und die detaillierte Untersuchung des Potenzials f\u00fcr Photovoltaikanlagen sowie die Anbindung der Fernw\u00e4rme. Die Auswahl der Energieversorgungsvarianten erfolgt auf Basis einer umfassenden Analyse ihrer technischen und wirtschaftlichen Machbarkeit sowie ihrer Umweltauswirkungen. Das zentrale Ziel ist es, einen m\u00f6glichst hohen Anteil des Energiebedarfs des Quartiers aus erneuerbaren Energiequellen zu decken, um einen wesentlichen Beitrag zur Erreichung der Klimaneutralit\u00e4t M\u00fcnchens bis 2035 zu leisten und damit neue Ma\u00dfst\u00e4be f\u00fcr eine nachhaltige Stadtentwicklung zu setzen.<\/p>","protected":false},"excerpt":{"rendered":"<table width=\"656\">\n<tbody>\n<tr>\n<td width=\"212\"><strong>Category<\/strong><\/td>\n<\/tr>\n<tr>\n<td width=\"212\">Energiekonzept<\/td>\n<\/tr>\n<tr>\n<td width=\"212\"><strong>Auftraggeber<\/strong><\/td>\n<\/tr>\n<tr>\n<td width=\"212\">Projektentwickler Neubaugebiet<br \/>\nin Kooperation Stadt M\u00fcnchen (LHM)<\/td>\n<\/tr>\n<tr>\n<td width=\"212\"><strong>Period<\/strong><\/td>\n<\/tr>\n<tr>\n<td width=\"212\">01\/2024 \u2013 08\/2024<\/td>\n<\/tr>\n<tr>\n<td width=\"212\"><strong>Leistungsumfang<\/strong><\/td>\n<\/tr>\n<tr>\n<td width=\"212\">Grundlagenermittlung und Standortanalyse, Energiebedarfsanalyse, Einsatz nachhaltiger Baumaterialien, Potenzialanalyse, Energieversorungskonzepte, Hinweise und Empfehlungen f\u00fcr die verbindliche Bauleitplanung<\/td>\n<\/tr>\n<\/tbody>\n<\/table>","protected":false},"featured_media":22332,"template":"","meta":{"_acf_changed":false},"product_brand":[],"product_cat":[41],"product_tag":[],"class_list":{"0":"post-22419","1":"product","2":"type-product","3":"status-publish","4":"has-post-thumbnail","6":"product_cat-energie-klima","8":"first","9":"instock","10":"shipping-taxable","11":"product-type-simple"},"acf":[],"aioseo_notices":[],"_links":{"self":[{"href":"https:\/\/seecon.de\/en\/wp-json\/wp\/v2\/product\/22419","targetHints":{"allow":["GET"]}}],"collection":[{"href":"https:\/\/seecon.de\/en\/wp-json\/wp\/v2\/product"}],"about":[{"href":"https:\/\/seecon.de\/en\/wp-json\/wp\/v2\/types\/product"}],"wp:featuredmedia":[{"embeddable":true,"href":"https:\/\/seecon.de\/en\/wp-json\/wp\/v2\/media\/22332"}],"wp:attachment":[{"href":"https:\/\/seecon.de\/en\/wp-json\/wp\/v2\/media?parent=22419"}],"wp:term":[{"taxonomy":"product_brand","embeddable":true,"href":"https:\/\/seecon.de\/en\/wp-json\/wp\/v2\/product_brand?post=22419"},{"taxonomy":"product_cat","embeddable":true,"href":"https:\/\/seecon.de\/en\/wp-json\/wp\/v2\/product_cat?post=22419"},{"taxonomy":"product_tag","embeddable":true,"href":"https:\/\/seecon.de\/en\/wp-json\/wp\/v2\/product_tag?post=22419"}],"curies":[{"name":"wp","href":"https:\/\/api.w.org\/{rel}","templated":true}]}}