{"id":22420,"date":"2026-04-09T15:34:57","date_gmt":"2026-04-09T15:34:57","guid":{"rendered":"https:\/\/seecon.de\/?post_type=product&#038;p=22420"},"modified":"2026-04-09T17:04:56","modified_gmt":"2026-04-09T17:04:56","slug":"energiekonzept-gewerbepark-borsdorf-stadt-nidda","status":"publish","type":"product","link":"https:\/\/seecon.de\/en\/product\/energiekonzept-gewerbepark-borsdorf-stadt-nidda\/","title":{"rendered":"ENERGIEKONZEPT \u2013 GEWERBEPARK BORSDORF, STADT NIDDA"},"content":{"rendered":"<p>Am 29.09.2022 wurde von der Stadtverordnetenversammlung beschlossen, den Bebauungsplan &#8222;Interkommunaler Gewerbepark Oberhessen&#8220; in der Gemarkung Borsdorf aufzustellen. Um die Nachhaltigkeit des Gewerbeparks zu gew\u00e4hrleisten, sollten bereits auf der B-Planebene geeignete Festsetzungen getroffen werden. Hinsichtlich der stadtklimatischen und klimagerechten Anforderungen war die Minimierung der CO\u2082 Emissionen ein wesentliches Ziel. Mit der Fl\u00e4chenfestsetzung f\u00fcr eine zentrale Energieversorgungsanlage wird mit einer effizienten Energienutzung ein umweltschonender Beitrag geleistet.<\/p>\n<p>Am Anfang des Projektes fand ein Auftaktgespr\u00e4ch zur Abstimmung der Vorgehensweise inkl. der grundlegenden Methodik statt. Es folgten Erl\u00e4uterungs- und Er\u00f6rterungstermine. Die verf\u00fcgbaren Potenziale zur Gewinnung erneuerbarer Energien und deren Mix zur CO\u2082-neutralen Gebietsversorgung wurden ermittelt und innerhalb einer Machbarkeitsstudie in drei verschiedenen Varianten analysiert. Es fand eine Untersuchung der Vorzugsvariante hinsichtlich der Reduzierung der CO\u2082 Emissionen bei unterschiedlichen Geb\u00e4ude-Effizienzstandards mit Ziel einer CO\u2082- Neutralit\u00e4t statt sowie die Pr\u00fcfung der Potenziale zur Herstellung von Wasserstoff aus regionaler Windenergie. Geeignete F\u00f6rderm\u00f6glichkeiten f\u00fcr die Energieinfrastruktur wurden dargestellt. Die abschlie\u00dfende Erstellung eines Energiekonzeptes erfolgte in Form eines Berichts mit Zusammenfassung und Erl\u00e4uterung der Ergebnisse.<\/p>","protected":false},"excerpt":{"rendered":"<table width=\"656\">\n<tbody>\n<tr>\n<td width=\"212\"><strong>Category<\/strong><\/td>\n<\/tr>\n<tr>\n<td width=\"212\">Energiekonzept<\/td>\n<\/tr>\n<tr>\n<td width=\"212\"><strong>Auftraggeber<\/strong><\/td>\n<\/tr>\n<tr>\n<td width=\"212\">Der Magistrat der Stadt Nidda<\/td>\n<\/tr>\n<tr>\n<td width=\"212\"><strong>Period<\/strong><\/td>\n<\/tr>\n<tr>\n<td width=\"212\">05\/2022 \u2013 12\/2023<\/td>\n<\/tr>\n<tr>\n<td width=\"212\"><strong>Leistungsumfang<\/strong><\/td>\n<\/tr>\n<tr>\n<td width=\"212\">Auftaktbesprechung, Er\u00f6rterungstermine, Machbarkeitsstudie, Wirtschaftlichkeitsvergleich, Beratung zu Energieliefercontracting, Energiekonzept<\/td>\n<\/tr>\n<\/tbody>\n<\/table>","protected":false},"featured_media":22328,"template":"","meta":{"_acf_changed":false},"product_brand":[],"product_cat":[41],"product_tag":[],"class_list":{"0":"post-22420","1":"product","2":"type-product","3":"status-publish","4":"has-post-thumbnail","6":"product_cat-energie-klima","8":"first","9":"instock","10":"shipping-taxable","11":"product-type-simple"},"acf":[],"aioseo_notices":[],"_links":{"self":[{"href":"https:\/\/seecon.de\/en\/wp-json\/wp\/v2\/product\/22420","targetHints":{"allow":["GET"]}}],"collection":[{"href":"https:\/\/seecon.de\/en\/wp-json\/wp\/v2\/product"}],"about":[{"href":"https:\/\/seecon.de\/en\/wp-json\/wp\/v2\/types\/product"}],"wp:featuredmedia":[{"embeddable":true,"href":"https:\/\/seecon.de\/en\/wp-json\/wp\/v2\/media\/22328"}],"wp:attachment":[{"href":"https:\/\/seecon.de\/en\/wp-json\/wp\/v2\/media?parent=22420"}],"wp:term":[{"taxonomy":"product_brand","embeddable":true,"href":"https:\/\/seecon.de\/en\/wp-json\/wp\/v2\/product_brand?post=22420"},{"taxonomy":"product_cat","embeddable":true,"href":"https:\/\/seecon.de\/en\/wp-json\/wp\/v2\/product_cat?post=22420"},{"taxonomy":"product_tag","embeddable":true,"href":"https:\/\/seecon.de\/en\/wp-json\/wp\/v2\/product_tag?post=22420"}],"curies":[{"name":"wp","href":"https:\/\/api.w.org\/{rel}","templated":true}]}}