{"id":22421,"date":"2026-04-09T15:34:58","date_gmt":"2026-04-09T15:34:58","guid":{"rendered":"https:\/\/seecon.de\/?post_type=product&#038;p=22421"},"modified":"2026-04-09T17:59:08","modified_gmt":"2026-04-09T17:59:08","slug":"energiekonzept-gemeinde-dohren-samtgemeinde-herzlake","status":"publish","type":"product","link":"https:\/\/seecon.de\/en\/product\/energiekonzept-gemeinde-dohren-samtgemeinde-herzlake\/","title":{"rendered":"ENERGIEKONZEPT \u2013 GEMEINDE DOHREN, SAMTGEMEINDE HERZLAKE"},"content":{"rendered":"<p>Im Rahmen des Energiekonzeptes sollen der Geb\u00e4udew\u00e4rmebedarf, der Aufbau eines W\u00e4rmenetzes sowie die W\u00e4rmeversorgung mittels Biomasse-Heizwerk un-tersucht und einer vergleichbaren Einzelversorgung gegen\u00fcbergestellt werden.<\/p>\n<p>Im Rahmen des Projektes fand eine objektscharfe Ermittlung der Geb\u00e4udew\u00e4r-mebedarfe sowie die Erstellung einer Lastganganalyse statt. Die Eigent\u00fcmer*in-nen wurden bzgl. Geb\u00e4udenutzung, -alter, -zustand, Heizungstechnik, W\u00e4rme-verbr\u00e4uche etc. befragt. Es wurde ein m\u00f6glicher Trassenverlauf des W\u00e4rmenet-zes skizziert. Als Basis f\u00fcr den Variantenvergleich wurde eine Referenzw\u00e4rmever-sorgung sowie eine \u00fcberschl\u00e4gige Auslegung des Biomasse-Heizwerks erstellt. Es erfolgte ein technischer, wirtschaftlicher und \u00f6kologischer Variantenvergleich auf dessen Grundlage ein Grobkonzept zur Umsetzung der Zielvariante aus dem Va-riantenvergleich erstellt wurde.<\/p>","protected":false},"excerpt":{"rendered":"<table width=\"656\">\n<tbody>\n<tr>\n<td width=\"212\"><strong>Category<\/strong><\/td>\n<\/tr>\n<tr>\n<td width=\"212\">Energiekonzept<\/td>\n<\/tr>\n<tr>\n<td width=\"212\"><strong>Auftraggeber<\/strong><\/td>\n<\/tr>\n<tr>\n<td width=\"212\">Samtgemeinde Herzlake<\/td>\n<\/tr>\n<tr>\n<td width=\"212\"><strong>Period<\/strong><\/td>\n<\/tr>\n<tr>\n<td width=\"212\">07\/2022 \u2013 10\/2023<\/td>\n<\/tr>\n<tr>\n<td width=\"212\"><strong>Leistungsumfang<\/strong><\/td>\n<\/tr>\n<tr>\n<td width=\"212\">Ermittlung Geb\u00e4udew\u00e4rmebedarfe, Befragung, Skizzierung Trassenverlauf, Referenzw\u00e4rmeversorgung, W\u00e4rmeversorgung Biomasse-Heizwerk, Variantenvergleich, Grobkonzept, Projektmanagement, Ortstermine<\/td>\n<\/tr>\n<\/tbody>\n<\/table>","protected":false},"featured_media":22330,"template":"","meta":{"_acf_changed":false},"product_brand":[],"product_cat":[41],"product_tag":[],"class_list":{"0":"post-22421","1":"product","2":"type-product","3":"status-publish","4":"has-post-thumbnail","6":"product_cat-energie-klima","8":"first","9":"instock","10":"shipping-taxable","11":"product-type-simple"},"acf":[],"aioseo_notices":[],"_links":{"self":[{"href":"https:\/\/seecon.de\/en\/wp-json\/wp\/v2\/product\/22421","targetHints":{"allow":["GET"]}}],"collection":[{"href":"https:\/\/seecon.de\/en\/wp-json\/wp\/v2\/product"}],"about":[{"href":"https:\/\/seecon.de\/en\/wp-json\/wp\/v2\/types\/product"}],"wp:featuredmedia":[{"embeddable":true,"href":"https:\/\/seecon.de\/en\/wp-json\/wp\/v2\/media\/22330"}],"wp:attachment":[{"href":"https:\/\/seecon.de\/en\/wp-json\/wp\/v2\/media?parent=22421"}],"wp:term":[{"taxonomy":"product_brand","embeddable":true,"href":"https:\/\/seecon.de\/en\/wp-json\/wp\/v2\/product_brand?post=22421"},{"taxonomy":"product_cat","embeddable":true,"href":"https:\/\/seecon.de\/en\/wp-json\/wp\/v2\/product_cat?post=22421"},{"taxonomy":"product_tag","embeddable":true,"href":"https:\/\/seecon.de\/en\/wp-json\/wp\/v2\/product_tag?post=22421"}],"curies":[{"name":"wp","href":"https:\/\/api.w.org\/{rel}","templated":true}]}}