{"id":22422,"date":"2026-04-09T15:35:00","date_gmt":"2026-04-09T15:35:00","guid":{"rendered":"https:\/\/seecon.de\/?post_type=product&#038;p=22422"},"modified":"2026-04-09T18:02:43","modified_gmt":"2026-04-09T18:02:43","slug":"energiekonzept-geystrasse-sued-stadt-dresden","status":"publish","type":"product","link":"https:\/\/seecon.de\/en\/product\/energiekonzept-geystrasse-sued-stadt-dresden\/","title":{"rendered":"ENERGIEKONZEPT \u2013 GEYSTRA\u00dfE-S\u00dcD, STADT DRESDEN"},"content":{"rendered":"<p>F\u00fcr das Bebauungsplangebiet Nr. 336 \u201eDresden-Strehlen \u2013 Wohnanlage Geystra\u00dfe S\u00fcd\u201c soll eine Neuerschlie\u00dfung erfolgen. Ziel f\u00fcr die Neubebauung ist die Realisierung einer klimaneutralen Energieversorgung des gesamten Gebietes. Die seecon Ingenieure wurden mit der Erstellung eines bebauungsplanbezogenen Energie- und Klimaschutzkonzeptes beauftragt. Das 3D-Modell des Gestaltungsplanes bildete die Grundlage f\u00fcr die Erarbeitung des Energie- und Klimaschutzkonzeptes (EuK). Es erfolgte eine eingehende Standortanalyse sowie eine Endenergiebedarfsanalyse. F\u00fcr einen technischen, wirtschaftlichen und \u00f6kologischen Variantenvergleich unterschiedlicher Geb\u00e4udeenergiestandards wurde zus\u00e4tzlich die Energieberatungssoftware genutzt.<\/p>\n<p>Betrachtet wurden energetische Potenziale aus Photovoltaik, Solarthermie, Geothermie, Umweltw\u00e4rme, Abwasserabw\u00e4rme, industrieller und gewerblicher Abw\u00e4rme sowie Biomasse. Untersucht wurden dezentrale und semizentrale Versorgungsl\u00f6sungen, der Anschluss an das Fernw\u00e4rmenetz sowie eine Standardversorgung als Vergleich. Die Bewertung erfolgte anhand \u00f6konomischer und \u00f6kologischer Kriterien und wurde durch die Ber\u00fccksichtigung von F\u00f6rdermitteln optimiert. In enger Abstimmung mit dem Auftraggeber wurde eine Vorzugsvariante herausgearbeitet und mit einem Umsetzungsfahrplan untersetzt. Der Abschlussbericht dokumentierte s\u00e4mtliche Arbeitsergebnisse mit weiterf\u00fchrenden Erl\u00e4uterungen und Darstellungen.<\/p>","protected":false},"excerpt":{"rendered":"<table width=\"656\">\n<tbody>\n<tr>\n<td width=\"212\"><strong>Category<\/strong><\/td>\n<\/tr>\n<tr>\n<td width=\"212\">Energy and climate protection concepts<\/td>\n<\/tr>\n<tr>\n<td width=\"212\"><strong>Auftraggeber<\/strong><\/td>\n<\/tr>\n<tr>\n<td width=\"212\">Landeshauptstadt Dresden<\/td>\n<\/tr>\n<tr>\n<td width=\"212\"><strong>Period<\/strong><\/td>\n<\/tr>\n<tr>\n<td width=\"212\">11\/2021 \u2013 04\/2023<\/td>\n<\/tr>\n<tr>\n<td width=\"212\"><strong>Leistungsumfang<\/strong><\/td>\n<\/tr>\n<tr>\n<td width=\"212\">Standortanalyse und Energiebedarfsermittlung, Energieversorgungskonzept, Analyse der Versorgungskonzepte, Dokumentation<\/td>\n<\/tr>\n<\/tbody>\n<\/table>","protected":false},"featured_media":22367,"template":"","meta":{"_acf_changed":false},"product_brand":[],"product_cat":[41],"product_tag":[],"class_list":{"0":"post-22422","1":"product","2":"type-product","3":"status-publish","4":"has-post-thumbnail","6":"product_cat-energie-klima","8":"first","9":"instock","10":"shipping-taxable","11":"product-type-simple"},"acf":[],"aioseo_notices":[],"_links":{"self":[{"href":"https:\/\/seecon.de\/en\/wp-json\/wp\/v2\/product\/22422","targetHints":{"allow":["GET"]}}],"collection":[{"href":"https:\/\/seecon.de\/en\/wp-json\/wp\/v2\/product"}],"about":[{"href":"https:\/\/seecon.de\/en\/wp-json\/wp\/v2\/types\/product"}],"wp:featuredmedia":[{"embeddable":true,"href":"https:\/\/seecon.de\/en\/wp-json\/wp\/v2\/media\/22367"}],"wp:attachment":[{"href":"https:\/\/seecon.de\/en\/wp-json\/wp\/v2\/media?parent=22422"}],"wp:term":[{"taxonomy":"product_brand","embeddable":true,"href":"https:\/\/seecon.de\/en\/wp-json\/wp\/v2\/product_brand?post=22422"},{"taxonomy":"product_cat","embeddable":true,"href":"https:\/\/seecon.de\/en\/wp-json\/wp\/v2\/product_cat?post=22422"},{"taxonomy":"product_tag","embeddable":true,"href":"https:\/\/seecon.de\/en\/wp-json\/wp\/v2\/product_tag?post=22422"}],"curies":[{"name":"wp","href":"https:\/\/api.w.org\/{rel}","templated":true}]}}