{"id":22423,"date":"2026-04-09T15:35:02","date_gmt":"2026-04-09T15:35:02","guid":{"rendered":"https:\/\/seecon.de\/?post_type=product&#038;p=22423"},"modified":"2026-04-09T18:06:32","modified_gmt":"2026-04-09T18:06:32","slug":"energieberatung-klimaschutzteilkonzept-liegenschaften-stadt-teltow-2","status":"publish","type":"product","link":"https:\/\/seecon.de\/en\/product\/energieberatung-klimaschutzteilkonzept-liegenschaften-stadt-teltow-2\/","title":{"rendered":"ENERGIEBERATUNG &#8211; KLIMASCHUTZTEILKONZEPT LIEGENSCHAFTEN STADT TELTOW"},"content":{"rendered":"<p>Ziel des Projekts ist es, Klimaneutralit\u00e4t im Geb\u00e4udebestand unter Wahrung der Kostenneutralit\u00e4t zu erreichen. Dies geschieht durch die energetische Sanierung der Geb\u00e4udeh\u00fclle, Modernisierung der Anlagentechnik sowie Ma\u00dfnahmen zur Klimaanpassung und ggf. Kompensation. Je nach Budget k\u00f6nnen geringinvestive Ma\u00dfnahmen, flexible \u201eSchritt-f\u00fcr-Schritt\u201c-Sanierungen oder Gesamtsanierungen mit maximaler F\u00f6rderung umgesetzt werden.<\/p>\n<p>Im Mittelpunkt steht ein \u00f6kologisch nachhaltiger Ansatz mit dem Einsatz umweltfreundlicher Baustoffe und der Integration erneuerbarer Energien. Die wirtschaftlichsten Versorgungsoptionen f\u00fcr Strom und W\u00e4rme werden dabei auf vorhandene Potenziale abgestimmt. Ein Transformationsplan f\u00fcr die Fernw\u00e4rme zeigt den Weg zur Klimaneutralit\u00e4t. Effizienzma\u00dfnahmen bei Heizung, Warmwasser und L\u00fcftung sind feste Bestandteile.<\/p>\n<p>Auch Anpassungen an den Klimawandel wie Dach- und Fassadenbegr\u00fcnung, Grauwassernutzung, naturnahe Regenwasserbewirtschaftung und Ma\u00dfnahmen zur Schaffung resilienter Au\u00dfenr\u00e4ume werden ber\u00fccksichtigt. Alternativ sind Kompensationsma\u00dfnahmen wie Aufforstung m\u00f6glich.<\/p>\n<p>Die Umsetzung wird durch umfassende Analysen, wie normkonforme Sanierungsfahrpl\u00e4ne, \u00d6kobilanzen, Lebenszykluskosten und Wirtschaftlichkeitsrechnungen, etwa f\u00fcr PV-Fassaden, begleitet. Ma\u00dfnahmen werden je nach Machbarkeit f\u00fcr jede Liegenschaft eingeordnet.<\/p>\n<p>Ziel ist ein nachhaltiger, kostenneutraler \u00dcbergang zur Klimaneutralit\u00e4t, der heutigen und k\u00fcnftigen Anforderungen entspricht.<\/p>","protected":false},"excerpt":{"rendered":"<table width=\"656\">\n<tbody>\n<tr>\n<td width=\"212\"><strong>Category<\/strong><\/td>\n<\/tr>\n<tr>\n<td width=\"212\">Energieberatung f\u00fcr Nichtwohngeb\u00e4ude, Klimaschutzteilkonzepte<\/td>\n<\/tr>\n<tr>\n<td width=\"212\"><strong>Auftraggeber<\/strong><\/td>\n<\/tr>\n<tr>\n<td width=\"212\">Stadt Teltow<\/td>\n<\/tr>\n<tr>\n<td width=\"212\"><strong>Period<\/strong><\/td>\n<\/tr>\n<tr>\n<td width=\"212\">12\/2022 \u2013 04\/2024<\/td>\n<\/tr>\n<tr>\n<td width=\"212\"><strong>Leistungsumfang<\/strong><\/td>\n<\/tr>\n<tr>\n<td width=\"212\">Sanierungsfahrplanentwicklung, Potenzialanalyse erneuerbarer Energien und Klimaanpassungsma\u00dfnahmen, digitale Dokumentation<\/td>\n<\/tr>\n<\/tbody>\n<\/table>","protected":false},"featured_media":22334,"template":"","meta":{"_acf_changed":false},"product_brand":[],"product_cat":[41],"product_tag":[],"class_list":{"0":"post-22423","1":"product","2":"type-product","3":"status-publish","4":"has-post-thumbnail","6":"product_cat-energie-klima","8":"first","9":"instock","10":"shipping-taxable","11":"product-type-simple"},"acf":[],"aioseo_notices":[],"_links":{"self":[{"href":"https:\/\/seecon.de\/en\/wp-json\/wp\/v2\/product\/22423","targetHints":{"allow":["GET"]}}],"collection":[{"href":"https:\/\/seecon.de\/en\/wp-json\/wp\/v2\/product"}],"about":[{"href":"https:\/\/seecon.de\/en\/wp-json\/wp\/v2\/types\/product"}],"wp:featuredmedia":[{"embeddable":true,"href":"https:\/\/seecon.de\/en\/wp-json\/wp\/v2\/media\/22334"}],"wp:attachment":[{"href":"https:\/\/seecon.de\/en\/wp-json\/wp\/v2\/media?parent=22423"}],"wp:term":[{"taxonomy":"product_brand","embeddable":true,"href":"https:\/\/seecon.de\/en\/wp-json\/wp\/v2\/product_brand?post=22423"},{"taxonomy":"product_cat","embeddable":true,"href":"https:\/\/seecon.de\/en\/wp-json\/wp\/v2\/product_cat?post=22423"},{"taxonomy":"product_tag","embeddable":true,"href":"https:\/\/seecon.de\/en\/wp-json\/wp\/v2\/product_tag?post=22423"}],"curies":[{"name":"wp","href":"https:\/\/api.w.org\/{rel}","templated":true}]}}