{"id":22424,"date":"2026-04-09T15:35:03","date_gmt":"2026-04-09T15:35:03","guid":{"rendered":"https:\/\/seecon.de\/?post_type=product&#038;p=22424"},"modified":"2026-04-09T18:10:39","modified_gmt":"2026-04-09T18:10:39","slug":"energieberatung-sanierungsfahrplaene-bezirksamt-hamburg-altona-2","status":"publish","type":"product","link":"https:\/\/seecon.de\/en\/product\/energieberatung-sanierungsfahrplaene-bezirksamt-hamburg-altona-2\/","title":{"rendered":"ENERGIEBERATUNG \u2013 SANIERUNGSFAHRPL\u00c4NE BEZIRKSAMT HAMBURG-ALTONA"},"content":{"rendered":"<p>Der Hamburger Klimaplan 2050 sieht u.a. eine klimaneutrale Verwaltung bis 2030 vor. Zudem ist im Hamburger Klimaschutzgesetz (HmbKliSchG) festgelegt, dass die Erfordernisse des Klimaschutzes bei allen Planungen, Ma\u00dfnahmen und Entscheidungen zu ber\u00fccksichtigen sind. Zum Bezirksamt Hamburg-Nord geh\u00f6ren 134 Liegenschaften. Davon werden in einem ersten Schritt neun ausgew\u00e4hlte kommunale Liegenschaften auf M\u00f6glichkeiten zur Reduzierung von W\u00e4rmeverbrauch und CO2-Emissonen sowie zum Einsatz regenerativer Energien untersucht.<\/p>\n<p>F\u00fcr die Liegenschaften werden F\u00f6rdermittel beantragt sowie umfassende Sanierungspl\u00e4ne erstellt. Die Anforderungen an die Sanierungsfahrpl\u00e4ne richten sich nach dem &#8222;BAFA-Merkblatt zum Beratungsbericht\u201c. Im ersten Schritt erfolgt eine Bestandsaufnahme inkl. Begehung und Dokumentation sowie eine Energieberatung mit Sanierungskonzept\/Sanierungsfahrplan in Richtung Klimaneutralit\u00e4t.<\/p>\n<p>Nach Hamburger Klimaplan sind f\u00fcr \u00f6ffentliche Geb\u00e4ude weitere Anwendungskriterien vorgesehen, insbesondere \u201eGraue Energien\/Baustoffwahl\u201c und \u201eOptimierung der Nutzung\u201c sind relevant und flie\u00dfen in das Projekt mit ein. Alle Liegenschaften werden mit einer Festlegung der Reihenfolge der Sanierungsma\u00dfnahmen und Darstellung von Zwischenzielen f\u00fcr alle Geb\u00e4ude sowie Empfehlungen zur Energieeffizienz in einer Gesamt\u00fcbersicht dokumentiert. Pro Sanierungsschritt werden zwei Varianten dargestellt. Die Ergebnisse werden in Form eines Beratungsberichtes, der die Ber\u00fccksichtigung von Bundes- und Landes- F\u00f6rderm\u00f6glichkeiten sowie Wirtschaftlichkeit enth\u00e4lt, dargestellt.<\/p>","protected":false},"excerpt":{"rendered":"<table width=\"656\">\n<tbody>\n<tr>\n<td width=\"212\"><strong>Category<\/strong><\/td>\n<\/tr>\n<tr>\n<td width=\"212\">Energieberatung f\u00fcr Nichtwohngeb\u00e4ude<\/td>\n<\/tr>\n<tr>\n<td width=\"212\"><strong>Auftraggeber<\/strong><\/td>\n<\/tr>\n<tr>\n<td width=\"212\">Freie Hansestadt Hamburg &#8211; Bezirksamt Hamburg Nord<\/td>\n<\/tr>\n<tr>\n<td width=\"212\"><strong>Period<\/strong><\/td>\n<\/tr>\n<tr>\n<td width=\"212\">11\/2022 \u2013 10\/2023<\/td>\n<\/tr>\n<tr>\n<td width=\"212\"><strong>Leistungsumfang<\/strong><\/td>\n<\/tr>\n<tr>\n<td width=\"212\">Datenerhebung, Energieberatung, Ist-Analyse, energetisches Sanierungskonzept, Variantenvergleich, Dokumentation, Erstellung Sanierungsfahrpl\u00e4ne<\/td>\n<\/tr>\n<\/tbody>\n<\/table>","protected":false},"featured_media":22334,"template":"","meta":{"_acf_changed":false},"product_brand":[],"product_cat":[41],"product_tag":[],"class_list":{"0":"post-22424","1":"product","2":"type-product","3":"status-publish","4":"has-post-thumbnail","6":"product_cat-energie-klima","8":"first","9":"instock","10":"shipping-taxable","11":"product-type-simple"},"acf":[],"aioseo_notices":[],"_links":{"self":[{"href":"https:\/\/seecon.de\/en\/wp-json\/wp\/v2\/product\/22424","targetHints":{"allow":["GET"]}}],"collection":[{"href":"https:\/\/seecon.de\/en\/wp-json\/wp\/v2\/product"}],"about":[{"href":"https:\/\/seecon.de\/en\/wp-json\/wp\/v2\/types\/product"}],"wp:featuredmedia":[{"embeddable":true,"href":"https:\/\/seecon.de\/en\/wp-json\/wp\/v2\/media\/22334"}],"wp:attachment":[{"href":"https:\/\/seecon.de\/en\/wp-json\/wp\/v2\/media?parent=22424"}],"wp:term":[{"taxonomy":"product_brand","embeddable":true,"href":"https:\/\/seecon.de\/en\/wp-json\/wp\/v2\/product_brand?post=22424"},{"taxonomy":"product_cat","embeddable":true,"href":"https:\/\/seecon.de\/en\/wp-json\/wp\/v2\/product_cat?post=22424"},{"taxonomy":"product_tag","embeddable":true,"href":"https:\/\/seecon.de\/en\/wp-json\/wp\/v2\/product_tag?post=22424"}],"curies":[{"name":"wp","href":"https:\/\/api.w.org\/{rel}","templated":true}]}}