{"id":22425,"date":"2026-04-09T15:35:04","date_gmt":"2026-04-09T15:35:04","guid":{"rendered":"https:\/\/seecon.de\/?post_type=product&#038;p=22425"},"modified":"2026-04-09T18:15:46","modified_gmt":"2026-04-09T18:15:46","slug":"energieberatung-unternehmen-fuer-stadtreinigung-stadt-leipzig-2","status":"publish","type":"product","link":"https:\/\/seecon.de\/en\/product\/energieberatung-unternehmen-fuer-stadtreinigung-stadt-leipzig-2\/","title":{"rendered":"ENERGIEBERATUNG \u2013 UNTERNEHMEN F\u00dcR STADTREINIGUNG, STADT LEIPZIG"},"content":{"rendered":"<p>Im Auftrag eines kommunalen Eigenbetriebs wurden mehrere Energieberatungen f\u00fcr Nichtwohngeb\u00e4ude nach dem F\u00f6rdermodul \u201eModul 2: Energieberatung DIN V 18599\u201c des Bundesamts f\u00fcr Wirtschaft und Ausfuhrkontrolle (BAFA) durchgef\u00fchrt.<\/p>\n<p>Im Rahmen der Beratung erfolgte eine detaillierte Erfassung und Bewertung des Ist-Zustandes der Geb\u00e4udeh\u00fclle sowie der technischen Geb\u00e4udeausr\u00fcstung. Dabei wurden die relevanten Bauteile und Anlagen systematisch aufgenommen, energetisch bewertet und hinsichtlich m\u00f6glicher Schwachstellen analysiert. Auf Grundlage der erhobenen Daten wurde mithilfe einer Energieberatungssoftware eine normgerechte Modellierung erstellt und eine Energiebedarfsrechnung nach DIN V 18599 durchgef\u00fchrt.<\/p>\n<p>Darauf aufbauend erfolgte eine energetische und wirtschaftliche Variantenuntersuchung verschiedener Sanierungs- und Optimierungsma\u00dfnahmen. Die Ergebnisse wurden in einem Sanierungsfahrplan zusammengef\u00fchrt und durch eine ausf\u00fchrliche F\u00f6rdermittelberatung erg\u00e4nzt, einschlie\u00dflich der Pr\u00fcfung geeigneter F\u00f6rderprogramme und der Darstellung m\u00f6glicher Umsetzungswege.<\/p>","protected":false},"excerpt":{"rendered":"<table width=\"656\">\n<tbody>\n<tr>\n<td width=\"212\"><strong>Category<\/strong><\/td>\n<\/tr>\n<tr>\n<td width=\"212\">Energieberatung<\/td>\n<\/tr>\n<tr>\n<td width=\"212\"><strong>Auftraggeber<\/strong><\/td>\n<\/tr>\n<tr>\n<td width=\"212\">Unternehmen f\u00fcr Stadtreinigung, Eigenbetrieb der Stadt Leipzig<\/td>\n<\/tr>\n<tr>\n<td width=\"212\"><strong>Period<\/strong><\/td>\n<\/tr>\n<tr>\n<td width=\"212\">09\/2021 \u2013 07\/2022<\/td>\n<\/tr>\n<tr>\n<td width=\"212\"><strong>Leistungsumfang<\/strong><\/td>\n<\/tr>\n<tr>\n<td width=\"212\">Vor Ort Aufnahme und Dokumentation des Geb\u00e4udezustandes, Erstellung eines Sanierungsfahrplanes, energetische und wirtschaftliche Variantenuntersuchung, F\u00f6rdermittelberatung, Energiebedarfsrechnung der Geb\u00e4ude einschlie\u00dflich Verbrauchsabgleich, Modellierung der Geb\u00e4ude<\/td>\n<\/tr>\n<\/tbody>\n<\/table>","protected":false},"featured_media":22405,"template":"","meta":{"_acf_changed":false},"product_brand":[],"product_cat":[41],"product_tag":[],"class_list":{"0":"post-22425","1":"product","2":"type-product","3":"status-publish","4":"has-post-thumbnail","6":"product_cat-energie-klima","8":"first","9":"instock","10":"shipping-taxable","11":"product-type-simple"},"acf":[],"aioseo_notices":[],"_links":{"self":[{"href":"https:\/\/seecon.de\/en\/wp-json\/wp\/v2\/product\/22425","targetHints":{"allow":["GET"]}}],"collection":[{"href":"https:\/\/seecon.de\/en\/wp-json\/wp\/v2\/product"}],"about":[{"href":"https:\/\/seecon.de\/en\/wp-json\/wp\/v2\/types\/product"}],"wp:featuredmedia":[{"embeddable":true,"href":"https:\/\/seecon.de\/en\/wp-json\/wp\/v2\/media\/22405"}],"wp:attachment":[{"href":"https:\/\/seecon.de\/en\/wp-json\/wp\/v2\/media?parent=22425"}],"wp:term":[{"taxonomy":"product_brand","embeddable":true,"href":"https:\/\/seecon.de\/en\/wp-json\/wp\/v2\/product_brand?post=22425"},{"taxonomy":"product_cat","embeddable":true,"href":"https:\/\/seecon.de\/en\/wp-json\/wp\/v2\/product_cat?post=22425"},{"taxonomy":"product_tag","embeddable":true,"href":"https:\/\/seecon.de\/en\/wp-json\/wp\/v2\/product_tag?post=22425"}],"curies":[{"name":"wp","href":"https:\/\/api.w.org\/{rel}","templated":true}]}}