{"id":22428,"date":"2026-04-09T21:19:31","date_gmt":"2026-04-09T21:19:31","guid":{"rendered":"https:\/\/seecon.de\/?post_type=product&#038;p=22428"},"modified":"2026-04-09T21:41:22","modified_gmt":"2026-04-09T21:41:22","slug":"energieaudit-unternehmen-des-gesundheitswesens-stadt-annaberg-buchholz","status":"publish","type":"product","link":"https:\/\/seecon.de\/en\/product\/energieaudit-unternehmen-des-gesundheitswesens-stadt-annaberg-buchholz\/","title":{"rendered":"ENERGIEAUDIT \u2013 UNTERNEHMEN DES GESUNDHEITSWESENS, STADT ANNABERG-BUCHHOLZ"},"content":{"rendered":"<p>F\u00fcr ein Kurklinikum in Annaberg-Buchholz wurde ein Energieaudit nach DIN EN 16247-1 durchgef\u00fchrt. Ziel war die systematische Analyse des Energieverbrauchs am Standort, insbesondere in den Behandlungs-, Pflege-, Therapie- und Verwaltungsbereichen. Im Rahmen des Audits wurden die wesentlichen Energieverbraucher identifiziert und konkrete Einsparpotenziale abgeleitet.<\/p>\n<p>Ein zentraler Schwerpunkt lag auf der Modernisierung der W\u00e4rmeversorgung, da vor dem Hintergrund steigender Energiepreise und klimapolitischer Anforderungen eine zukunftsf\u00e4hige Versorgungsstruktur entwickelt werden sollte. In diesem Zusammenhang wurden Optionen zur erneuerbaren W\u00e4rmebereitstellung untersucht, unter anderem der Einsatz von W\u00e4rmepumpentechnologie, die Integration von Photovoltaikanlagen zur Eigenstromnutzung sowie die Optimierung der bestehenden Heizungsanlagen.<\/p>\n<p>Weitere Schwerpunkte lagen auf der Optimierung der Strom- und W\u00e4rmeversorgung, der Bewertung erneuerbarer Eigenversorgung sowie auf Ma\u00dfnahmen im Bereich Betriebsorganisation und technischer Infrastruktur. Die Ergebnisse wurden in einem Abschlussbericht dokumentiert und mit Handlungsempfehlungen zur schrittweisen Umsetzung zusammengefasst.<\/p>","protected":false},"excerpt":{"rendered":"<table width=\"656\">\n<tbody>\n<tr>\n<td width=\"212\"><strong>Category<\/strong><\/td>\n<\/tr>\n<tr>\n<td width=\"212\">Energieaudit, Re-Auditierung<\/td>\n<\/tr>\n<tr>\n<td width=\"212\"><strong>Auftraggeber<\/strong><\/td>\n<\/tr>\n<tr>\n<td width=\"212\">Unternehmen des Gesundheitswesens (Klinik)<br \/>in Kooperation reg. Energieversorger<\/td>\n<\/tr>\n<tr>\n<td width=\"212\"><strong>Period<\/strong><\/td>\n<\/tr>\n<tr>\n<td width=\"212\">01\/2025 \u2013 11\/2025<\/td>\n<\/tr>\n<tr>\n<td width=\"212\"><strong>Leistungsumfang<\/strong><\/td>\n<\/tr>\n<tr>\n<td width=\"212\">Auftaktbesprechung, Datenerhebung, Datenauswertung, Ma\u00dfnahmenentwicklung, Berichterstellung, Abschlusspr\u00e4sentation<\/td>\n<\/tr>\n<\/tbody>\n<\/table>","protected":false},"featured_media":22328,"template":"","meta":{"_acf_changed":false},"product_brand":[],"product_cat":[41],"product_tag":[],"class_list":{"0":"post-22428","1":"product","2":"type-product","3":"status-publish","4":"has-post-thumbnail","6":"product_cat-energie-klima","8":"first","9":"instock","10":"shipping-taxable","11":"product-type-simple"},"acf":[],"aioseo_notices":[],"_links":{"self":[{"href":"https:\/\/seecon.de\/en\/wp-json\/wp\/v2\/product\/22428","targetHints":{"allow":["GET"]}}],"collection":[{"href":"https:\/\/seecon.de\/en\/wp-json\/wp\/v2\/product"}],"about":[{"href":"https:\/\/seecon.de\/en\/wp-json\/wp\/v2\/types\/product"}],"wp:featuredmedia":[{"embeddable":true,"href":"https:\/\/seecon.de\/en\/wp-json\/wp\/v2\/media\/22328"}],"wp:attachment":[{"href":"https:\/\/seecon.de\/en\/wp-json\/wp\/v2\/media?parent=22428"}],"wp:term":[{"taxonomy":"product_brand","embeddable":true,"href":"https:\/\/seecon.de\/en\/wp-json\/wp\/v2\/product_brand?post=22428"},{"taxonomy":"product_cat","embeddable":true,"href":"https:\/\/seecon.de\/en\/wp-json\/wp\/v2\/product_cat?post=22428"},{"taxonomy":"product_tag","embeddable":true,"href":"https:\/\/seecon.de\/en\/wp-json\/wp\/v2\/product_tag?post=22428"}],"curies":[{"name":"wp","href":"https:\/\/api.w.org\/{rel}","templated":true}]}}