{"id":22429,"date":"2026-04-09T21:19:35","date_gmt":"2026-04-09T21:19:35","guid":{"rendered":"https:\/\/seecon.de\/?post_type=product&#038;p=22429"},"modified":"2026-04-09T21:51:18","modified_gmt":"2026-04-09T21:51:18","slug":"energieaudit-unternehmen-fuer-kanalbau-leitungsbau-stadt-leipzig","status":"publish","type":"product","link":"https:\/\/seecon.de\/en\/product\/energieaudit-unternehmen-fuer-kanalbau-leitungsbau-stadt-leipzig\/","title":{"rendered":"ENERGIEAUDIT \u2013 UNTERNEHMEN F\u00dcR KANALBAU &#038; LEITUNGSBAU, STADT LEIPZIG"},"content":{"rendered":"<p>F\u00fcr ein Bauunternehmen in Leipzig wurde ein Energieaudit durchgef\u00fchrt, mit Schwerpunkt auf dem unternehmenseigenen Fuhrpark. Die angemieteten Verwaltungsr\u00e4ume und das Betriebslager wurden nur randlich betrachtet, da keine baulichen Ma\u00dfnahmen vorgesehen waren; relevant waren hierbei lediglich die station\u00e4ren Verbraucher im Verwaltungsgeb\u00e4ude.<\/p>\n<p>Zu Beginn erfolgte eine Auftaktbesprechung zur Analyse der Unternehmensstrukturen sowie zur Festlegung der Schwerpunkte und der Betrachtungstiefe. Die Datenerhebung umfasste die letzten drei Berichtsjahre. Im Rahmen von Vor-Ort-Terminen wurden Messungen zur Energieerzeugung und -nutzung durchgef\u00fchrt, um Datenl\u00fccken zu schlie\u00dfen und Angaben zu verifizieren. Auf dieser Basis wurden Energieeinsparpotenziale identifiziert.<\/p>\n<p>Erg\u00e4nzend wurden Energieliefervertr\u00e4ge sowie Anforderungen an Inspektion und Instandhaltung der technischen Anlagen hinsichtlich Energieeffizienz und Kosten bewertet. Die Ergebnisse wurden in einem Abschlussbericht und einer Pr\u00e4sentation dokumentiert. Nach Abschluss des Audits wurde seecon Anfang 2025 mit der Re-Auditierung beauftragt.<\/p>","protected":false},"excerpt":{"rendered":"<table width=\"656\">\n<tbody>\n<tr>\n<td width=\"212\"><strong>Category<\/strong><\/td>\n<\/tr>\n<tr>\n<td width=\"212\">Energieaudit, Re-Auditierung<\/td>\n<\/tr>\n<tr>\n<td width=\"212\"><strong>Auftraggeber<\/strong><\/td>\n<\/tr>\n<tr>\n<td width=\"212\">Unternehmen des Kanal- und Leitungsbaus, Stadt Leipzig<\/td>\n<\/tr>\n<tr>\n<td width=\"212\"><strong>Period<\/strong><\/td>\n<\/tr>\n<tr>\n<td width=\"212\">06\/2021 \u2013 10\/2025<\/td>\n<\/tr>\n<tr>\n<td width=\"212\"><strong>Leistungsumfang<\/strong><\/td>\n<\/tr>\n<tr>\n<td width=\"212\">Auftaktbesprechung, Datenerhebung, Datenauswertung, Ma\u00dfnahmenentwicklung, Berichterstellung, Abschlusspr\u00e4sentation<\/td>\n<\/tr>\n<\/tbody>\n<\/table>","protected":false},"featured_media":22329,"template":"","meta":{"_acf_changed":false},"product_brand":[],"product_cat":[41],"product_tag":[],"class_list":{"0":"post-22429","1":"product","2":"type-product","3":"status-publish","4":"has-post-thumbnail","6":"product_cat-energie-klima","8":"first","9":"instock","10":"shipping-taxable","11":"product-type-simple"},"acf":[],"aioseo_notices":[],"_links":{"self":[{"href":"https:\/\/seecon.de\/en\/wp-json\/wp\/v2\/product\/22429","targetHints":{"allow":["GET"]}}],"collection":[{"href":"https:\/\/seecon.de\/en\/wp-json\/wp\/v2\/product"}],"about":[{"href":"https:\/\/seecon.de\/en\/wp-json\/wp\/v2\/types\/product"}],"wp:featuredmedia":[{"embeddable":true,"href":"https:\/\/seecon.de\/en\/wp-json\/wp\/v2\/media\/22329"}],"wp:attachment":[{"href":"https:\/\/seecon.de\/en\/wp-json\/wp\/v2\/media?parent=22429"}],"wp:term":[{"taxonomy":"product_brand","embeddable":true,"href":"https:\/\/seecon.de\/en\/wp-json\/wp\/v2\/product_brand?post=22429"},{"taxonomy":"product_cat","embeddable":true,"href":"https:\/\/seecon.de\/en\/wp-json\/wp\/v2\/product_cat?post=22429"},{"taxonomy":"product_tag","embeddable":true,"href":"https:\/\/seecon.de\/en\/wp-json\/wp\/v2\/product_tag?post=22429"}],"curies":[{"name":"wp","href":"https:\/\/api.w.org\/{rel}","templated":true}]}}