{"id":22430,"date":"2026-04-09T21:19:39","date_gmt":"2026-04-09T21:19:39","guid":{"rendered":"https:\/\/seecon.de\/?post_type=product&#038;p=22430"},"modified":"2026-04-09T21:55:45","modified_gmt":"2026-04-09T21:55:45","slug":"energieaudit-regionales-energienetzbetreiber-stadt-lauf-a-d-pegnitz","status":"publish","type":"product","link":"https:\/\/seecon.de\/en\/product\/energieaudit-regionales-energienetzbetreiber-stadt-lauf-a-d-pegnitz\/","title":{"rendered":"ENERGIEAUDIT \u2013 REGIONALES ENERGIENETZBETREIBER, STADT LAUF A.D. PEGNITZ"},"content":{"rendered":"<p>Im Rahmen eines umfassenden Energieaudits nach DIN EN 16247-1 wurden die betrieblichen Energiefl\u00fcsse eines kommunalen Energieversorgers in Lauf a. d. Pegnitz analysiert. Der Fokus lag auf dem Verwaltungsgeb\u00e4ude, dem Fuhrpark sowie den technischen Anlagen zur Strom-, Gas- und Wasserversorgung.<\/p>\n<p>Besonders hervorzuheben ist die detaillierte Analyse des Stromverbrauchs, der mit \u00fcber 80\u202f% den Hauptanteil am Gesamtenergiebedarf ausmacht. Durch die Kombination aus station\u00e4ren Messungen und Lastganganalysen konnten signifikante Einsparpotenziale identifiziert werden \u2013 insbesondere bei der Heizungsunterst\u00fctzung durch lokal erzeugten \u00dcberschussstrom aus Wasserkraft. In einem Szenario mit W\u00e4rmepumpe lie\u00dfen sich bis zu 90\u202f% des Heizbedarfs decken, was eine Reduktion des Prim\u00e4renergiebedarfs um \u00fcber 85\u202f% erm\u00f6glicht.<\/p>\n<p>Auch der Fuhrpark wurde energetisch durchleuchtet: Die Umstellung eines verbrauchsintensiven Fahrzeugs auf ein Hybridmodell zeigte ein Einsparpotenzial von \u00fcber 80\u202f% beim Kraftstoffverbrauch und eine CO\u2082-Reduktion von rund 90\u202f% \u2013 bei wirtschaftlicher Amortisation ab ca. 8.000\u202fkm Fahrleistung pro Jahr.<\/p>\n<p>Weitere Ma\u00dfnahmen wie die Modernisierung der Beleuchtung und die Erneuerung der PV-Anlage mit Batteriespeicher wurden hinsichtlich F\u00f6rderf\u00e4higkeit und Wirtschaftlichkeit bewertet. Insgesamt konnten \u00fcber alle Ma\u00dfnahmen hinweg j\u00e4hrliche Einsparungen von rund einem Viertel des Gesamtenergieverbrauchs und \u00fcber 80\u202ft CO\u2082-Emissionen identifiziert werden.<\/p>","protected":false},"excerpt":{"rendered":"<table width=\"656\">\n<tbody>\n<tr>\n<td width=\"212\"><strong>Category<\/strong><\/td>\n<\/tr>\n<tr>\n<td width=\"212\">Energieaudit<\/td>\n<\/tr>\n<tr>\n<td width=\"212\"><strong>Auftraggeber<\/strong><\/td>\n<\/tr>\n<tr>\n<td width=\"212\">Unternehmen f\u00fcr Energieversorgung, Lauf a. d. Pegnitz<\/td>\n<\/tr>\n<tr>\n<td width=\"212\"><strong>Period<\/strong><\/td>\n<\/tr>\n<tr>\n<td width=\"212\">07\/2023 \u2013 04\/2024<\/td>\n<\/tr>\n<tr>\n<td width=\"212\"><strong>Leistungsumfang<\/strong><\/td>\n<\/tr>\n<tr>\n<td width=\"212\">Auftaktbesprechung, Datenerhebung, Datenauswertung, Ma\u00dfnahmenentwicklung, Berichterstellung, Abschlusspr\u00e4sentation<\/td>\n<\/tr>\n<\/tbody>\n<\/table>","protected":false},"featured_media":22367,"template":"","meta":{"_acf_changed":false},"product_brand":[],"product_cat":[41],"product_tag":[],"class_list":{"0":"post-22430","1":"product","2":"type-product","3":"status-publish","4":"has-post-thumbnail","6":"product_cat-energie-klima","8":"first","9":"instock","10":"shipping-taxable","11":"product-type-simple"},"acf":[],"aioseo_notices":[],"_links":{"self":[{"href":"https:\/\/seecon.de\/en\/wp-json\/wp\/v2\/product\/22430","targetHints":{"allow":["GET"]}}],"collection":[{"href":"https:\/\/seecon.de\/en\/wp-json\/wp\/v2\/product"}],"about":[{"href":"https:\/\/seecon.de\/en\/wp-json\/wp\/v2\/types\/product"}],"wp:featuredmedia":[{"embeddable":true,"href":"https:\/\/seecon.de\/en\/wp-json\/wp\/v2\/media\/22367"}],"wp:attachment":[{"href":"https:\/\/seecon.de\/en\/wp-json\/wp\/v2\/media?parent=22430"}],"wp:term":[{"taxonomy":"product_brand","embeddable":true,"href":"https:\/\/seecon.de\/en\/wp-json\/wp\/v2\/product_brand?post=22430"},{"taxonomy":"product_cat","embeddable":true,"href":"https:\/\/seecon.de\/en\/wp-json\/wp\/v2\/product_cat?post=22430"},{"taxonomy":"product_tag","embeddable":true,"href":"https:\/\/seecon.de\/en\/wp-json\/wp\/v2\/product_tag?post=22430"}],"curies":[{"name":"wp","href":"https:\/\/api.w.org\/{rel}","templated":true}]}}