{"id":22431,"date":"2026-04-09T21:19:42","date_gmt":"2026-04-09T21:19:42","guid":{"rendered":"https:\/\/seecon.de\/?post_type=product&#038;p=22431"},"modified":"2026-04-10T10:58:54","modified_gmt":"2026-04-10T10:58:54","slug":"energieaudit-unternehmen-fuer-gaserzeugung-stadt-zoerbig","status":"publish","type":"product","link":"https:\/\/seecon.de\/en\/product\/energieaudit-unternehmen-fuer-gaserzeugung-stadt-zoerbig\/","title":{"rendered":"ENERGIEAUDIT \u2013 UNTERNEHMEN F\u00dcR GASERZEUGUNG, STADT Z\u00d6RBIG"},"content":{"rendered":"<p>F\u00fcr ein Unternehmen des \u00f6ffentlichen Personennahverkehrs wurde durch seecon Ingenieure ein Energieaudit (Reauditierung) nach DIN EN 16247-1 durchgef\u00fchrt. Ziel war die systematische Analyse des Energieverbrauchs an mehreren Betriebs- und Verwaltungsstandorten.<\/p>\n<p>Im Rahmen des Audits wurden die wesentlichen Energieverbraucher identifiziert und Energieeinsparpotenziale abgeleitet. Schwerpunkte lagen auf der Optimierung der W\u00e4rmeversorgung, der energetischen Bewertung von Geb\u00e4uden und Werkst\u00e4tten sowie auf Ma\u00dfnahmen im Bereich Fuhrpark und Betriebsorganisation. Erg\u00e4nzend wurden bestehende Ma\u00dfnahmenst\u00e4nde aus Vorjahren ber\u00fccksichtigt und weiterentwickelt.<\/p>\n<p>Die Ergebnisse wurden in einem Abschlussbericht dokumentiert und mit konkreten Handlungsempfehlungen zur schrittweisen Umsetzung zusammengefasst.<\/p>","protected":false},"excerpt":{"rendered":"<table width=\"656\">\n<tbody>\n<tr>\n<td width=\"212\"><strong>Category<\/strong><\/td>\n<\/tr>\n<tr>\n<td width=\"212\">Energieaudit<\/td>\n<\/tr>\n<tr>\n<td width=\"212\"><strong>Auftraggeber<\/strong><\/td>\n<\/tr>\n<tr>\n<td width=\"212\">Unternehmen der Gaserzeugung<\/td>\n<\/tr>\n<tr>\n<td width=\"212\"><strong>Period<\/strong><\/td>\n<\/tr>\n<tr>\n<td width=\"212\">10\/2022 \u2013 03\/2023<\/td>\n<\/tr>\n<tr>\n<td width=\"212\"><strong>Leistungsumfang<\/strong><\/td>\n<\/tr>\n<tr>\n<td width=\"212\">Auftaktbesprechung, Datenerhebung, Datenauswertung, Ma\u00dfnahmenentwicklung, Berichterstellung, Abschlusspr\u00e4sentation<\/td>\n<\/tr>\n<\/tbody>\n<\/table>","protected":false},"featured_media":22326,"template":"","meta":{"_acf_changed":false},"product_brand":[],"product_cat":[41],"product_tag":[],"class_list":{"0":"post-22431","1":"product","2":"type-product","3":"status-publish","4":"has-post-thumbnail","6":"product_cat-energie-klima","8":"first","9":"instock","10":"shipping-taxable","11":"product-type-simple"},"acf":[],"aioseo_notices":[],"_links":{"self":[{"href":"https:\/\/seecon.de\/en\/wp-json\/wp\/v2\/product\/22431","targetHints":{"allow":["GET"]}}],"collection":[{"href":"https:\/\/seecon.de\/en\/wp-json\/wp\/v2\/product"}],"about":[{"href":"https:\/\/seecon.de\/en\/wp-json\/wp\/v2\/types\/product"}],"wp:featuredmedia":[{"embeddable":true,"href":"https:\/\/seecon.de\/en\/wp-json\/wp\/v2\/media\/22326"}],"wp:attachment":[{"href":"https:\/\/seecon.de\/en\/wp-json\/wp\/v2\/media?parent=22431"}],"wp:term":[{"taxonomy":"product_brand","embeddable":true,"href":"https:\/\/seecon.de\/en\/wp-json\/wp\/v2\/product_brand?post=22431"},{"taxonomy":"product_cat","embeddable":true,"href":"https:\/\/seecon.de\/en\/wp-json\/wp\/v2\/product_cat?post=22431"},{"taxonomy":"product_tag","embeddable":true,"href":"https:\/\/seecon.de\/en\/wp-json\/wp\/v2\/product_tag?post=22431"}],"curies":[{"name":"wp","href":"https:\/\/api.w.org\/{rel}","templated":true}]}}