{"id":22432,"date":"2026-04-09T21:19:46","date_gmt":"2026-04-09T21:19:46","guid":{"rendered":"https:\/\/seecon.de\/?post_type=product&#038;p=22432"},"modified":"2026-05-11T12:14:10","modified_gmt":"2026-05-11T12:14:10","slug":"enms-iso-50001-unternehmen-fuer-druck-und-medien-stadt-leipzig","status":"publish","type":"product","link":"https:\/\/seecon.de\/en\/product\/enms-iso-50001-unternehmen-fuer-druck-und-medien-stadt-leipzig\/","title":{"rendered":"EnMS ISO 50001 \u2013 Unternehmen F\u00fcr Druck- und Medien, Stadt Leipzig"},"content":{"rendered":"<p>Im Rahmen der Einf\u00fchrung eines Energiemanagementsystems wurde eine ingenieurtechnische Unterst\u00fctzungsleistung zur energetischen Bewertung eines Industriestandorts erbracht. Ziel war die Analyse der Energieverbr\u00e4uche sowie die Ermittlung von Verbrauchskennzahlen nach ISO 50001 zur Vorbereitung eines internen Audits.<\/p>\n<p>Die Leistung umfasste die strukturierte Sichtung vorhandener Unterlagen wie Pl\u00e4ne, Verbrauchsdaten und technische Ausstattungen. Anschlie\u00dfend erfolgte eine Vor-Ort-Erhebung der wesentlichen Energieverbraucher, einschlie\u00dflich Produktionsanlagen und technischer Geb\u00e4udeausr\u00fcstung. Betriebszeiten, Leistungsdaten und Anlagenspezifika wurden erfasst und erg\u00e4nzt.<\/p>\n<p>Die aufgenommenen Verbrauchsstellen wurden anschlie\u00dfend plausibilisiert, mit vorhandenen Daten abgeglichen und gemeinsam mit einer externen Fachstelle validiert. Auf dieser Grundlage wurde ein konsolidiertes Arbeitsdokument erstellt, das als Basis f\u00fcr die weiteren Schritte im Energiemanagement dient.<\/p>\n<p>Die Ergebnisse wurden digital \u00fcbergeben und im Rahmen eines Projekttermins vorgestellt. Die Leistung trug zur strukturierten Umsetzung der ISO-Anforderungen und zur Verbesserung der Energieeffizienz im Unternehmen bei.<\/p>","protected":false},"excerpt":{"rendered":"<table width=\"656\">\n<tbody>\n<tr>\n<td width=\"212\"><strong>Category<\/strong><\/td>\n<\/tr>\n<tr>\n<td width=\"212\">Einf\u00fchrung Energiemanagementsystem ISO50001<\/td>\n<\/tr>\n<tr>\n<td width=\"212\"><strong>Auftraggeber<\/strong><\/td>\n<\/tr>\n<tr>\n<td width=\"212\">Unternehmen der Druck- und Medienwirtschaft<\/td>\n<\/tr>\n<tr>\n<td width=\"212\"><strong>Period<\/strong><\/td>\n<\/tr>\n<tr>\n<td width=\"212\">04\/2024 \u2013 07\/2024<\/td>\n<\/tr>\n<tr>\n<td width=\"212\"><strong>Leistungsumfang<\/strong><\/td>\n<\/tr>\n<tr>\n<td width=\"212\">Energetische Bewertung, Datenabfrage und Analyse, Vor-Ort-Begehung, Kennwertbildung, Dokumentation und \u00dcbergabe<\/td>\n<\/tr>\n<\/tbody>\n<\/table>","protected":false},"featured_media":22485,"template":"","meta":{"_acf_changed":false},"product_brand":[],"product_cat":[41],"product_tag":[],"class_list":{"0":"post-22432","1":"product","2":"type-product","3":"status-publish","4":"has-post-thumbnail","6":"product_cat-energie-klima","8":"first","9":"instock","10":"shipping-taxable","11":"product-type-simple"},"acf":[],"aioseo_notices":[],"_links":{"self":[{"href":"https:\/\/seecon.de\/en\/wp-json\/wp\/v2\/product\/22432","targetHints":{"allow":["GET"]}}],"collection":[{"href":"https:\/\/seecon.de\/en\/wp-json\/wp\/v2\/product"}],"about":[{"href":"https:\/\/seecon.de\/en\/wp-json\/wp\/v2\/types\/product"}],"wp:featuredmedia":[{"embeddable":true,"href":"https:\/\/seecon.de\/en\/wp-json\/wp\/v2\/media\/22485"}],"wp:attachment":[{"href":"https:\/\/seecon.de\/en\/wp-json\/wp\/v2\/media?parent=22432"}],"wp:term":[{"taxonomy":"product_brand","embeddable":true,"href":"https:\/\/seecon.de\/en\/wp-json\/wp\/v2\/product_brand?post=22432"},{"taxonomy":"product_cat","embeddable":true,"href":"https:\/\/seecon.de\/en\/wp-json\/wp\/v2\/product_cat?post=22432"},{"taxonomy":"product_tag","embeddable":true,"href":"https:\/\/seecon.de\/en\/wp-json\/wp\/v2\/product_tag?post=22432"}],"curies":[{"name":"wp","href":"https:\/\/api.w.org\/{rel}","templated":true}]}}