{"id":22433,"date":"2026-04-09T21:19:49","date_gmt":"2026-04-09T21:19:49","guid":{"rendered":"https:\/\/seecon.de\/?post_type=product&#038;p=22433"},"modified":"2026-04-09T21:31:00","modified_gmt":"2026-04-09T21:31:00","slug":"energieberatung-sanierungsfahrplaene-oeffentl-liegenschaften-stadt-hamburg-2","status":"publish","type":"product","link":"https:\/\/seecon.de\/en\/product\/energieberatung-sanierungsfahrplaene-oeffentl-liegenschaften-stadt-hamburg-2\/","title":{"rendered":"ENERGIEBERATUNG \u2013 SANIERUNGSFAHRPL\u00c4NE \u00d6FFENTL. LIEGENSCHAFTEN, STADT HAMBURG"},"content":{"rendered":"<p>Das Projekt umfasste eine Energieberatung nach dem F\u00f6rdermodul \u201eModul 2: Energieberatung DIN V 18599\u201c des Bundesamts f\u00fcr Wirtschaft und Ausfuhrkontrolle (BAFA) f\u00fcr den Neubau eines SEAT- und Audi-Autohauses in Donauw\u00f6rth. Grundlage bildete die Aufnahme und Bewertung der geplanten baulichen und technischen Gegebenheiten anhand vorliegender Planunterlagen. Darauf aufbauend wurden Neubauvarianten unter Ber\u00fccksichtigung verschiedener KfW-Effizienzhausstandards entwickelt und systematisch miteinander verglichen. Im Rahmen dieser Variantenuntersuchungen wurden sowohl die energetischen Kennwerte als auch die Investitions- und Lebenszykluskosten gegen\u00fcbergestellt, um potenzielle wirtschaftliche Vorteile h\u00f6herer Effizienzstandards zu analysieren.<\/p>\n<p>Auf dieser Basis konnte ein optimierter, gegen\u00fcber dem Ausgangsniveau ambitionierterer KfW-Effizienzstandard erarbeitet werden, dessen Umsetzung unter Einbeziehung verf\u00fcgbarer F\u00f6rdermittel wirtschaftlich vorteilhaft darstellbar ist. Erg\u00e4nzend wurde ein ganzheitliches Energiekonzept inklusive Potenzialanalyse sowie die Konzeption einer Photovoltaikanlage entwickelt. Eine Wirtschaftlichkeitsbetrachtung gem\u00e4\u00df VDI 2067 unter Ber\u00fccksichtigung aktueller F\u00f6rderprogramme rundete die Analyse ab.<\/p>\n<p>Abschlie\u00dfend wurden der empfohlene KfW-Effizienzstandard, das zugeh\u00f6rige Versorgungsszenario sowie eine Umsetzungsempfehlung aus wirtschaftlicher, energetischer und \u00f6kologischer Sicht abgeleitet.<\/p>","protected":false},"excerpt":{"rendered":"<table width=\"656\">\n<tbody>\n<tr>\n<td width=\"212\"><strong>Category<\/strong><\/td>\n<\/tr>\n<tr>\n<td width=\"212\">Energy efficiency advice and usage concepts for buildings<\/td>\n<\/tr>\n<tr>\n<td width=\"212\"><strong>Auftraggeber<\/strong><\/td>\n<\/tr>\n<tr>\n<td width=\"212\">Unternehmen f\u00fcr Immobilien, Stadt Hamburg<\/td>\n<\/tr>\n<tr>\n<td width=\"212\"><strong>Period<\/strong><\/td>\n<\/tr>\n<tr>\n<td width=\"212\">02\/2020 \u2013 12\/2021<\/td>\n<\/tr>\n<tr>\n<td width=\"212\"><strong>Leistungsumfang<\/strong><\/td>\n<\/tr>\n<tr>\n<td width=\"212\">Priorisierung und Zonierung, Geb\u00e4udebegehung, Geb\u00e4udemodellierung und Bilanzierung, Ermittlung der Sanierungsoptionen, Feinanalyse, Berichterstellung<\/td>\n<\/tr>\n<\/tbody>\n<\/table>","protected":false},"featured_media":22334,"template":"","meta":{"_acf_changed":false},"product_brand":[],"product_cat":[41],"product_tag":[],"class_list":{"0":"post-22433","1":"product","2":"type-product","3":"status-publish","4":"has-post-thumbnail","6":"product_cat-energie-klima","8":"first","9":"instock","10":"shipping-taxable","11":"product-type-simple"},"acf":[],"aioseo_notices":[],"_links":{"self":[{"href":"https:\/\/seecon.de\/en\/wp-json\/wp\/v2\/product\/22433","targetHints":{"allow":["GET"]}}],"collection":[{"href":"https:\/\/seecon.de\/en\/wp-json\/wp\/v2\/product"}],"about":[{"href":"https:\/\/seecon.de\/en\/wp-json\/wp\/v2\/types\/product"}],"wp:featuredmedia":[{"embeddable":true,"href":"https:\/\/seecon.de\/en\/wp-json\/wp\/v2\/media\/22334"}],"wp:attachment":[{"href":"https:\/\/seecon.de\/en\/wp-json\/wp\/v2\/media?parent=22433"}],"wp:term":[{"taxonomy":"product_brand","embeddable":true,"href":"https:\/\/seecon.de\/en\/wp-json\/wp\/v2\/product_brand?post=22433"},{"taxonomy":"product_cat","embeddable":true,"href":"https:\/\/seecon.de\/en\/wp-json\/wp\/v2\/product_cat?post=22433"},{"taxonomy":"product_tag","embeddable":true,"href":"https:\/\/seecon.de\/en\/wp-json\/wp\/v2\/product_tag?post=22433"}],"curies":[{"name":"wp","href":"https:\/\/api.w.org\/{rel}","templated":true}]}}