{"id":22456,"date":"2026-04-14T20:30:01","date_gmt":"2026-04-14T20:30:01","guid":{"rendered":"https:\/\/seecon.de\/?post_type=product&#038;p=22456"},"modified":"2026-04-14T20:36:30","modified_gmt":"2026-04-14T20:36:30","slug":"hws-ploetzkau-mbsvariantenuntersuchung-ortslage-ploetzkau","status":"publish","type":"product","link":"https:\/\/seecon.de\/en\/product\/hws-ploetzkau-mbsvariantenuntersuchung-ortslage-ploetzkau\/","title":{"rendered":"HWS PL\u00d6TZKAU \u2013 MBS+VARIANTENUNTERSUCHUNG ORTSLAGE PL\u00d6TZKAU"},"content":{"rendered":"<p data-start=\"112\" data-end=\"455\">In der Gemeinde Pl\u00f6tzkau f\u00fchren Hochw\u00e4sser der Saale, einem Gew\u00e4sser 1. Ordnung, aufgrund der Auenrandlage zu \u00dcberschwemmungen bis in den Siedlungsbereich hinein. Dar\u00fcber hinaus flie\u00dft das Hochwasser durch die fortschreitende Verlandung der angrenzenden Altarme \u2013 insbesondere der \u201eStillen Saale\u201c und der \u201eLesewitzer Laube\u201c \u2013 nur langsam ab.<\/p>\n<p data-start=\"457\" data-end=\"567\">Das Junihochwasser 2013 verdeutlichte als Extremhochwasser einmal mehr die Bedeutung des Hochwasserschutzes.<\/p>\n<p data-start=\"569\" data-end=\"769\">Umfang des Projektes war die Anfertigung einer Machbarkeitsstudie mit Variantenuntersuchung zur Verbesserung des Hochwasserschutzes der Ortslage Pl\u00f6tzkau im Rahmen des kommunalen Hochwasserschutzes.<\/p>\n<p data-start=\"771\" data-end=\"1139\">Im Rahmen der Studie erfolgte eine Beurteilung der \u00f6rtlichen Verh\u00e4ltnisse sowie der Lage und Umsetzungsm\u00f6glichkeiten einer Hochwasserschutzanlage. Dar\u00fcber hinaus wurden die M\u00f6glichkeiten einer Renaturierung und eines Anschlusses der Altarme \u201eStille Saale\u201c und \u201eLesewitzer Laube\u201c sowie die gegenseitige Beeinflussung und Auswirkung der einzelnen Ma\u00dfnahmen untersucht.<\/p>\n<p data-start=\"1141\" data-end=\"1450\">Als Varianten wurden die Renaturierung der Altarme, die Errichtung einer Hochwasserschutzanlage um den Ort Pl\u00f6tzkau sowie eine Kombination aus beiden Ma\u00dfnahmen betrachtet. Zur Beurteilung des Zusammenspiels der verschiedenen Umsetzungen wurde eine 2D-HN-Simulation mit dem Programm Hydro_AS-2D durchgef\u00fchrt.<\/p>\n<p data-start=\"1452\" data-end=\"1856\">Da sich der Vorhabenbereich innerhalb naturschutzrelevanter Gebiete (FFH-Gebiet, Vogelschutzgebiet, Landschaftsschutzgebiet, Naturschutzgebiet und Naturpark) befindet, wurden neben der wasserbaulichen Planung und Beurteilung mehrere naturschutzfachliche Gutachten durchgef\u00fchrt. Dazu z\u00e4hlen eine SPA-Vorpr\u00fcfung, eine FFH-Vorpr\u00fcfung, eine Prognose zum Artenschutz sowie eine Prognose zur Eingriffsregelung.<\/p>","protected":false},"excerpt":{"rendered":"<table width=\"656\">\n<tbody>\n<tr>\n<td width=\"212\"><strong>Category<\/strong><\/td>\n<\/tr>\n<tr>\n<td width=\"212\">Natur&amp;Landschaft, Wasserbau<\/td>\n<\/tr>\n<tr>\n<td width=\"212\"><strong>Auftraggeber<\/strong><\/td>\n<\/tr>\n<tr>\n<td width=\"212\">Gemeinde Pl\u00f6tzkau<\/td>\n<\/tr>\n<tr>\n<td width=\"212\"><strong>Auftragsvolumen<\/strong><\/td>\n<\/tr>\n<tr>\n<td width=\"212\">139.528,10 EUR<\/td>\n<\/tr>\n<tr>\n<td width=\"212\"><strong>Period<\/strong><\/td>\n<\/tr>\n<tr>\n<td width=\"212\">07.2021 \u2013 11.2022<\/td>\n<\/tr>\n<tr>\n<td width=\"212\"><strong>Leistungsumfang<\/strong><\/td>\n<\/tr>\n<tr>\n<td width=\"212\">Grundlagenermittlung, Naturschutzfachliche Unterlagen inkl. Artenschutzfachbeitrag, Variantenuntersuchung, Hydrologische Modellierungen<\/td>\n<\/tr>\n<\/tbody>\n<\/table>","protected":false},"featured_media":22331,"template":"","meta":{"_acf_changed":false},"product_brand":[],"product_cat":[39],"product_tag":[],"class_list":{"0":"post-22456","1":"product","2":"type-product","3":"status-publish","4":"has-post-thumbnail","6":"product_cat-natur-wasser","8":"first","9":"instock","10":"shipping-taxable","11":"product-type-simple"},"acf":[],"aioseo_notices":[],"_links":{"self":[{"href":"https:\/\/seecon.de\/en\/wp-json\/wp\/v2\/product\/22456","targetHints":{"allow":["GET"]}}],"collection":[{"href":"https:\/\/seecon.de\/en\/wp-json\/wp\/v2\/product"}],"about":[{"href":"https:\/\/seecon.de\/en\/wp-json\/wp\/v2\/types\/product"}],"wp:featuredmedia":[{"embeddable":true,"href":"https:\/\/seecon.de\/en\/wp-json\/wp\/v2\/media\/22331"}],"wp:attachment":[{"href":"https:\/\/seecon.de\/en\/wp-json\/wp\/v2\/media?parent=22456"}],"wp:term":[{"taxonomy":"product_brand","embeddable":true,"href":"https:\/\/seecon.de\/en\/wp-json\/wp\/v2\/product_brand?post=22456"},{"taxonomy":"product_cat","embeddable":true,"href":"https:\/\/seecon.de\/en\/wp-json\/wp\/v2\/product_cat?post=22456"},{"taxonomy":"product_tag","embeddable":true,"href":"https:\/\/seecon.de\/en\/wp-json\/wp\/v2\/product_tag?post=22456"}],"curies":[{"name":"wp","href":"https:\/\/api.w.org\/{rel}","templated":true}]}}