{"id":22457,"date":"2026-04-14T20:30:05","date_gmt":"2026-04-14T20:30:05","guid":{"rendered":"https:\/\/seecon.de\/?post_type=product&#038;p=22457"},"modified":"2026-04-14T21:32:32","modified_gmt":"2026-04-14T21:32:32","slug":"ringdeich-und-ringschlussdeich-gruna-2","status":"publish","type":"product","link":"https:\/\/seecon.de\/en\/product\/ringdeich-und-ringschlussdeich-gruna-2\/","title":{"rendered":"RING DYKE AND RING DYKE GRUNA"},"content":{"rendered":"<p data-start=\"119\" data-end=\"325\">To protect Gruna, the HWSK Mulde provides for the repair of the existing dyke and the closing of the gap through the construction of a new ring dyke in the immediate vicinity of the village.<\/p>\n<p data-start=\"327\" data-end=\"422\">Die L\u00e4nge der Neubaustrecke betr\u00e4gt ca. 1.282 m, die Instandsetzungsstrecke ist 1.475 m lang.<\/p>\n<p data-start=\"424\" data-end=\"783\">Der Untersuchungsraum f\u00fcr die Umweltvertr\u00e4glichkeitsstudie wurde zur umfassenden Beurteilung, insbesondere der betriebsbedingten Auswirkungen, auf 404 ha festgelegt. Es fanden umfangreiche Kartierleistungen bez\u00fcglich der Biotop- und Lebensraumtypen sowie der Tiergruppen Amphibien, Reptilien, S\u00e4ugetiere, Brutv\u00f6gel und Winterg\u00e4ste sowie der Tagfalter statt.<\/p>\n<p data-start=\"785\" data-end=\"885\">In addition to the environmental impact study, the following nature conservation planning was prepared:<\/p>\n<ul data-start=\"887\" data-end=\"1157\">\n<li data-section-id=\"1pvkips\" data-start=\"887\" data-end=\"920\">Species protection law assessment<\/li>\n<li data-section-id=\"1rmpdx5\" data-start=\"921\" data-end=\"961\">Landscape conservation plan<\/li>\n<li data-section-id=\"1fnna0m\" data-start=\"962\" data-end=\"1068\">FFH-Vertr\u00e4glichkeitspr\u00fcfung f\u00fcr das Gebiet \u201eVereinigte Mulde und Muldeauen&#8220; (EU Nr. 4340-302; Nr. 65E)<\/li>\n<li data-section-id=\"1k20ut8\" data-start=\"1069\" data-end=\"1157\">SPA-Vertr\u00e4glichkeitspr\u00fcfung f\u00fcr das SPA \u201eVereinigte Mulde&#8220; (EU Nr. 4340-451; Nr. 19)<\/li>\n<\/ul>","protected":false},"excerpt":{"rendered":"<table width=\"656\">\n<tbody>\n<tr>\n<td width=\"212\"><strong>Category<\/strong><\/td>\n<\/tr>\n<tr>\n<td width=\"212\">environmental planning<\/td>\n<\/tr>\n<tr>\n<td width=\"212\"><strong>Kunde<\/strong><\/td>\n<\/tr>\n<tr>\n<td width=\"212\">Landestalsperrenverwaltung des Freistaates Sachsen, Betrieb Elbaue\/Mulde\/Untere Wei\u00dfe Elster<br \/>\nAnsprechpartner: Herr Hain<br \/>\nTelefon: +49 34206 588309<\/td>\n<\/tr>\n<tr>\n<td width=\"212\"><strong>Period<\/strong><\/td>\n<\/tr>\n<tr>\n<td width=\"212\">2018 \u2013 2023<\/td>\n<\/tr>\n<tr>\n<td width=\"212\"><strong>Performance components<\/strong><\/td>\n<\/tr>\n<tr>\n<td width=\"212\">Landscape conservation plan, FFH impact assessment, SPA impact assessment, environmental impact study, water framework directive, species protection assessment, FFH exemption assessment<\/td>\n<\/tr>\n<tr>\n<td width=\"212\"><strong>Honorar<\/strong><\/td>\n<\/tr>\n<tr>\n<td width=\"212\">246.200 EUR<\/td>\n<\/tr>\n<\/tbody>\n<\/table>","protected":false},"featured_media":22370,"template":"","meta":{"_acf_changed":false},"product_brand":[],"product_cat":[39],"product_tag":[],"class_list":{"0":"post-22457","1":"product","2":"type-product","3":"status-publish","4":"has-post-thumbnail","6":"product_cat-natur-wasser","8":"first","9":"instock","10":"shipping-taxable","11":"product-type-simple"},"acf":[],"aioseo_notices":[],"_links":{"self":[{"href":"https:\/\/seecon.de\/en\/wp-json\/wp\/v2\/product\/22457","targetHints":{"allow":["GET"]}}],"collection":[{"href":"https:\/\/seecon.de\/en\/wp-json\/wp\/v2\/product"}],"about":[{"href":"https:\/\/seecon.de\/en\/wp-json\/wp\/v2\/types\/product"}],"wp:featuredmedia":[{"embeddable":true,"href":"https:\/\/seecon.de\/en\/wp-json\/wp\/v2\/media\/22370"}],"wp:attachment":[{"href":"https:\/\/seecon.de\/en\/wp-json\/wp\/v2\/media?parent=22457"}],"wp:term":[{"taxonomy":"product_brand","embeddable":true,"href":"https:\/\/seecon.de\/en\/wp-json\/wp\/v2\/product_brand?post=22457"},{"taxonomy":"product_cat","embeddable":true,"href":"https:\/\/seecon.de\/en\/wp-json\/wp\/v2\/product_cat?post=22457"},{"taxonomy":"product_tag","embeddable":true,"href":"https:\/\/seecon.de\/en\/wp-json\/wp\/v2\/product_tag?post=22457"}],"curies":[{"name":"wp","href":"https:\/\/api.w.org\/{rel}","templated":true}]}}